{"id":1147,"date":"2025-04-03T00:57:11","date_gmt":"2025-04-02T22:57:11","guid":{"rendered":"https:\/\/voixducorps.com\/?page_id=1147"},"modified":"2025-04-09T01:02:51","modified_gmt":"2025-04-08T23:02:51","slug":"stage-tambour-et-fleur","status":"publish","type":"page","link":"https:\/\/voixducorps.com\/?page_id=1147","title":{"rendered":"Stage Tambour et Fleur"},"content":{"rendered":"\n<h6 class=\"wp-block-heading has-text-align-center\"><br>Voix, rythme et cr\u00e9ation de chants m\u00e9decine<\/h6>\n\n\n\n<div style=\"height:13px\" aria-hidden=\"true\" class=\"wp-block-spacer\"><\/div>\n\n\n\n<div style=\"height:30px\" aria-hidden=\"true\" class=\"wp-block-spacer\"><\/div>\n\n\n\n<h6 class=\"wp-block-heading has-text-align-left\">En pr\u00e9sentiel: Le 12 &amp; 13 avril de 10h00 \u00e0 17h00 <\/h6>\n\n\n\n<p class=\"has-text-align-left\">Dans ce stage, nous explorons la relation intrins\u00e8que entre le rythme, la voix et la cr\u00e9ativit\u00e9, trois \u00e9l\u00e9ments fondamentaux de l&rsquo;expression humaine. \u00c0 travers des exercices pratiques et des moments d\u2019aller retour entre l\u2019analyse, la compr\u00e9hension et l\u2019exp\u00e9rience, vous d\u00e9couvrirez comment donner forme et voix \u00e0 votre chant int\u00e9rieur, gr\u00e2ce au rythme qui structure l\u2018organisation de notre \u00e9mission vocale ainsi que de notre expression cr\u00e9atrice.<\/p>\n\n\n\n<h6 class=\"wp-block-heading\">Un autre stage sur le rythme sera propos\u00e9 le 30, 31 mai &amp; 1 juin<\/h6>\n\n\n\n<div style=\"height:30px\" aria-hidden=\"true\" class=\"wp-block-spacer\"><\/div>\n\n\n<div class=\"wp-block-image\">\n<figure class=\"alignleft size-large is-resized\"><img data-dominant-color=\"4169b3\" data-has-transparency=\"false\" loading=\"lazy\" decoding=\"async\" width=\"819\" height=\"1024\" sizes=\"auto, (max-width: 819px) 100vw, 819px\" src=\"https:\/\/voixducorps.com\/wp-content\/uploads\/2025\/04\/Fleurir-par-la-voix--819x1024.avif\" alt=\"\" class=\"wp-image-1155 not-transparent\" style=\"--dominant-color: #4169b3; width:422px;height:auto\" srcset=\"https:\/\/voixducorps.com\/wp-content\/uploads\/2025\/04\/Fleurir-par-la-voix--819x1024.avif 819w, https:\/\/voixducorps.com\/wp-content\/uploads\/2025\/04\/Fleurir-par-la-voix--240x300.avif 240w, https:\/\/voixducorps.com\/wp-content\/uploads\/2025\/04\/Fleurir-par-la-voix--768x960.avif 768w, https:\/\/voixducorps.com\/wp-content\/uploads\/2025\/04\/Fleurir-par-la-voix--png.avif 1080w\" \/><figcaption class=\"wp-element-caption\">Fleurir par la voix !<\/figcaption><\/figure>\n<\/div>\n\n\n<p><strong>D\u00e9roulement du stage :<\/strong><\/p>\n\n\n\n<ol class=\"wp-block-list\"><\/ol>\n\n\n\n<p>Compl\u00e9ment du travail sur le rythme avec l\u2019acc\u00e8s \u00e0 une plate-forme en ligne<\/p>\n\n\n\n<ul class=\"wp-block-list\">\n<li><strong>5 chants m\u00e9decine <\/strong>pour l\u2019apprentissage avant le pr\u00e9sentiel.<\/li>\n<\/ul>\n\n\n\n<p>Explications correspondant au contexte culturelle et \u00e0 l\u2019aspect musicale (traduction et prononciation).<\/p>\n\n\n\n<ul class=\"wp-block-list\">\n<li><strong>Des vid\u00e9os sur le rythme <\/strong>Avec des diff\u00e9rents th\u00e8mes.<\/li>\n<\/ul>\n\n\n\n<p>O Passo, tambour, maraca et autres.<\/p>\n\n\n\n<p>En direct par Zoom le 10 avril de 12h00 \u00e0 13h00.<\/p>\n\n\n\n<p><strong>Stage pr\u00e9sentiel<\/strong><\/p>\n\n\n\n<p>TAMBOUR ET FLEUR  Voix, rythme et cr\u00e9ation de chants m\u00e9decine<\/p>\n\n\n\n<p><strong>Samedi 12 et dimanche 13 avril de 10h00 \u00e0 17h00<\/strong><\/p>\n\n\n\n<p><strong>RITUEL DE SON <\/strong>un exp\u00e9rience unique pour appliquer les notions travaill\u00e9s pr\u00e9c\u00e9demment ainsi que faire de l\u2019exp\u00e9rience v\u00e9cu un espace de c\u00e9l\u00e9bration avec le groupe et \u00e0 la r\u00e9ception d\u2019un public externe.<\/p>\n\n\n\n<p><strong>Samedi soir de 19h00 \u00e0 21h00 <\/strong>dans le cadre du cercle de chant, \u00ab Celebra Y Canta \u00bb.<\/p>\n\n\n\n<p>Dans le m\u00eame lieu que le stage.<\/p>\n\n\n\n<div style=\"height:60px\" aria-hidden=\"true\" class=\"wp-block-spacer\"><\/div>\n\n\n\n<ul class=\"wp-block-list\">\n<li><strong>\u00c0 qui s&rsquo;adresse ce stage ?<\/strong><\/li>\n<\/ul>\n\n\n\n<p>Ce stage est dirig\u00e9 vers toute femme qui cherche \u00e0 :<\/p>\n\n\n\n<ul class=\"wp-block-list\">\n<li>Lib\u00e9rer sa cr\u00e9ativit\u00e9<\/li>\n\n\n\n<li>R\u00e9veiller sa vitalit\u00e9<\/li>\n\n\n\n<li>Chanter s\u2019accompagner avec aisance<\/li>\n\n\n\n<li>Se retrouver avec une tribu bienveillante<\/li>\n\n\n\n<li>Conna\u00eetre des techniques \u00e0 travers une p\u00e9dagogie du corps<\/li>\n\n\n\n<li>D\u00e9couvrir sa musicalit\u00e9<\/li>\n\n\n\n<li>D\u00e9couvrir des chants m\u00e9decine d\u2019Am\u00e9rique latine et ses rythmes<\/li>\n<\/ul>\n\n\n\n<div style=\"height:30px\" aria-hidden=\"true\" class=\"wp-block-spacer\"><\/div>\n\n\n<div class=\"wp-block-image\">\n<figure class=\"alignright size-large is-resized\"><img data-dominant-color=\"4169b3\" data-has-transparency=\"false\" loading=\"lazy\" decoding=\"async\" width=\"819\" height=\"1024\" sizes=\"auto, (max-width: 819px) 100vw, 819px\" src=\"https:\/\/voixducorps.com\/wp-content\/uploads\/2025\/04\/Fleurir-par-la-voix-1-1-819x1024.avif\" alt=\"Tambour et fleur 30, 31 mai et 1 juin\" class=\"wp-image-1216 not-transparent\" style=\"--dominant-color: #4169b3; width:408px;height:auto\" srcset=\"https:\/\/voixducorps.com\/wp-content\/uploads\/2025\/04\/Fleurir-par-la-voix-1-1-819x1024.avif 819w, https:\/\/voixducorps.com\/wp-content\/uploads\/2025\/04\/Fleurir-par-la-voix-1-1-240x300.avif 240w, https:\/\/voixducorps.com\/wp-content\/uploads\/2025\/04\/Fleurir-par-la-voix-1-1-768x960.avif 768w, https:\/\/voixducorps.com\/wp-content\/uploads\/2025\/04\/Fleurir-par-la-voix-1-1-png.avif 1080w\" \/><\/figure>\n<\/div>\n\n\n<p><strong>Th\u00e8mes<\/strong><strong> du Stage :<\/strong><\/p>\n\n\n\n<ul class=\"wp-block-list\">\n<li><strong>Introduction au Rythme :<\/strong> Comprendre les bases du rythme et son r\u00f4le dans l\u2019intime perception du corps et de la musique.<\/li>\n\n\n\n<li><strong>Le Rythme \u00e9l\u00e9mentaire<\/strong>. La Pulse, les fondations d\u2019un espace d\u2019expression.<\/li>\n\n\n\n<li><strong>Technique <\/strong><strong>v<\/strong><strong>ocale <\/strong><strong>somatique pour explorer la puissance vocale<\/strong><strong>:<\/strong> Lib\u00e8re la sorci\u00e8re qui habite chez vous&nbsp;! Projection ou une autre forme d\u2019\u00e9couter et \u00e9mettre?. La boucle audio-phonatoire.<\/li>\n\n\n\n<li><strong>Abordage de la cr\u00e9ation de chants m\u00e9decine&nbsp;:<\/strong> Approche exp\u00e9rientiel destin\u00e9 a tout public, musicienne et chanteur ou pas.<\/li>\n\n\n\n<li><strong>Exercices Pratiques :<\/strong> Mise en pratique des techniques \u00e0 travers des jeux rythmiques et des chants m\u00e9decine. Les percussions mineurs, l\u2019improvisation musicale. Jeux et jouissance vocale.<\/li>\n\n\n\n<li><strong>Analyse Technique :<\/strong> D\u00e9couvrir les <strong>sch\u00e9mas rythmiques d<\/strong><strong>e<\/strong><strong> diff\u00e9rentes cultures.<\/strong><\/li>\n\n\n\n<li><strong>Donner forme \u00e0 une cr\u00e9ation personnelle.<\/strong><\/li>\n<\/ul>\n\n\n\n<div style=\"height:30px\" aria-hidden=\"true\" class=\"wp-block-spacer\"><\/div>\n\n\n\n<p><strong>\u00c9l\u00e9ments Ludiques :<\/strong><\/p>\n\n\n\n<ul class=\"wp-block-list\">\n<li><strong>Jeux Rythmiques :<\/strong> Exercices interactifs pour d\u00e9velopper le sens du rythme.<\/li>\n\n\n\n<li><strong>Improvisations Vocales :<\/strong> Sessions d&rsquo;improvisation pour explorer une cr\u00e9ativit\u00e9 vocale organis\u00e9.<\/li>\n<\/ul>\n\n\n\n<div style=\"height:30px\" aria-hidden=\"true\" class=\"wp-block-spacer\"><\/div>\n\n\n\n<p><strong>B\u00e9n\u00e9fices Neuronaux <\/strong><strong>du travail avec le rythme<\/strong><strong>:<\/strong><\/p>\n\n\n\n<ul class=\"wp-block-list\">\n<li><strong>R\u00e9duction du Stress :<\/strong> Le travail rythmique et vocal favorise la production d&rsquo;hormones du bien-\u00eatre.<\/li>\n\n\n\n<li><strong>Am\u00e9lioration de la M\u00e9moire :<\/strong> Stimule les zones du cerveau li\u00e9es \u00e0 la m\u00e9moire et \u00e0 l&rsquo;apprentissage.<\/li>\n\n\n\n<li><strong>Renforcement de la Confiance en Soi :<\/strong> D\u00e9veloppez une meilleure ma\u00eetrise de votre voix et de votre expression corporelle et sentez vous \u00e0 votre place, dans votre corps&nbsp;!<\/li>\n<\/ul>\n\n\n\n<ul class=\"wp-block-list\">\n<li><strong>Am\u00e9lioration de la Concentration :<\/strong> Le travail rythmique stimule les zones du cerveau li\u00e9es \u00e0 l&rsquo;attention et \u00e0 la m\u00e9moire.<\/li>\n<\/ul>\n\n\n\n<div style=\"height:30px\" aria-hidden=\"true\" class=\"wp-block-spacer\"><\/div>\n\n\n\n<p><strong>Le lieu<\/strong><\/p>\n\n\n\n<p class=\"has-text-align-center\">Le 6B<\/p>\n\n\n\n<p class=\"has-text-align-center\">6 Pl. Bellecour, 69002 Lyon, France.<\/p>\n\n\n\n<p class=\"has-text-align-center\">ou<\/p>\n\n\n\n<p class=\"has-text-align-center\">Le 30, 31 mai et 1er juin au 9 Rue du Pr\u00e9sident \u00c9douard Herriot<\/p>\n\n\n\n<div style=\"height:30px\" aria-hidden=\"true\" class=\"wp-block-spacer\"><\/div>\n\n\n\n<h6 class=\"wp-block-heading\">TARIF 300 \u20ac<\/h6>\n\n\n\n<div style=\"height:30px\" aria-hidden=\"true\" class=\"wp-block-spacer\"><\/div>\n\n\n\n<h6 class=\"wp-block-heading\">R\u00e9alisez votre pr\u00e9-inscription en ligne en cliquant sur le bouton ci dessous avec une acompte non remboursable de 100 \u20ac. Le reste du payement (200 \u20ac) est demand\u00e9 en liquide sur place le premier jour de stage.<\/h6>\n\n\n<p><script async\n  src=\"https:\/\/js.stripe.com\/v3\/buy-button.js\">\n<\/script><\/p>\n<p><stripe-buy-button\n  buy-button-id=\"buy_btn_1R9gTaG4HmNc0HTpkIAB9Rbh\"\n  publishable-key=\"pk_live_51Q8htCG4HmNc0HTpUHGnvynRZRIeMkCVhsVspuuidv5FwpZvoF0LO42YfaMyBUc1DMNfCRs0Kg6pW1Ji1P61Pwrz00k4UQ1Awt\"\n><br \/>\n<\/stripe-buy-button><\/p>\n\n\n\n<div style=\"height:30px\" aria-hidden=\"true\" class=\"wp-block-spacer\"><\/div>\n\n\n\n<p><strong>Commentaires importants :<\/strong><\/p>\n\n\n\n<ol start=\"2\" class=\"wp-block-list\">\n<li><\/li>\n<\/ol>\n\n\n\n<ul class=\"wp-block-list\">\n<li>Suite \u00e0 votre paiement en ligne confirmez votre inscription par mail, vous allez recevoir le lien pour avoir acc\u00e8s \u00e0 la plate-forme en ligne plus les code porte du week-end pour bien arriver \u00e0 la salle.<\/li>\n\n\n\n<li>Dimanche 13 nous allons d\u00e9marrer la journ\u00e9e entre 9 et 9h30 (cela sera accord\u00e9 \u00e0 la fin de la journ\u00e9e du samedi et cela s&rsquo;applique aux dates du 30, 31 &amp; 1 juin).<\/li>\n\n\n\n<li>Vous \u00eates invit\u00e9 \u00e0 apporter les instruments, \u00e9l\u00e9ments sonores, de votre choix.<\/li>\n<\/ul>\n\n\n\n<div style=\"height:30px\" aria-hidden=\"true\" class=\"wp-block-spacer\"><\/div>\n\n\n\n<div style=\"height:30px\" aria-hidden=\"true\" class=\"wp-block-spacer\"><\/div>\n\n\n\n<p class=\"has-text-align-center\">Avec grand plaisir de battre le rythme du printemps ensemble!<\/p>\n\n\n\n<p><\/p>\n","protected":false},"excerpt":{"rendered":"<p>Voix, rythme et cr\u00e9ation de chants m\u00e9decine En pr\u00e9sentiel: Le 12 &amp; 13 avril de 10h00 \u00e0 17h00 Dans ce stage, nous explorons la relation intrins\u00e8que entre le rythme, la voix et la cr\u00e9ativit\u00e9, trois \u00e9l\u00e9ments fondamentaux de l&rsquo;expression humaine. \u00c0 travers des exercices pratiques et des moments d\u2019aller retour entre l\u2019analyse, la compr\u00e9hension et l\u2019exp\u00e9rience, vous d\u00e9couvrirez comment donner forme et voix \u00e0 votre chant int\u00e9rieur, gr\u00e2ce au rythme qui structure l\u2018organisation de notre \u00e9mission vocale ainsi que de notre expression cr\u00e9atrice. Un autre stage sur le rythme sera propos\u00e9 le 30, 31 mai &amp; 1 juin D\u00e9roulement du stage : Compl\u00e9ment du travail sur le rythme avec l\u2019acc\u00e8s \u00e0 une plate-forme en ligne Explications correspondant au contexte culturelle et \u00e0 l\u2019aspect musicale (traduction et prononciation). O Passo, tambour, maraca et autres. En direct par Zoom le 10 avril de 12h00 \u00e0 13h00. Stage pr\u00e9sentiel TAMBOUR ET FLEUR Voix, rythme et cr\u00e9ation de chants m\u00e9decine Samedi 12 et dimanche 13 avril de 10h00 \u00e0 17h00 RITUEL DE SON un exp\u00e9rience unique pour appliquer les notions travaill\u00e9s pr\u00e9c\u00e9demment ainsi que faire de l\u2019exp\u00e9rience v\u00e9cu un espace de c\u00e9l\u00e9bration avec le groupe et \u00e0 la r\u00e9ception d\u2019un public externe. Samedi soir de 19h00 \u00e0 21h00 dans le cadre du cercle de chant, \u00ab Celebra Y Canta \u00bb. Dans le m\u00eame lieu que le stage. Ce stage est dirig\u00e9 vers toute femme qui cherche \u00e0 : Th\u00e8mes du Stage : \u00c9l\u00e9ments Ludiques : B\u00e9n\u00e9fices Neuronaux du travail avec le rythme: Le lieu Le 6B 6 Pl. Bellecour, 69002 Lyon, France. ou Le 30, 31 mai et 1er juin au 9 Rue du Pr\u00e9sident \u00c9douard Herriot TARIF 300 \u20ac R\u00e9alisez votre pr\u00e9-inscription en ligne en cliquant sur le bouton ci dessous avec une acompte non remboursable de 100 \u20ac. Le reste du payement (200 \u20ac) est demand\u00e9 en liquide sur place le premier jour de stage. Commentaires importants : Avec grand plaisir de battre le rythme du printemps ensemble!<\/p>\n","protected":false},"author":2,"featured_media":0,"parent":0,"menu_order":0,"comment_status":"closed","ping_status":"closed","template":"","meta":{"footnotes":""},"class_list":["post-1147","page","type-page","status-publish","hentry"],"_links":{"self":[{"href":"https:\/\/voixducorps.com\/index.php?rest_route=\/wp\/v2\/pages\/1147","targetHints":{"allow":["GET"]}}],"collection":[{"href":"https:\/\/voixducorps.com\/index.php?rest_route=\/wp\/v2\/pages"}],"about":[{"href":"https:\/\/voixducorps.com\/index.php?rest_route=\/wp\/v2\/types\/page"}],"author":[{"embeddable":true,"href":"https:\/\/voixducorps.com\/index.php?rest_route=\/wp\/v2\/users\/2"}],"replies":[{"embeddable":true,"href":"https:\/\/voixducorps.com\/index.php?rest_route=%2Fwp%2Fv2%2Fcomments&post=1147"}],"version-history":[{"count":57,"href":"https:\/\/voixducorps.com\/index.php?rest_route=\/wp\/v2\/pages\/1147\/revisions"}],"predecessor-version":[{"id":1251,"href":"https:\/\/voixducorps.com\/index.php?rest_route=\/wp\/v2\/pages\/1147\/revisions\/1251"}],"wp:attachment":[{"href":"https:\/\/voixducorps.com\/index.php?rest_route=%2Fwp%2Fv2%2Fmedia&parent=1147"}],"curies":[{"name":"wp","href":"https:\/\/api.w.org\/{rel}","templated":true}]}}