{"id":1326,"date":"2025-04-29T18:48:31","date_gmt":"2025-04-29T16:48:31","guid":{"rendered":"https:\/\/voixducorps.com\/?page_id=1326"},"modified":"2025-04-30T00:07:09","modified_gmt":"2025-04-29T22:07:09","slug":"tambour-et-fleur","status":"publish","type":"page","link":"https:\/\/voixducorps.com\/?page_id=1326","title":{"rendered":"TAMBOUR ET FLEUR"},"content":{"rendered":"\n<p class=\"has-text-align-center\"><strong>Voix, r<\/strong><strong>ythme <\/strong><strong>et c\u00e9l\u00e9bration<\/strong><\/p>\n\n\n\n<h6 class=\"wp-block-heading has-text-align-center\"><br><strong>En pr\u00e9sentiel du vendredi 30 au dimanche 1 juin de 10h00 \u00e0 17h00<\/strong><\/h6>\n\n\n\n<div style=\"height:30px\" aria-hidden=\"true\" class=\"wp-block-spacer\"><\/div>\n\n\n<div class=\"wp-block-image\">\n<figure class=\"aligncenter size-large is-resized\"><img data-dominant-color=\"4267b9\" data-has-transparency=\"false\" loading=\"lazy\" decoding=\"async\" width=\"1024\" height=\"576\" sizes=\"auto, (max-width: 1024px) 100vw, 1024px\" src=\"https:\/\/voixducorps.com\/wp-content\/uploads\/2025\/04\/Evenement-Facebook-1024x576.avif\" alt=\"Tambour &amp; Fleur\" class=\"wp-image-1332 not-transparent\" style=\"--dominant-color: #4267b9; width:428px;height:auto\" srcset=\"https:\/\/voixducorps.com\/wp-content\/uploads\/2025\/04\/Evenement-Facebook-1024x576.avif 1024w, https:\/\/voixducorps.com\/wp-content\/uploads\/2025\/04\/Evenement-Facebook-300x169.avif 300w, https:\/\/voixducorps.com\/wp-content\/uploads\/2025\/04\/Evenement-Facebook-768x432.avif 768w, https:\/\/voixducorps.com\/wp-content\/uploads\/2025\/04\/Evenement-Facebook-1536x864.avif 1536w, https:\/\/voixducorps.com\/wp-content\/uploads\/2025\/04\/Evenement-Facebook-1140x641.avif 1140w, https:\/\/voixducorps.com\/wp-content\/uploads\/2025\/04\/Evenement-Facebook.avif 1920w\" \/><figcaption class=\"wp-element-caption\">Stage de voix et rythme<\/figcaption><\/figure>\n<\/div>\n\n\n<div style=\"height:30px\" aria-hidden=\"true\" class=\"wp-block-spacer\"><\/div>\n\n\n\n<p class=\"has-text-align-center\">Dans ce stage nous explorons la relation intrins\u00e8que entre le rythme et la voix, deux \u00e9l\u00e9ments fondateurs de l&rsquo;expression humaine.<\/p>\n\n\n\n<p class=\"has-text-align-center\">\u00c0 travers des exercices pratiques pour d\u00e9couvrir et explorer certains percussions mineurs, body rythme, maracas, caxixis, tambour de main, vous d\u00e9couvrirez comment donner forme \u00e0 l\u2019art de chanter s\u2019accompagner, explorant l\u2019sph\u00e8re du chant collectif et cr\u00e9atif, gr\u00e2ce au rythme qui structure l\u2018organisation de notre \u00e9mission vocale ainsi que de notre expression cr\u00e9atrice.<\/p>\n\n\n\n<div style=\"height:30px\" aria-hidden=\"true\" class=\"wp-block-spacer\"><\/div>\n\n\n\n<div style=\"height:30px\" aria-hidden=\"true\" class=\"wp-block-spacer\"><\/div>\n\n\n\n<p><strong>D<\/strong><strong>\u00e9roulement <\/strong><strong>du<\/strong><strong> stage&nbsp;:<\/strong><\/p>\n\n\n\n<p>Stage pr\u00e9sentiel TAMBOUR ET FLEUR- Voix, rythme, chants et musiques improvis\u00e9es.<\/p>\n\n\n\n<div style=\"height:28px\" aria-hidden=\"true\" class=\"wp-block-spacer\"><\/div>\n\n\n\n<p><strong>Th\u00e8mes<\/strong><strong> du Stage :<\/strong><\/p>\n\n\n\n<ul class=\"wp-block-list\">\n<li>Introduction au Rythme : Comprendre les bases du rythme et son r\u00f4le dans l\u2019intime perception du corps et de la musique.<\/li>\n\n\n\n<li>Le Rythme \u00e9l\u00e9mentaire. La Pulse, les fondations d\u2019un espace d\u2019expression.<\/li>\n\n\n\n<li>Technique vocale somatique pour explorer la puissance vocale: Lib\u00e8re la sorci\u00e8re qui habite chez vous&nbsp;! Projection ou une autre forme d\u2019\u00e9couter et \u00e9mettre?. La boucle audio-phonatoire.<\/li>\n\n\n\n<li>Musiques collectives des diff\u00e9rents traditions d\u2019Am\u00e9rique latine et musiques improvis\u00e9es.<\/li>\n\n\n\n<li>Exercices Pratiques : Mise en pratique des techniques \u00e0 travers des jeux rythmiques et des chants m\u00e9decine. Les percussions mineurs, l\u2019improvisation musicale. Jeux et jouissance vocale.<\/li>\n\n\n\n<li>Analyse Technique : D\u00e9couvrir les sch\u00e9mas rythmiques de diff\u00e9rentes cultures.<\/li>\n<\/ul>\n\n\n\n<div style=\"height:30px\" aria-hidden=\"true\" class=\"wp-block-spacer\"><\/div>\n\n\n\n<p><strong>\u00c9l\u00e9ments Ludiques :<\/strong><\/p>\n\n\n\n<ul class=\"wp-block-list\">\n<li><strong>Jeux Rythmiques :<\/strong> Exercices interactifs pour d\u00e9velopper le sens du rythme.<\/li>\n\n\n\n<li><strong>Improvisations Vocales :<\/strong> Sessions d&rsquo;improvisation pour explorer une cr\u00e9ativit\u00e9 vocale ludique, inspir\u00e9e et organis\u00e9.<\/li>\n<\/ul>\n\n\n\n<div style=\"height:30px\" aria-hidden=\"true\" class=\"wp-block-spacer\"><\/div>\n\n\n\n<h5 class=\"wp-block-heading\">L&rsquo;inscription<\/h5>\n\n\n\n<h6 class=\"wp-block-heading\">Tarif : 300 \u20ac<\/h6>\n\n\n\n<p>Inscription en ligne, en cliquant sur le bouton de payement qui s&rsquo;affiche en bas. L&rsquo;inscription se fais avec un versement en ligne des arrhes, correspondant \u00e0 100 \u20ac (non remboursable). <\/p>\n\n\n\n<p>Le paiement du compl\u00e9ment, soit 200 \u20ac, se fera en esp\u00e8ce sur place le vendredi 30 mai \u00e0 la fin de la journ\u00e9e.<\/p>\n\n\n\n<p>Suite \u00e0 votre payement je vous remercie de faire un message en confirmant votre inscription soit par mail soit par WhatsApp.<\/p>\n\n\n<p><script async\n  src=\"https:\/\/js.stripe.com\/v3\/buy-button.js\">\n<\/script><\/p>\n<p><stripe-buy-button\n  buy-button-id=\"buy_btn_1RJLuiG4HmNc0HTpUazsloar\"\n  publishable-key=\"pk_live_51Q8htCG4HmNc0HTpUHGnvynRZRIeMkCVhsVspuuidv5FwpZvoF0LO42YfaMyBUc1DMNfCRs0Kg6pW1Ji1P61Pwrz00k4UQ1Awt\"\n><br \/>\n<\/stripe-buy-button><\/p>\n\n\n\n<p>Pour plus d&rsquo;information contactez vous au + 33 6 52 10 77 71<\/p>\n\n\n\n<div style=\"height:30px\" aria-hidden=\"true\" class=\"wp-block-spacer\"><\/div>\n\n\n\n<p><strong>Le lieu<\/strong><\/p>\n\n\n\n<p><strong>9 Rue du Pr\u00e9sident \u00c9douard Herriot, 69001 Lyon.<\/strong><\/p>\n\n\n\n<div style=\"height:30px\" aria-hidden=\"true\" class=\"wp-block-spacer\"><\/div>\n\n\n\n<p class=\"has-text-align-center\">Je vous attends pour c\u00e9l\u00e9brer avec la voix et le rythme, ensemble!<\/p>\n\n\n\n<p class=\"has-text-align-center\">Natalia<\/p>\n\n\n\n<p><\/p>\n","protected":false},"excerpt":{"rendered":"<p>Voix, rythme et c\u00e9l\u00e9bration En pr\u00e9sentiel du vendredi 30 au dimanche 1 juin de 10h00 \u00e0 17h00 Dans ce stage nous explorons la relation intrins\u00e8que entre le rythme et la voix, deux \u00e9l\u00e9ments fondateurs de l&rsquo;expression humaine. \u00c0 travers des exercices pratiques pour d\u00e9couvrir et explorer certains percussions mineurs, body rythme, maracas, caxixis, tambour de main, vous d\u00e9couvrirez comment donner forme \u00e0 l\u2019art de chanter s\u2019accompagner, explorant l\u2019sph\u00e8re du chant collectif et cr\u00e9atif, gr\u00e2ce au rythme qui structure l\u2018organisation de notre \u00e9mission vocale ainsi que de notre expression cr\u00e9atrice. D\u00e9roulement du stage&nbsp;: Stage pr\u00e9sentiel TAMBOUR ET FLEUR- Voix, rythme, chants et musiques improvis\u00e9es. Th\u00e8mes du Stage : \u00c9l\u00e9ments Ludiques : L&rsquo;inscription Tarif : 300 \u20ac Inscription en ligne, en cliquant sur le bouton de payement qui s&rsquo;affiche en bas. L&rsquo;inscription se fais avec un versement en ligne des arrhes, correspondant \u00e0 100 \u20ac (non remboursable). Le paiement du compl\u00e9ment, soit 200 \u20ac, se fera en esp\u00e8ce sur place le vendredi 30 mai \u00e0 la fin de la journ\u00e9e. Suite \u00e0 votre payement je vous remercie de faire un message en confirmant votre inscription soit par mail soit par WhatsApp. Pour plus d&rsquo;information contactez vous au + 33 6 52 10 77 71 Le lieu 9 Rue du Pr\u00e9sident \u00c9douard Herriot, 69001 Lyon. Je vous attends pour c\u00e9l\u00e9brer avec la voix et le rythme, ensemble! Natalia<\/p>\n","protected":false},"author":2,"featured_media":0,"parent":46,"menu_order":0,"comment_status":"closed","ping_status":"closed","template":"","meta":{"footnotes":""},"class_list":["post-1326","page","type-page","status-publish","hentry"],"_links":{"self":[{"href":"https:\/\/voixducorps.com\/index.php?rest_route=\/wp\/v2\/pages\/1326","targetHints":{"allow":["GET"]}}],"collection":[{"href":"https:\/\/voixducorps.com\/index.php?rest_route=\/wp\/v2\/pages"}],"about":[{"href":"https:\/\/voixducorps.com\/index.php?rest_route=\/wp\/v2\/types\/page"}],"author":[{"embeddable":true,"href":"https:\/\/voixducorps.com\/index.php?rest_route=\/wp\/v2\/users\/2"}],"replies":[{"embeddable":true,"href":"https:\/\/voixducorps.com\/index.php?rest_route=%2Fwp%2Fv2%2Fcomments&post=1326"}],"version-history":[{"count":19,"href":"https:\/\/voixducorps.com\/index.php?rest_route=\/wp\/v2\/pages\/1326\/revisions"}],"predecessor-version":[{"id":1351,"href":"https:\/\/voixducorps.com\/index.php?rest_route=\/wp\/v2\/pages\/1326\/revisions\/1351"}],"up":[{"embeddable":true,"href":"https:\/\/voixducorps.com\/index.php?rest_route=\/wp\/v2\/pages\/46"}],"wp:attachment":[{"href":"https:\/\/voixducorps.com\/index.php?rest_route=%2Fwp%2Fv2%2Fmedia&parent=1326"}],"curies":[{"name":"wp","href":"https:\/\/api.w.org\/{rel}","templated":true}]}}