{"id":151,"date":"2024-03-14T01:03:38","date_gmt":"2024-03-14T00:03:38","guid":{"rendered":"https:\/\/voixducorps.com\/?page_id=151"},"modified":"2025-01-05T14:45:07","modified_gmt":"2025-01-05T13:45:07","slug":"voix-medecine-infinita","status":"publish","type":"page","link":"https:\/\/voixducorps.com\/?page_id=151","title":{"rendered":"Voix m\u00e9decine &#8211; Infinita"},"content":{"rendered":"\n<h2 class=\"wp-block-heading has-text-align-center\">Stage de Voix et chants M\u00e9decine, rythme et tambour<\/h2>\n\n\n\n<figure class=\"wp-block-image size-large is-resized\"><img data-dominant-color=\"484644\" data-has-transparency=\"false\" loading=\"lazy\" decoding=\"async\" width=\"1024\" height=\"1024\" sizes=\"auto, (max-width: 1024px) 100vw, 1024px\" src=\"https:\/\/voixducorps.com\/wp-content\/uploads\/2024\/03\/Voix-medecine-1024x1024.webp\" alt=\"\" class=\"wp-image-152 not-transparent\" style=\"--dominant-color: #484644; width:836px;height:auto\" srcset=\"https:\/\/voixducorps.com\/wp-content\/uploads\/2024\/03\/Voix-medecine-1024x1024.webp 1024w, https:\/\/voixducorps.com\/wp-content\/uploads\/2024\/03\/Voix-medecine-300x300.webp 300w, https:\/\/voixducorps.com\/wp-content\/uploads\/2024\/03\/Voix-medecine-150x150.webp 150w, https:\/\/voixducorps.com\/wp-content\/uploads\/2024\/03\/Voix-medecine-768x768.webp 768w, https:\/\/voixducorps.com\/wp-content\/uploads\/2024\/03\/Voix-medecine-1536x1536.webp 1536w, https:\/\/voixducorps.com\/wp-content\/uploads\/2024\/03\/Voix-medecine-1140x1140.webp 1140w, https:\/\/voixducorps.com\/wp-content\/uploads\/2024\/03\/Voix-medecine-75x75.webp 75w, https:\/\/voixducorps.com\/wp-content\/uploads\/2024\/03\/Voix-medecine-jpg.webp 2025w\" \/><\/figure>\n\n\n<p style=\"text-align: center;\"><strong>\u00ab VOIX et chants M\u00c9DECINE &#8211; RYTHME et TAMBOUR \u00bb<\/strong><br \/><strong>Paris 30 et 31 mars<\/strong><br \/><strong>Caelo Yoga<\/strong><br \/>Un rencontre de week-end unique pour travailler dans un ensemble vocal f\u00e9minin LA VOIX M\u00c9DECINE, les chants et le rythme dans le corps, le tambour pour trouver le pouvoir int\u00e9rieur et s\u2019approprier de cet source d\u2019\u00e9nergie qui nos accompagne depuis la naissance, \u00e0 partir du battement du c\u0153ur et depuis nos premiers ages dans la marche. Si nous marchons, si nous parlons, pour quoi pas retrouver le sens du rythme depuis sa propre exp\u00e9rience?<br \/>Tout est m\u00e9moire dans la peau.<br \/>Cet stage appartient au programme d\u2019accompagnement pour femmes<br \/><strong>INFINITA VOIX et Cr\u00e9ativit\u00e9<\/strong>,<br \/>Le focus du travail se poserait sur le dialogue avec les instruments rythmiques.<br \/>Pour les femmes qui souhaitent avoir un espace pour laisser sortir ce qu\u2019ils sont a qu\u2019elles ont \u00e0 dire et \u00e0 chanter.<br \/>Une proposition pour apprendre \u00e0 \u00eatre l\u2019actrice de sa voix-voie, s\u2019autoriser cr\u00e9atrice de beaut\u00e9 et se permettre de caresser son espace symbolique \u00e0 travers la voix et le geste musical.<br \/>Une dynamique unique dans laquelle l\u2019apprentissage et le plaisir vont ensemble.<\/p>\n\n\n<figure class=\"wp-block-image size-large\"><img data-dominant-color=\"aa79a7\" data-has-transparency=\"false\" style=\"--dominant-color: #aa79a7;\" loading=\"lazy\" decoding=\"async\" width=\"1024\" height=\"1024\" sizes=\"auto, (max-width: 1024px) 100vw, 1024px\" src=\"https:\/\/voixducorps.com\/wp-content\/uploads\/2024\/03\/2-1024x1024.webp\" alt=\"\" class=\"wp-image-153 not-transparent\" srcset=\"https:\/\/voixducorps.com\/wp-content\/uploads\/2024\/03\/2-1024x1024.webp 1024w, https:\/\/voixducorps.com\/wp-content\/uploads\/2024\/03\/2-300x300.webp 300w, https:\/\/voixducorps.com\/wp-content\/uploads\/2024\/03\/2-150x150.webp 150w, https:\/\/voixducorps.com\/wp-content\/uploads\/2024\/03\/2-768x768.webp 768w, https:\/\/voixducorps.com\/wp-content\/uploads\/2024\/03\/2-1536x1536.webp 1536w, https:\/\/voixducorps.com\/wp-content\/uploads\/2024\/03\/2-1140x1140.webp 1140w, https:\/\/voixducorps.com\/wp-content\/uploads\/2024\/03\/2-75x75.webp 75w, https:\/\/voixducorps.com\/wp-content\/uploads\/2024\/03\/2-jpg.webp 2025w\" \/><\/figure>\n\n\n\n<p class=\"has-text-align-center\"><strong>Pour r\u00e9server votre place, avec une acompte de 70 \u20ac sur le lien PayPal :<\/strong><\/p>\n\n\n\n<p class=\"has-text-align-center\"><a href=\"https:\/\/paypal.me\/lavoixducorps\" target=\"_blank\" rel=\"noreferrer noopener\">https:\/\/paypal.me\/lavoixducorps<\/a><\/p>\n\n\n\n<p class=\"has-text-align-center\"><strong>Avec plaisir de vivre cette exp\u00e9rience ensemble!<\/strong><\/p>\n\n\n\n<p class=\"has-text-align-center\"><strong>Natalia Magliano<\/strong><\/p>\n\n\n\n<p class=\"has-text-align-center\"><strong>Flora Mata<\/strong><\/p>\n\n\n\n<div class=\"wp-block-buttons is-layout-flex wp-block-buttons-is-layout-flex\"><\/div>\n","protected":false},"excerpt":{"rendered":"<p>Stage de Voix et chants M\u00e9decine, rythme et tambour \u00ab VOIX et chants M\u00c9DECINE &#8211; RYTHME et TAMBOUR \u00bbParis 30 et 31 marsCaelo YogaUn rencontre de week-end unique pour travailler dans un ensemble vocal f\u00e9minin LA VOIX M\u00c9DECINE, les chants et le rythme dans le corps, le tambour pour trouver le pouvoir int\u00e9rieur et s\u2019approprier de cet source d\u2019\u00e9nergie qui nos accompagne depuis la naissance, \u00e0 partir du battement du c\u0153ur et depuis nos premiers ages dans la marche. Si nous marchons, si nous parlons, pour quoi pas retrouver le sens du rythme depuis sa propre exp\u00e9rience?Tout est m\u00e9moire dans la peau.Cet stage appartient au programme d\u2019accompagnement pour femmesINFINITA VOIX et Cr\u00e9ativit\u00e9,Le focus du travail se poserait sur le dialogue avec les instruments rythmiques.Pour les femmes qui souhaitent avoir un espace pour laisser sortir ce qu\u2019ils sont a qu\u2019elles ont \u00e0 dire et \u00e0 chanter.Une proposition pour apprendre \u00e0 \u00eatre l\u2019actrice de sa voix-voie, s\u2019autoriser cr\u00e9atrice de beaut\u00e9 et se permettre de caresser son espace symbolique \u00e0 travers la voix et le geste musical.Une dynamique unique dans laquelle l\u2019apprentissage et le plaisir vont ensemble. Pour r\u00e9server votre place, avec une acompte de 70 \u20ac sur le lien PayPal : https:\/\/paypal.me\/lavoixducorps Avec plaisir de vivre cette exp\u00e9rience ensemble! Natalia Magliano Flora Mata<\/p>\n","protected":false},"author":2,"featured_media":0,"parent":392,"menu_order":0,"comment_status":"closed","ping_status":"closed","template":"","meta":{"footnotes":""},"class_list":["post-151","page","type-page","status-publish","hentry"],"_links":{"self":[{"href":"https:\/\/voixducorps.com\/index.php?rest_route=\/wp\/v2\/pages\/151","targetHints":{"allow":["GET"]}}],"collection":[{"href":"https:\/\/voixducorps.com\/index.php?rest_route=\/wp\/v2\/pages"}],"about":[{"href":"https:\/\/voixducorps.com\/index.php?rest_route=\/wp\/v2\/types\/page"}],"author":[{"embeddable":true,"href":"https:\/\/voixducorps.com\/index.php?rest_route=\/wp\/v2\/users\/2"}],"replies":[{"embeddable":true,"href":"https:\/\/voixducorps.com\/index.php?rest_route=%2Fwp%2Fv2%2Fcomments&post=151"}],"version-history":[{"count":6,"href":"https:\/\/voixducorps.com\/index.php?rest_route=\/wp\/v2\/pages\/151\/revisions"}],"predecessor-version":[{"id":396,"href":"https:\/\/voixducorps.com\/index.php?rest_route=\/wp\/v2\/pages\/151\/revisions\/396"}],"up":[{"embeddable":true,"href":"https:\/\/voixducorps.com\/index.php?rest_route=\/wp\/v2\/pages\/392"}],"wp:attachment":[{"href":"https:\/\/voixducorps.com\/index.php?rest_route=%2Fwp%2Fv2%2Fmedia&parent=151"}],"curies":[{"name":"wp","href":"https:\/\/api.w.org\/{rel}","templated":true}]}}