{"id":1754,"date":"2025-10-06T17:31:46","date_gmt":"2025-10-06T15:31:46","guid":{"rendered":"https:\/\/voixducorps.com\/?page_id=1754"},"modified":"2025-11-10T23:38:54","modified_gmt":"2025-11-10T22:38:54","slug":"cacao-des-fleurs","status":"publish","type":"page","link":"https:\/\/voixducorps.com\/?page_id=1754","title":{"rendered":"Cacao des fleurs"},"content":{"rendered":"\n<h4 class=\"wp-block-heading has-text-align-center\">Une c\u00e9l\u00e9bration sonore de reconnexion au c\u0153ur <\/h4>\n\n\n\n<div style=\"height:30px\" aria-hidden=\"true\" class=\"wp-block-spacer\"><\/div>\n\n\n<div class=\"wp-block-image\">\n<figure class=\"aligncenter size-full is-resized\"><img data-dominant-color=\"9c3620\" data-has-transparency=\"false\" loading=\"lazy\" decoding=\"async\" width=\"1920\" height=\"1080\" sizes=\"auto, (max-width: 1920px) 100vw, 1920px\" src=\"https:\/\/voixducorps.com\/wp-content\/uploads\/2025\/10\/Cacao-des-fleurs-evento-face.jpg\" alt=\"\" class=\"wp-image-1762 not-transparent\" style=\"--dominant-color: #9c3620; width:754px;height:auto\"\/><\/figure>\n<\/div>\n\n\n<div style=\"height:30px\" aria-hidden=\"true\" class=\"wp-block-spacer\"><\/div>\n\n\n\n<h6 class=\"wp-block-heading has-text-align-center\">8 Novembre de 19h00 \u00e0 21h30<\/h6>\n\n\n\n<div style=\"height:30px\" aria-hidden=\"true\" class=\"wp-block-spacer\"><\/div>\n\n\n\n<blockquote class=\"wp-block-quote is-layout-flow wp-block-quote-is-layout-flow\">\n<p>Le Cacao des fleurs vous propose un espace pour chanter ensemble, recevoir le son pour voyager avec l\u2019intelligence v\u00e9g\u00e9tal du cacao et ses bienfaits.<\/p>\n\n\n\n<div style=\"height:30px\" aria-hidden=\"true\" class=\"wp-block-spacer\"><\/div>\n<\/blockquote>\n\n\n\n<p>Ritualiser le moment, c\u00e9l\u00e9brer chaque instant qui nous est possible, red\u00e9couvrir la valeur de la nature qui nos enture dans nos terres, dans nos jardins, dans nos petites pots de fleur. Tout est vivant et nous aussi! Comme partie d\u2019une cosmogonie plus grande que celle qui est impos\u00e9 par une culture qui d\u00e9coupe, contr\u00f4le et nourri la solitude. Ce espace rituel maison, non solennelle, teint d\u2019\u00e9motion et d\u2019espoirs de vaincre le temps et l\u2019espace pour nous permettre de voyager vers notre int\u00e9riorit\u00e9, notre ancestralit\u00e9, nous reconnectant avec nos \u00e9motions.<\/p>\n\n\n\n<p>Le Cacao, cultiv\u00e9 et aim\u00e9 par diff\u00e9rents peuples, principalement ceux d\u2019Am\u00e9rique latine, il est utilis\u00e9 pour se r\u00e9unir, partager un moment de connexion \u00e0 soi int\u00e9grant l\u2019espace collectif dans un APAPACHO ou amamacho (concept mexicaine d\u2019origine nahuatl issue du mot papatzoa que \u00e7a veut dire, ramollir les fruits avec les doigts) d\u00e9fini une caresse ou c\u00e2liner affectueux, une caresse avec l\u2019\u00e2me soit physique ou \u00e9nerg\u00e9tique, permettant de vivre un moment de pr\u00e9sence et de bien \u00eatre.<\/p>\n\n\n\n<p>Apportant ses bienfaits sanguins le cacao nous invite \u00e0 la reconnexion avec notre joie et vitalit\u00e9, le l\u00e2cher-prisse et la circulation \u00e9motionnel. Id\u00e9al pour \u00e9chapper au froid de l\u2019hiver qui approche, vous \u00eates les bienvenus \u00e0 ce <strong>Cacao \u2013 c\u00e9l\u00e9bration sonore<\/strong> pour vous r\u00e9chauffe le c\u0153ur.<\/p>\n\n\n\n<p>Un espace bienveillant ouvert \u00e0 toutes et \u00e0 tous pour une exp\u00e9rience douce dont le fil de la voix sert \u00e0 tisser le lien d\u2019un voyage collectif.<\/p>\n\n\n\n<div style=\"height:30px\" aria-hidden=\"true\" class=\"wp-block-spacer\"><\/div>\n\n\n\n<h6 class=\"wp-block-heading\">Recommandations<\/h6>\n\n\n\n<p>Venir avec v\u00eatements souples et confortable, tapis de yoga et ou cousin (sur place il y a une dizaine des tapies et coussins , donc bien s&rsquo;assurer du votre confort), de quoi vous hydrater.<\/p>\n\n\n\n<p>Le jour m\u00eame, manger l\u00e9ger, ne pas boire des stimulants, alcool, caf\u00e9, mate et autres, pour l&rsquo;apr\u00e8s, r\u00e9fl\u00e9chir \u00e0 votre d\u00eener l\u00e9ger vu l&rsquo;heure de finalisation annonc\u00e9 \u00e0 21h30.<\/p>\n\n\n\n<div style=\"height:30px\" aria-hidden=\"true\" class=\"wp-block-spacer\"><\/div>\n\n\n\n<h6 class=\"wp-block-heading\">Remarque importante<\/h6>\n\n\n<div class=\"wp-block-image\">\n<figure class=\"alignright size-full is-resized\"><img data-dominant-color=\"aa2b4c\" data-has-transparency=\"false\" loading=\"lazy\" decoding=\"async\" width=\"1920\" height=\"1080\" sizes=\"auto, (max-width: 1920px) 100vw, 1920px\" src=\"https:\/\/voixducorps.com\/wp-content\/uploads\/2025\/10\/CACAO-Voixducorps.jpg\" alt=\"\" class=\"wp-image-1760 not-transparent\" style=\"--dominant-color: #aa2b4c; width:339px;height:auto\"\/><\/figure>\n<\/div>\n\n\n<p>Cette c\u00e9l\u00e9bration n\u2019a aucune valeur th\u00e9rapeutique ou m\u00e9dical, ni une intention de gu\u00e9rison autre que le bien fait \u00e9quivalent d\u2019une s\u00e9ance de m\u00e9ditation, de yoga ou d&rsquo;une pratique du physique vers le subtil. Le v\u00e9cu et les effets varient selon chaque personne et vous pouvez mettre fin \u00e0 la s\u00e9ance \u00e0 tout moment, si cela fait partie du respect de votre bien \u00eatre.<\/p>\n\n\n\n<p>Est important de remarquer que<strong> le cacao n\u2019est pas recommand\u00e9 en cas de hypertension<\/strong>. Si vous avez une doute, n\u2019h\u00e9sitez pas \u00e0 me poser des questions.<\/p>\n\n\n\n<div style=\"height:30px\" aria-hidden=\"true\" class=\"wp-block-spacer\"><\/div>\n\n\n\n<h6 class=\"wp-block-heading\">Le lieu<\/h6>\n\n\n\n<p>On vous attends dans<strong> <a href=\"https:\/\/www.le-6b.fr\/\" target=\"_blank\" rel=\"noreferrer noopener\">Le 6B Tiers-lieu<\/a><\/strong> un lieu tr\u00e8s original et inspirant car il respire d\u2019une finesse organique tout \u00e9tant au milieu du centre ville. En face \u00e0 la place Bellecour.<\/p>\n\n\n\n<p><strong>6 Pl. Bellecour 69002, Lyon<\/strong><\/p>\n\n\n\n<p>Les coordonn\u00e9es d\u2019acc\u00e8s au lieu seront envoy\u00e9 par mail suite \u00e0 votre inscription.<\/p>\n\n\n\n<div style=\"height:30px\" aria-hidden=\"true\" class=\"wp-block-spacer\"><\/div>\n\n\n\n<h6 class=\"wp-block-heading\">Horaire<\/h6>\n\n\n\n<p><strong>De 19h00 \u00e0 21h30<\/strong><\/p>\n\n\n\n<p>Vous \u00eates attendu \u00e0 partir des 18h45 pour vous installer, vous \u00eates libre de partir en tout moment, toujours en communicant cela \u00e0 quelqu\u2019un de l&rsquo;\u00e9quipe qui sera pr\u00e9sent\u00e9 sur place. L&rsquo;horaire de fin est indiqu\u00e9 21h30.<\/p>\n\n\n\n<div style=\"height:60px\" aria-hidden=\"true\" class=\"wp-block-spacer\"><\/div>\n\n\n\n<p><\/p>\n\n\n\n<div style=\"height:30px\" aria-hidden=\"true\" class=\"wp-block-spacer\"><\/div>\n\n\n\n<h6 class=\"wp-block-heading\"><\/h6>\n\n\n\n<p><\/p>\n\n\n\n<p>Une inscription en ligne est demand\u00e9e en suivant le bouton de payement ci dessous qui vous envoie vers STRIPE (plateforme de payement en ligne)<\/p>\n\n\n\n<p>Si vous avez un<strong> Code promotionnel <\/strong>\u00e9crivez le dans la page avant de valider le paiement<\/p>\n\n\n\n<div style=\"height:30px\" aria-hidden=\"true\" class=\"wp-block-spacer\"><\/div>\n\n\n\n<p>Si vous avez un doute pour votre inscription, <a href=\"https:\/\/voixducorps.com\/?page_id=632\">contactez moi<\/a><\/p>\n\n\n\n<div style=\"height:30px\" aria-hidden=\"true\" class=\"wp-block-spacer\"><\/div>\n\n\n\n<h6 class=\"wp-block-heading\">Important<\/h6>\n\n\n\n<p>Tout participation passe par une inscription au pr\u00e9alable pour que nous puisons comptabiliser la pr\u00e9paration du cacao. Merci de respecter cela et de ne pas arriver sans inscription ou contact en amont!<\/p>\n\n\n\n<p><br>Ces espaces sont propos\u00e9es r\u00e9guli\u00e8rement avec l\u2019intention du bienfait qui nous apportent la voix, le mouvement, les chants m\u00e9decine, le chant intuitif, l\u2019\u00e9coute active et la m\u00e9ditation et le plus important, la force r\u00e9paratrice d\u2019\u00eatre ensemble.<\/p>\n\n\n\n<p class=\"has-text-align-center\">Avec cette intention je vous attends pour cr\u00e9er une nouvelle forme de c\u00e9l\u00e9bration, de f\u00eate chant\u00e9e, de lien au sacr\u00e9<\/p>\n\n\n\n<p class=\"has-text-align-center\"><strong>Natalia<\/strong><\/p>\n\n\n\n<p><\/p>\n","protected":false},"excerpt":{"rendered":"<p>Une c\u00e9l\u00e9bration sonore de reconnexion au c\u0153ur 8 Novembre de 19h00 \u00e0 21h30 Ritualiser le moment, c\u00e9l\u00e9brer chaque instant qui nous est possible, red\u00e9couvrir la valeur de la nature qui nos enture dans nos terres, dans nos jardins, dans nos petites pots de fleur. Tout est vivant et nous aussi! Comme partie d\u2019une cosmogonie plus grande que celle qui est impos\u00e9 par une culture qui d\u00e9coupe, contr\u00f4le et nourri la solitude. Ce espace rituel maison, non solennelle, teint d\u2019\u00e9motion et d\u2019espoirs de vaincre le temps et l\u2019espace pour nous permettre de voyager vers notre int\u00e9riorit\u00e9, notre ancestralit\u00e9, nous reconnectant avec nos \u00e9motions. Le Cacao, cultiv\u00e9 et aim\u00e9 par diff\u00e9rents peuples, principalement ceux d\u2019Am\u00e9rique latine, il est utilis\u00e9 pour se r\u00e9unir, partager un moment de connexion \u00e0 soi int\u00e9grant l\u2019espace collectif dans un APAPACHO ou amamacho (concept mexicaine d\u2019origine nahuatl issue du mot papatzoa que \u00e7a veut dire, ramollir les fruits avec les doigts) d\u00e9fini une caresse ou c\u00e2liner affectueux, une caresse avec l\u2019\u00e2me soit physique ou \u00e9nerg\u00e9tique, permettant de vivre un moment de pr\u00e9sence et de bien \u00eatre. Apportant ses bienfaits sanguins le cacao nous invite \u00e0 la reconnexion avec notre joie et vitalit\u00e9, le l\u00e2cher-prisse et la circulation \u00e9motionnel. Id\u00e9al pour \u00e9chapper au froid de l\u2019hiver qui approche, vous \u00eates les bienvenus \u00e0 ce Cacao \u2013 c\u00e9l\u00e9bration sonore pour vous r\u00e9chauffe le c\u0153ur. Un espace bienveillant ouvert \u00e0 toutes et \u00e0 tous pour une exp\u00e9rience douce dont le fil de la voix sert \u00e0 tisser le lien d\u2019un voyage collectif. Recommandations Venir avec v\u00eatements souples et confortable, tapis de yoga et ou cousin (sur place il y a une dizaine des tapies et coussins , donc bien s&rsquo;assurer du votre confort), de quoi vous hydrater. Le jour m\u00eame, manger l\u00e9ger, ne pas boire des stimulants, alcool, caf\u00e9, mate et autres, pour l&rsquo;apr\u00e8s, r\u00e9fl\u00e9chir \u00e0 votre d\u00eener l\u00e9ger vu l&rsquo;heure de finalisation annonc\u00e9 \u00e0 21h30. Remarque importante Cette c\u00e9l\u00e9bration n\u2019a aucune valeur th\u00e9rapeutique ou m\u00e9dical, ni une intention de gu\u00e9rison autre que le bien fait \u00e9quivalent d\u2019une s\u00e9ance de m\u00e9ditation, de yoga ou d&rsquo;une pratique du physique vers le subtil. Le v\u00e9cu et les effets varient selon chaque personne et vous pouvez mettre fin \u00e0 la s\u00e9ance \u00e0 tout moment, si cela fait partie du respect de votre bien \u00eatre. Est important de remarquer que le cacao n\u2019est pas recommand\u00e9 en cas de hypertension. Si vous avez une doute, n\u2019h\u00e9sitez pas \u00e0 me poser des questions. Le lieu On vous attends dans Le 6B Tiers-lieu un lieu tr\u00e8s original et inspirant car il respire d\u2019une finesse organique tout \u00e9tant au milieu du centre ville. En face \u00e0 la place Bellecour. 6 Pl. Bellecour 69002, Lyon Les coordonn\u00e9es d\u2019acc\u00e8s au lieu seront envoy\u00e9 par mail suite \u00e0 votre inscription. Horaire De 19h00 \u00e0 21h30 Vous \u00eates attendu \u00e0 partir des 18h45 pour vous installer, vous \u00eates libre de partir en tout moment, toujours en communicant cela \u00e0 quelqu\u2019un de l&rsquo;\u00e9quipe qui sera pr\u00e9sent\u00e9 sur place. L&rsquo;horaire de fin est indiqu\u00e9 21h30. Une inscription en ligne est demand\u00e9e en suivant le bouton de payement ci dessous qui vous envoie vers STRIPE (plateforme de payement en ligne) Si vous avez un Code promotionnel \u00e9crivez le dans la page avant de valider le paiement Si vous avez un doute pour votre inscription, contactez moi Important Tout participation passe par une inscription au pr\u00e9alable pour que nous puisons comptabiliser la pr\u00e9paration du cacao. Merci de respecter cela et de ne pas arriver sans inscription ou contact en amont! Ces espaces sont propos\u00e9es r\u00e9guli\u00e8rement avec l\u2019intention du bienfait qui nous apportent la voix, le mouvement, les chants m\u00e9decine, le chant intuitif, l\u2019\u00e9coute active et la m\u00e9ditation et le plus important, la force r\u00e9paratrice d\u2019\u00eatre ensemble. Avec cette intention je vous attends pour cr\u00e9er une nouvelle forme de c\u00e9l\u00e9bration, de f\u00eate chant\u00e9e, de lien au sacr\u00e9 Natalia<\/p>\n","protected":false},"author":2,"featured_media":0,"parent":0,"menu_order":0,"comment_status":"closed","ping_status":"closed","template":"","meta":{"footnotes":""},"class_list":["post-1754","page","type-page","status-publish","hentry"],"_links":{"self":[{"href":"https:\/\/voixducorps.com\/index.php?rest_route=\/wp\/v2\/pages\/1754","targetHints":{"allow":["GET"]}}],"collection":[{"href":"https:\/\/voixducorps.com\/index.php?rest_route=\/wp\/v2\/pages"}],"about":[{"href":"https:\/\/voixducorps.com\/index.php?rest_route=\/wp\/v2\/types\/page"}],"author":[{"embeddable":true,"href":"https:\/\/voixducorps.com\/index.php?rest_route=\/wp\/v2\/users\/2"}],"replies":[{"embeddable":true,"href":"https:\/\/voixducorps.com\/index.php?rest_route=%2Fwp%2Fv2%2Fcomments&post=1754"}],"version-history":[{"count":24,"href":"https:\/\/voixducorps.com\/index.php?rest_route=\/wp\/v2\/pages\/1754\/revisions"}],"predecessor-version":[{"id":1961,"href":"https:\/\/voixducorps.com\/index.php?rest_route=\/wp\/v2\/pages\/1754\/revisions\/1961"}],"wp:attachment":[{"href":"https:\/\/voixducorps.com\/index.php?rest_route=%2Fwp%2Fv2%2Fmedia&parent=1754"}],"curies":[{"name":"wp","href":"https:\/\/api.w.org\/{rel}","templated":true}]}}