{"id":1830,"date":"2025-10-14T00:40:46","date_gmt":"2025-10-13T22:40:46","guid":{"rendered":"https:\/\/voixducorps.com\/?page_id=1830"},"modified":"2025-10-14T00:56:12","modified_gmt":"2025-10-13T22:56:12","slug":"mana-cercle-de-chant-avec-la-grande-mere-estelita","status":"publish","type":"page","link":"https:\/\/voixducorps.com\/?page_id=1830","title":{"rendered":"Mana, Cercle de chant avec la grande m\u00e8re Estelita"},"content":{"rendered":"\n<div style=\"height:30px\" aria-hidden=\"true\" class=\"wp-block-spacer\"><\/div>\n\n\n\n<p class=\"has-text-align-center\">Le 24\/10 nous recevons <strong>ESTELITA<\/strong> une grande m\u00e8re de sagesse ancestrale venue de l&rsquo;Argentine et de passage par premi\u00e8re fois \u00e0 Lyon. Ce \u00e9v\u00e8nement s&rsquo;appelle MANA, cela signifie s\u0153ur.<\/p>\n\n\n\n<div style=\"height:30px\" aria-hidden=\"true\" class=\"wp-block-spacer\"><\/div>\n\n\n<div class=\"wp-block-image\">\n<figure class=\"alignleft size-full is-resized\"><img data-dominant-color=\"64403c\" data-has-transparency=\"false\" loading=\"lazy\" decoding=\"async\" width=\"1080\" height=\"1350\" sizes=\"auto, (max-width: 1080px) 100vw, 1080px\" src=\"https:\/\/voixducorps.com\/wp-content\/uploads\/2025\/10\/MANA-FLOR.jpg\" alt=\"\" class=\"wp-image-1817 not-transparent\" style=\"--dominant-color: #64403c; width:381px;height:auto\"\/><\/figure>\n<\/div>\n\n\n<p>ESTELITA en tant que marraine spirituelle accompagne avec diff\u00e9rents arts de CURANDERA  \u00e0 plus de trente ans et je suis tr\u00e8s contente de la recevoir.<\/p>\n\n\n\n<p>Elle partagera son compil\u00e9 des hymnes, canalisations autour des \u00e9l\u00e9ments et des arch\u00e9types (orix\u00e1s). Ces hymnes sont une p\u00e9pite et vous allez avoir la possibilit\u00e9 unique de nous accompagner \u00e0 les chanter.<\/p>\n\n\n\n<p>Le cercle de chant 24\/10 inspir\u00e9 par les Florales d&rsquo;Amazonie qui ouvrent une connexion subtile mais profonde \u00e0 la nature. Aussi elle proposera des s\u00e9ances individuels autour des Florales d&rsquo;Amazonie.<\/p>\n\n\n\n<h6 class=\"wp-block-heading\">Inscriptions:<\/h6>\n\n\n\n<p>Pour tout inscription au CERCLE DE CHANT ou aux s\u00e9ances individuels contactez nous \u00e0 travers le formulaire de la page accueille ou par whatsApp au +33 6 52 10 77 71.<\/p>\n\n\n\n<h6 class=\"wp-block-heading\">Tarif:<\/h6>\n\n\n\n<p><strong>Cercle de chant: <\/strong>collaboration volontaire consciente autour de 20 \u20ac<\/p>\n\n\n\n<p><strong>S\u00e9ances individuels: <\/strong>60 \u20ac (il restent de places seulement pour lundi 27\/10 matin)<\/p>\n\n\n\n<div style=\"height:30px\" aria-hidden=\"true\" class=\"wp-block-spacer\"><\/div>\n\n\n\n<p class=\"has-text-align-center\"><strong>On vous attends pour une exp\u00e9rience unique \u00e0 Lyon.<\/strong><\/p>\n\n\n\n<p><\/p>\n","protected":false},"excerpt":{"rendered":"<p>Le 24\/10 nous recevons ESTELITA une grande m\u00e8re de sagesse ancestrale venue de l&rsquo;Argentine et de passage par premi\u00e8re fois \u00e0 Lyon. Ce \u00e9v\u00e8nement s&rsquo;appelle MANA, cela signifie s\u0153ur. ESTELITA en tant que marraine spirituelle accompagne avec diff\u00e9rents arts de CURANDERA \u00e0 plus de trente ans et je suis tr\u00e8s contente de la recevoir. Elle partagera son compil\u00e9 des hymnes, canalisations autour des \u00e9l\u00e9ments et des arch\u00e9types (orix\u00e1s). Ces hymnes sont une p\u00e9pite et vous allez avoir la possibilit\u00e9 unique de nous accompagner \u00e0 les chanter. Le cercle de chant 24\/10 inspir\u00e9 par les Florales d&rsquo;Amazonie qui ouvrent une connexion subtile mais profonde \u00e0 la nature. Aussi elle proposera des s\u00e9ances individuels autour des Florales d&rsquo;Amazonie. Inscriptions: Pour tout inscription au CERCLE DE CHANT ou aux s\u00e9ances individuels contactez nous \u00e0 travers le formulaire de la page accueille ou par whatsApp au +33 6 52 10 77 71. Tarif: Cercle de chant: collaboration volontaire consciente autour de 20 \u20ac S\u00e9ances individuels: 60 \u20ac (il restent de places seulement pour lundi 27\/10 matin) On vous attends pour une exp\u00e9rience unique \u00e0 Lyon.<\/p>\n","protected":false},"author":2,"featured_media":0,"parent":0,"menu_order":0,"comment_status":"closed","ping_status":"closed","template":"","meta":{"footnotes":""},"class_list":["post-1830","page","type-page","status-publish","hentry"],"_links":{"self":[{"href":"https:\/\/voixducorps.com\/index.php?rest_route=\/wp\/v2\/pages\/1830","targetHints":{"allow":["GET"]}}],"collection":[{"href":"https:\/\/voixducorps.com\/index.php?rest_route=\/wp\/v2\/pages"}],"about":[{"href":"https:\/\/voixducorps.com\/index.php?rest_route=\/wp\/v2\/types\/page"}],"author":[{"embeddable":true,"href":"https:\/\/voixducorps.com\/index.php?rest_route=\/wp\/v2\/users\/2"}],"replies":[{"embeddable":true,"href":"https:\/\/voixducorps.com\/index.php?rest_route=%2Fwp%2Fv2%2Fcomments&post=1830"}],"version-history":[{"count":5,"href":"https:\/\/voixducorps.com\/index.php?rest_route=\/wp\/v2\/pages\/1830\/revisions"}],"predecessor-version":[{"id":1838,"href":"https:\/\/voixducorps.com\/index.php?rest_route=\/wp\/v2\/pages\/1830\/revisions\/1838"}],"wp:attachment":[{"href":"https:\/\/voixducorps.com\/index.php?rest_route=%2Fwp%2Fv2%2Fmedia&parent=1830"}],"curies":[{"name":"wp","href":"https:\/\/api.w.org\/{rel}","templated":true}]}}