{"id":1899,"date":"2025-11-04T12:04:38","date_gmt":"2025-11-04T11:04:38","guid":{"rendered":"https:\/\/voixducorps.com\/?page_id=1899"},"modified":"2025-11-11T00:13:41","modified_gmt":"2025-11-10T23:13:41","slug":"la-voix-medecine","status":"publish","type":"page","link":"https:\/\/voixducorps.com\/?page_id=1899","title":{"rendered":"La Voix M\u00e9decine"},"content":{"rendered":"\n<h3 class=\"wp-block-heading has-text-align-center\">Coaching individuel &amp; Exp\u00e9rience collective<\/h3>\n\n\n\n<div style=\"height:30px\" aria-hidden=\"true\" class=\"wp-block-spacer\"><\/div>\n\n\n<div class=\"wp-block-image\">\n<figure class=\"aligncenter size-full is-resized\"><img data-dominant-color=\"3a3b3c\" data-has-transparency=\"false\" loading=\"lazy\" decoding=\"async\" width=\"1080\" height=\"1440\" sizes=\"auto, (max-width: 1080px) 100vw, 1080px\" src=\"https:\/\/voixducorps.com\/wp-content\/uploads\/2025\/11\/La-Voix-Medecine-Post-de-Instagram-34.jpg\" alt=\"\" class=\"wp-image-1968 not-transparent\" style=\"--dominant-color: #3a3b3c; width:433px;height:auto\"\/><\/figure>\n<\/div>\n\n\n<div style=\"height:30px\" aria-hidden=\"true\" class=\"wp-block-spacer\"><\/div>\n\n\n\n<p class=\"has-text-align-center\">Un moment de ressourcement gr\u00e2ce \u00e0 la puissance b\u00e9n\u00e9fique de notre voix.<\/p>\n\n\n\n<p class=\"has-text-align-center\"><strong>Le samedi 15 novembre de 14h00 \u00e0 18h00<\/strong><\/p>\n\n\n\n<div style=\"height:30px\" aria-hidden=\"true\" class=\"wp-block-spacer\"><\/div>\n\n\n\n<p>L&rsquo;approche VOIX M\u00e9decine dont l&rsquo;art somatique et subtil ainsi que la connaissance physiologique de la voix proposent un voyage direct pour explorer le potentiel \u00e9nerg\u00e9tique de la voix ainsi que la dimension th\u00e9rapeutique.<\/p>\n\n\n\n<p>Un travail de mini-coachings individuels pour d\u00e9bloquer l&rsquo;entrave de votre libert\u00e9 vocale ainsi qu&rsquo;un soutien collectif bienveillant qui ouvre l&rsquo;espace r\u00e9parateur de sonner ensemble dans une m\u00eame vibration.<\/p>\n\n\n\n<div style=\"height:30px\" aria-hidden=\"true\" class=\"wp-block-spacer\"><\/div>\n\n\n\n<p><strong>Ce stage est fait pour vous si :<\/strong><\/p>\n\n\n\n<p>-Vous souhaitez am\u00e9liorer votre geste vocale autrement avec l\u2019accompagnement d&rsquo;une sp\u00e9cialiste dans la technique vocale et fondatrice de La Voix M\u00e9decine en France.<\/p>\n\n\n\n<p>-Vous souhaitez d\u00e9couvrir les bienfaits de la voix sur le corps et le syst\u00e8me nerveux.<\/p>\n\n\n\n<p>-Vous cherchez un moment pour vous ressourcer et vous reconnecter \u00e0 vous-m\u00eame gr\u00e2ce au travail de la vibration.<\/p>\n\n\n\n<p>-Vous cherchez un moment pour \u00eatre en communaut\u00e9 et chanter ensemble.<\/p>\n\n\n\n<div style=\"height:30px\" aria-hidden=\"true\" class=\"wp-block-spacer\"><\/div>\n\n\n\n<p><strong>Nous allons explorer:<\/strong><\/p>\n\n\n\n<p>-Un r\u00e9pertoire des chants m\u00e9decine d\u2019Am\u00e9rique latine<\/p>\n\n\n\n<p>-Un travail de vibration et contact, le son comme un espace r\u00e9parateur<\/p>\n\n\n\n<p>-Des techniques vocales pour lib\u00e9rer votre voix authentique<\/p>\n\n\n\n<p>-Dynamiques de cercle, chant improvis\u00e9 et intuitif pour se broncher \u00e0 la source cr\u00e9ative<\/p>\n\n\n\n<p>La voix et l&rsquo;expression comme un arme pour lutter contre la tristesse, l&rsquo;ennui et la manque de sens, car quand on chant les pens\u00e9es n\u00e9gatifs s\u2019\u00e9loignent et une recentrement profond se mets en place.<\/p>\n\n\n\n<p><\/p>\n\n\n\n<p>Cette journ\u00e9e est d\u00e9di\u00e9 \u00e0 un public adulte, ouvert \u00e0 d\u00e9couvrir sa voix m\u00e9decine dans une contexte de la voix comme un reflet de notre esprit ou \u00e9tat d&rsquo;esprit. <\/p>\n\n\n\n<div style=\"height:30px\" aria-hidden=\"true\" class=\"wp-block-spacer\"><\/div>\n\n\n\n<p>Si vous souhaitez me contacter pour savoir si le programme vous conviens faites moi un message par <a href=\"https:\/\/voixducorps.com\/?page_id=632\" data-type=\"link\" data-id=\"https:\/\/voixducorps.com\/?page_id=632\">mail<\/a> ou en commentaires soi avant de vous inscrire ou apr\u00e8s pour notifier de votre pr\u00e9sence et recevoir un mail avec l&rsquo;adresse compl\u00e8te du lieu.<\/p>\n\n\n\n<div style=\"height:30px\" aria-hidden=\"true\" class=\"wp-block-spacer\"><\/div>\n\n\n\n<p><strong>Tarif : 60 \u20ac <\/strong><\/p>\n\n\n\n<div style=\"height:30px\" aria-hidden=\"true\" class=\"wp-block-spacer\"><\/div>\n\n\n\n<p><\/p>\n\n\n<p><script async\n  src=\"https:\/\/js.stripe.com\/v3\/buy-button.js\">\n<\/script><\/p>\n<p><stripe-buy-button\n  buy-button-id=\"buy_btn_1SPhlBG4HmNc0HTpEDCNYm4h\"\n  publishable-key=\"pk_live_51Q8htCG4HmNc0HTpUHGnvynRZRIeMkCVhsVspuuidv5FwpZvoF0LO42YfaMyBUc1DMNfCRs0Kg6pW1Ji1P61Pwrz00k4UQ1Awt\"\n><br \/>\n<\/stripe-buy-button><\/p>\n\n\n\n<p><\/p>\n\n\n\n<div style=\"height:30px\" aria-hidden=\"true\" class=\"wp-block-spacer\"><\/div>\n\n\n\n<p class=\"has-text-align-center\">Je vous attends le c\u0153ur ouvert et r\u00e9sonnant!<\/p>\n\n\n\n<p class=\"has-text-align-center\">Natalia<\/p>\n\n\n\n<p><\/p>\n","protected":false},"excerpt":{"rendered":"<p>Coaching individuel &amp; Exp\u00e9rience collective Un moment de ressourcement gr\u00e2ce \u00e0 la puissance b\u00e9n\u00e9fique de notre voix. Le samedi 15 novembre de 14h00 \u00e0 18h00 L&rsquo;approche VOIX M\u00e9decine dont l&rsquo;art somatique et subtil ainsi que la connaissance physiologique de la voix proposent un voyage direct pour explorer le potentiel \u00e9nerg\u00e9tique de la voix ainsi que la dimension th\u00e9rapeutique. Un travail de mini-coachings individuels pour d\u00e9bloquer l&rsquo;entrave de votre libert\u00e9 vocale ainsi qu&rsquo;un soutien collectif bienveillant qui ouvre l&rsquo;espace r\u00e9parateur de sonner ensemble dans une m\u00eame vibration. Ce stage est fait pour vous si : -Vous souhaitez am\u00e9liorer votre geste vocale autrement avec l\u2019accompagnement d&rsquo;une sp\u00e9cialiste dans la technique vocale et fondatrice de La Voix M\u00e9decine en France. -Vous souhaitez d\u00e9couvrir les bienfaits de la voix sur le corps et le syst\u00e8me nerveux. -Vous cherchez un moment pour vous ressourcer et vous reconnecter \u00e0 vous-m\u00eame gr\u00e2ce au travail de la vibration. -Vous cherchez un moment pour \u00eatre en communaut\u00e9 et chanter ensemble. Nous allons explorer: -Un r\u00e9pertoire des chants m\u00e9decine d\u2019Am\u00e9rique latine -Un travail de vibration et contact, le son comme un espace r\u00e9parateur -Des techniques vocales pour lib\u00e9rer votre voix authentique -Dynamiques de cercle, chant improvis\u00e9 et intuitif pour se broncher \u00e0 la source cr\u00e9ative La voix et l&rsquo;expression comme un arme pour lutter contre la tristesse, l&rsquo;ennui et la manque de sens, car quand on chant les pens\u00e9es n\u00e9gatifs s\u2019\u00e9loignent et une recentrement profond se mets en place. Cette journ\u00e9e est d\u00e9di\u00e9 \u00e0 un public adulte, ouvert \u00e0 d\u00e9couvrir sa voix m\u00e9decine dans une contexte de la voix comme un reflet de notre esprit ou \u00e9tat d&rsquo;esprit. Si vous souhaitez me contacter pour savoir si le programme vous conviens faites moi un message par mail ou en commentaires soi avant de vous inscrire ou apr\u00e8s pour notifier de votre pr\u00e9sence et recevoir un mail avec l&rsquo;adresse compl\u00e8te du lieu. Tarif : 60 \u20ac Je vous attends le c\u0153ur ouvert et r\u00e9sonnant! Natalia<\/p>\n","protected":false},"author":2,"featured_media":0,"parent":0,"menu_order":0,"comment_status":"closed","ping_status":"closed","template":"","meta":{"footnotes":""},"class_list":["post-1899","page","type-page","status-publish","hentry"],"_links":{"self":[{"href":"https:\/\/voixducorps.com\/index.php?rest_route=\/wp\/v2\/pages\/1899","targetHints":{"allow":["GET"]}}],"collection":[{"href":"https:\/\/voixducorps.com\/index.php?rest_route=\/wp\/v2\/pages"}],"about":[{"href":"https:\/\/voixducorps.com\/index.php?rest_route=\/wp\/v2\/types\/page"}],"author":[{"embeddable":true,"href":"https:\/\/voixducorps.com\/index.php?rest_route=\/wp\/v2\/users\/2"}],"replies":[{"embeddable":true,"href":"https:\/\/voixducorps.com\/index.php?rest_route=%2Fwp%2Fv2%2Fcomments&post=1899"}],"version-history":[{"count":9,"href":"https:\/\/voixducorps.com\/index.php?rest_route=\/wp\/v2\/pages\/1899\/revisions"}],"predecessor-version":[{"id":1969,"href":"https:\/\/voixducorps.com\/index.php?rest_route=\/wp\/v2\/pages\/1899\/revisions\/1969"}],"wp:attachment":[{"href":"https:\/\/voixducorps.com\/index.php?rest_route=%2Fwp%2Fv2%2Fmedia&parent=1899"}],"curies":[{"name":"wp","href":"https:\/\/api.w.org\/{rel}","templated":true}]}}