{"id":2040,"date":"2025-11-29T15:31:25","date_gmt":"2025-11-29T14:31:25","guid":{"rendered":"https:\/\/voixducorps.com\/?page_id=2040"},"modified":"2025-11-29T15:31:25","modified_gmt":"2025-11-29T14:31:25","slug":"ecstatic-danse","status":"publish","type":"page","link":"https:\/\/voixducorps.com\/?page_id=2040","title":{"rendered":"Ecstatic Danse"},"content":{"rendered":"\n<h4 class=\"wp-block-heading\">Musique M\u00e9decine &#8211; Chant Intuitif &#8211; Voyage Sonore<\/h4>\n\n\n\n<div style=\"height:30px\" aria-hidden=\"true\" class=\"wp-block-spacer\"><\/div>\n\n\n<div class=\"wp-block-image\">\n<figure class=\"aligncenter size-full is-resized\"><img data-dominant-color=\"7b4737\" data-has-transparency=\"false\" loading=\"lazy\" decoding=\"async\" width=\"1920\" height=\"1080\" sizes=\"auto, (max-width: 1920px) 100vw, 1920px\" src=\"https:\/\/voixducorps.com\/wp-content\/uploads\/2025\/11\/Evenement-face-option.jpg\" alt=\"\" class=\"wp-image-2041 not-transparent\" style=\"--dominant-color: #7b4737; width:731px;height:auto\"\/><\/figure>\n<\/div>\n\n\n<div style=\"height:30px\" aria-hidden=\"true\" class=\"wp-block-spacer\"><\/div>\n\n\n\n<p><\/p>\n\n\n\n<p class=\"has-text-align-center\">Natalia &amp; Shanti vous invite \u00e0 un voyage exploratoire dans l\u2019\u00e9nergie et la c\u00e9l\u00e9bration de la vibration.<br><br>Cette rencontre d\u00e9bute par une partie ecstatic danse libre : exploration du corps par le mouvement, les sens, avec des instruments acoustiques et musiques m\u00e9decine live. Ces musiques &amp; chants entra\u00eenants, rythm\u00e9es et profonds, avec le battement du tambour et la voix ancestrale de Natalia, son univers d&rsquo;Am\u00e9rique latine force chaleureuse, f\u00e9minine et invitante, m\u00e9lang\u00e9 \u00e0 l\u2019\u00e9nergie musicale de Shanti, venant des terres orientales, qui nous transportent dans les sons fondateurs de l&rsquo;ancien temps, la magie sacr\u00e9 de l&rsquo;Orient dont nous sommes tous reli\u00e9s tel des ponts au del\u00e0 des cultures, espace et temps.<br><br>A travers leurs voix, instruments et propositions nous nous connecterons \u00e0 notre \u00eatre profond, nos vibrations int\u00e9rieures, nos \u00e9motions, ouvrons des portes pour recevoir et lib\u00e9rer ce qui a besoin de l\u2019\u00eatre. C&rsquo;est une invitation au rel\u00e2chement, au l\u00e2cher prise, \u00e0 la lib\u00e9ration du corps \/ voix et de son \u00e9nergie. C&rsquo;est un voyage hors du mental et dans le corps, sans qu\u00eate artistique du beau, juste laisser exprimer ce qui est l\u00e0 en nous, pour mieux se d\u00e9couvrir, s&rsquo;exprimer et s&rsquo;assumer avec soi-m\u00eame et en groupe. L&rsquo;exploration continue avec le voyage sonore qui se fait sous l&rsquo;\u00e9nergie d&rsquo;instruments vibratoires comme les gongs, tambour, bols, handpan, voix&#8230; Le son est une forme d&rsquo;\u00e9nergie profonde qui nous touche, nous apaise et nous emm\u00e8ne au plus profond de nous.<br><br>Adresse : 20 route de Strasbourg, 69300 Caluire et Cuire<br><br>Participation : 40 \u20ac via billeterie :<br><a href=\"https:\/\/www.billetweb.fr\/ecstatic-danse-musique-medecine-chant-voyage-sonore\" target=\"_blank\" rel=\"noreferrer noopener\">Incrivez vous en cliquant ici!<\/a><br><br>Dans la joie de partager \ud83d\ude42<\/p>\n\n\n\n<div style=\"height:30px\" aria-hidden=\"true\" class=\"wp-block-spacer\"><\/div>\n","protected":false},"excerpt":{"rendered":"<p>Musique M\u00e9decine &#8211; Chant Intuitif &#8211; Voyage Sonore Natalia &amp; Shanti vous invite \u00e0 un voyage exploratoire dans l\u2019\u00e9nergie et la c\u00e9l\u00e9bration de la vibration. Cette rencontre d\u00e9bute par une partie ecstatic danse libre : exploration du corps par le mouvement, les sens, avec des instruments acoustiques et musiques m\u00e9decine live. Ces musiques &amp; chants entra\u00eenants, rythm\u00e9es et profonds, avec le battement du tambour et la voix ancestrale de Natalia, son univers d&rsquo;Am\u00e9rique latine force chaleureuse, f\u00e9minine et invitante, m\u00e9lang\u00e9 \u00e0 l\u2019\u00e9nergie musicale de Shanti, venant des terres orientales, qui nous transportent dans les sons fondateurs de l&rsquo;ancien temps, la magie sacr\u00e9 de l&rsquo;Orient dont nous sommes tous reli\u00e9s tel des ponts au del\u00e0 des cultures, espace et temps. A travers leurs voix, instruments et propositions nous nous connecterons \u00e0 notre \u00eatre profond, nos vibrations int\u00e9rieures, nos \u00e9motions, ouvrons des portes pour recevoir et lib\u00e9rer ce qui a besoin de l\u2019\u00eatre. C&rsquo;est une invitation au rel\u00e2chement, au l\u00e2cher prise, \u00e0 la lib\u00e9ration du corps \/ voix et de son \u00e9nergie. C&rsquo;est un voyage hors du mental et dans le corps, sans qu\u00eate artistique du beau, juste laisser exprimer ce qui est l\u00e0 en nous, pour mieux se d\u00e9couvrir, s&rsquo;exprimer et s&rsquo;assumer avec soi-m\u00eame et en groupe. L&rsquo;exploration continue avec le voyage sonore qui se fait sous l&rsquo;\u00e9nergie d&rsquo;instruments vibratoires comme les gongs, tambour, bols, handpan, voix&#8230; Le son est une forme d&rsquo;\u00e9nergie profonde qui nous touche, nous apaise et nous emm\u00e8ne au plus profond de nous. Adresse : 20 route de Strasbourg, 69300 Caluire et Cuire Participation : 40 \u20ac via billeterie :Incrivez vous en cliquant ici! Dans la joie de partager \ud83d\ude42<\/p>\n","protected":false},"author":2,"featured_media":0,"parent":0,"menu_order":0,"comment_status":"closed","ping_status":"closed","template":"","meta":{"footnotes":""},"class_list":["post-2040","page","type-page","status-publish","hentry"],"_links":{"self":[{"href":"https:\/\/voixducorps.com\/index.php?rest_route=\/wp\/v2\/pages\/2040","targetHints":{"allow":["GET"]}}],"collection":[{"href":"https:\/\/voixducorps.com\/index.php?rest_route=\/wp\/v2\/pages"}],"about":[{"href":"https:\/\/voixducorps.com\/index.php?rest_route=\/wp\/v2\/types\/page"}],"author":[{"embeddable":true,"href":"https:\/\/voixducorps.com\/index.php?rest_route=\/wp\/v2\/users\/2"}],"replies":[{"embeddable":true,"href":"https:\/\/voixducorps.com\/index.php?rest_route=%2Fwp%2Fv2%2Fcomments&post=2040"}],"version-history":[{"count":2,"href":"https:\/\/voixducorps.com\/index.php?rest_route=\/wp\/v2\/pages\/2040\/revisions"}],"predecessor-version":[{"id":2044,"href":"https:\/\/voixducorps.com\/index.php?rest_route=\/wp\/v2\/pages\/2040\/revisions\/2044"}],"wp:attachment":[{"href":"https:\/\/voixducorps.com\/index.php?rest_route=%2Fwp%2Fv2%2Fmedia&parent=2040"}],"curies":[{"name":"wp","href":"https:\/\/api.w.org\/{rel}","templated":true}]}}