{"id":2111,"date":"2025-12-04T00:54:36","date_gmt":"2025-12-03T23:54:36","guid":{"rendered":"https:\/\/voixducorps.com\/?page_id=2111"},"modified":"2025-12-04T00:59:15","modified_gmt":"2025-12-03T23:59:15","slug":"retraite-la-voix-jaguar","status":"publish","type":"page","link":"https:\/\/voixducorps.com\/?page_id=2111","title":{"rendered":"Retraite La Voix Jaguar"},"content":{"rendered":"\n<h4 class=\"wp-block-heading has-text-align-center\"><br>Un espace pour d\u00e9couvrir tes territoires inexplor\u00e9s, lib\u00e9rer la cr\u00e9ativit\u00e9 et le plaisir \u00e0 travers la voix du corps<\/h4>\n\n\n\n<div style=\"height:30px\" aria-hidden=\"true\" class=\"wp-block-spacer\"><\/div>\n\n\n<div class=\"wp-block-image\">\n<figure class=\"aligncenter size-full is-resized\"><img data-dominant-color=\"4b3449\" data-has-transparency=\"false\" loading=\"lazy\" decoding=\"async\" width=\"1920\" height=\"1080\" sizes=\"auto, (max-width: 1920px) 100vw, 1920px\" src=\"https:\/\/voixducorps.com\/wp-content\/uploads\/2025\/12\/La-voix.e-de-la-femme-jaguar-1920-x-1080-px1.jpg\" alt=\"\" class=\"wp-image-2061 not-transparent\" style=\"--dominant-color: #4b3449; width:741px;height:auto\"\/><\/figure>\n<\/div>\n\n\n<div style=\"height:30px\" aria-hidden=\"true\" class=\"wp-block-spacer\"><\/div>\n\n\n\n<h6 class=\"wp-block-heading has-text-align-center\">ANCESTRA Voix, Corps et Cr\u00e9ativit\u00e9<\/h6>\n\n\n\n<h6 class=\"wp-block-heading has-text-align-center\">Pr\u00e9sente<\/h6>\n\n\n\n<div style=\"height:30px\" aria-hidden=\"true\" class=\"wp-block-spacer\"><\/div>\n\n\n\n<h2 class=\"wp-block-heading has-text-align-center\">La Voix Jaguar<\/h2>\n\n\n\n<h5 class=\"wp-block-heading has-text-align-center\">Un espace pour d\u00e9couvrir tes territoires inexplor\u00e9s et<strong> <\/strong>chanter ta m\u00e9decine<\/h5>\n\n\n\n<div style=\"height:30px\" aria-hidden=\"true\" class=\"wp-block-spacer\"><\/div>\n\n\n\n<p>Ce voyage est un appel \u00e0 <strong>r\u00e9veiller la Femme Jaguar<\/strong> en vous : cet arch\u00e9type ancestral qui incarne la souverainet\u00e9 sur ses propres t\u00e9n\u00e8bres et la <strong>justice int\u00e9rieure<\/strong>. Le Jaguar est le ma\u00eetre des mondes invisibles et d\u00e9tient la sagesse du sacr\u00e9. Il est temps d&rsquo;honorer cette puissance qui r\u00e9side dans l&rsquo;ombre, souvent cach\u00e9e par les diktats externes, pour <strong>revendiquer votre territoire de joie<\/strong>.<\/p>\n\n\n\n<p>Votre voix est l&rsquo;outil le plus direct de cette reconqu\u00eate. Nous irons chercher le <strong>Rugissement<\/strong> \u2013 cette voix sauvage, honn\u00eate et lib\u00e9r\u00e9e \u2013 qui n&rsquo;est pas un cri de col\u00e8re, mais une expression de force tranquille. C&rsquo;est le son qui brise les tabous, gu\u00e9rit les silences impos\u00e9s et vous permet d&rsquo;incarner pleinement la <strong>douceur sauvage<\/strong> de votre v\u00e9rit\u00e9.<\/p>\n\n\n\n<div style=\"height:30px\" aria-hidden=\"true\" class=\"wp-block-spacer\"><\/div>\n\n\n\n<h5 class=\"wp-block-heading\">Nouvelle Ann\u00e9e, nouveau Cycle<\/h5>\n\n\n\n<p>Se lancer dans cette exploration en janvier est un acte fondateur. C&rsquo;est choisir de faire de cette nouvelle ann\u00e9e le Nouveau Cycle de Lib\u00e9ration que votre \u00e2me appelle. Nous allons poser les bases \u00e9nerg\u00e9tiques et vocales de votre puissance pour les douze mois \u00e0 venir.<\/p>\n\n\n\n<div style=\"height:30px\" aria-hidden=\"true\" class=\"wp-block-spacer\"><\/div>\n\n\n\n<p>Dans un monde o\u00f9 le rythme effr\u00e9n\u00e9 nous pousse souvent \u00e0 la performance et \u00e0 la rationalit\u00e9, nous oublions une ressource essentielle et in\u00e9puisable qui sommeille en chacune de nous : La Cr\u00e9ativit\u00e9 et le Plaisir. Cette \u00e9nergie est une fontaine de ressourcement personnel et le langage sonore de ton \u00eatre.<\/p>\n\n\n\n<p>Il est temps de s\u2019aventurer dans notre espace dans l\u2019ombre, cach\u00e9, tabou, inexplor\u00e9 pour venir lib\u00e9rer le plaisir endormi, contenu, celui qui est en lien avec notre projet divin de joie. C&rsquo;est dans cette reconnexion que r\u00e9side la capacit\u00e9 \u00e0 <strong>Canaliser tes propres Chants M\u00e9decine<\/strong>, ces sons qui gu\u00e9rissent, alignent et c\u00e9l\u00e8brent.<\/p>\n\n\n\n<p>Cette retraite immersive de quatre jours est une invitation profonde \u00e0 te reconnecter \u00e0 cette source int\u00e9rieure, en allant puiser directement dans la sagesse de ton corps, et plus sp\u00e9cifiquement de ton bassin, ton \u00e9nergie vitale, ton feu de vie. <strong>Le corps devient la lyre, le bassin le tambour, et la voix le miroir<\/strong> fid\u00e8le de cette transformation.<\/p>\n\n\n\n<p>Imagine un espace-temps privil\u00e9gi\u00e9, loin du tumulte quotidien, pour te d\u00e9poser, explorer et red\u00e9couvrir le pouvoir transformateur de ton espace cr\u00e9atif en connexion \u00e0 ton f\u00e9minin ancestral, vibrant et incarn\u00e9, pr\u00eat \u00e0 <strong>donner naissance \u00e0 ta m\u00e9lodie unique.<\/strong><\/p>\n\n\n\n<div style=\"height:30px\" aria-hidden=\"true\" class=\"wp-block-spacer\"><\/div>\n\n\n\n<h5 class=\"wp-block-heading\">Le Bassin : Racine de la Cr\u00e9ation, la vitalit\u00e9, la Joie<\/h5>\n\n\n\n<div style=\"height:30px\" aria-hidden=\"true\" class=\"wp-block-spacer\"><\/div>\n\n\n\n<p>Nous irons explorer comment l&rsquo;\u00e9nergie vitale, souvent associ\u00e9e \u00e0 la sexualit\u00e9 et au plaisir, est la force motrice de toute cr\u00e9ation. Il ne s&rsquo;agit pas seulement de performance, mais de fluidit\u00e9 et de connexion cr\u00e9ative. Vous apprendrez \u00e0 :<\/p>\n\n\n\n<ul class=\"wp-block-list\">\n<li>Lib\u00e9rer l&rsquo;\u00e9nergie bloqu\u00e9e dans cette zone, souvent li\u00e9e \u00e0 des jugements ou des blessures.<\/li>\n\n\n\n<li>\u00c9quilibrer votre geste vocale avec des outils de technique vocale adapt\u00e9 \u00e0 chaque personne pour transformer la puissance interne en expression vocale lib\u00e9r\u00e9e.<\/li>\n\n\n\n<li>Canaliser vos propres chants m\u00e9decine et laisser passer vos messages \u00e0 travers l\u2019 intelligence intuitive qui r\u00e9side dans votre pr\u00e9sence-corps.<\/li>\n<\/ul>\n\n\n\n<p>Vous briserez les blocages qui entravent votre expression, lib\u00e9rerez votre spontan\u00e9it\u00e9 et puiserez dans un r\u00e9servoir d&rsquo;id\u00e9es neuves et d&rsquo;une joie profonde.Vous d\u00e9couvrirez comment la <strong>connexion \u00e0 l\u2019\u00e9nergie de votre bassin<\/strong>, peut devenir une alli\u00e9e pr\u00e9cieuse pour r\u00e9soudre vos d\u00e9fis et vous r\u00e9v\u00e9ler pleinement dans votre <strong>pleine puissance f\u00e9minine<\/strong>.<\/p>\n\n\n\n<div style=\"height:30px\" aria-hidden=\"true\" class=\"wp-block-spacer\"><\/div>\n\n\n\n<p>Chaque journ\u00e9e sera ponctu\u00e9e d&rsquo;activit\u00e9s pratiques, d&rsquo;\u00e9changes bienveillants et de moments de partage collectifs. Plus qu&rsquo;une simple retraite, c&rsquo;est une rencontre humaine entre femmes o\u00f9 l&rsquo;\u00e9coute, la co-cr\u00e9ation et la sororit\u00e9 enrichiront votre exp\u00e9rience. Vous repartirez avec des connaissances et cr\u00e9ations tangibles \u2014 une boussole personnelle \u2014 qui vous guideront bien au-del\u00e0 de cette retraite.<\/p>\n\n\n\n<p>Pr\u00e9parez-vous \u00e0 rire, \u00e0 pleurer \u00e0 exp\u00e9rimenter, \u00e0 vous surprendre et \u00e0 <strong>\u00e9veiller la Cr\u00e9atrice, la Gu\u00e9risseuse et l&rsquo;Amante<\/strong> qui sommeillent en vous. Votre potentiel cr\u00e9atif est immense ; il est temps de le laisser \u00e9clore.<\/p>\n\n\n\n<div style=\"height:30px\" aria-hidden=\"true\" class=\"wp-block-spacer\"><\/div>\n\n\n\n<h5 class=\"wp-block-heading\">Objectif G\u00e9n\u00e9ral<\/h5>\n\n\n\n<p>Permettre aux participantes de lib\u00e9rer leur potentiel cr\u00e9atif pour aborder la <strong>cr\u00e9ation de ses propres chants m\u00e9decine<\/strong>, conna\u00eetre leur voix, lib\u00e9rer leur parole et leur son, briser leurs blocages, et d&rsquo;acqu\u00e9rir des outils pratiques en se connectant \u00e0 la sagesse du bassin, pour l&rsquo;appliquer \u00e0 leur d\u00e9veloppement personnel, leur expression artistique, et dans tous les champs de leur vie.<\/p>\n\n\n\n<div style=\"height:30px\" aria-hidden=\"true\" class=\"wp-block-spacer\"><\/div>\n\n\n\n<h5 class=\"wp-block-heading\">Les Activit\u00e9s <\/h5>\n\n\n\n<p>Le d\u00e9roulement de cette retraite r\u00e9unit l\u2019exploration somatique, travail de la voix, la cr\u00e9ativit\u00e9 autour de la cr\u00e9ation de chants m\u00e9decine et autres types de manifestations, le chant collectif (apprentissages des chants m\u00e9decine ainsi que pratique du chant improvis\u00e9), moments autour du feu, moments d&rsquo;\u00e9change entre les participantes.<\/p>\n\n\n\n<p>Nous mettrons l&rsquo;accent sur :<\/p>\n\n\n\n<ul class=\"wp-block-list\">\n<li><strong>Cr\u00e9ation de Chants M\u00e9decine<\/strong><\/li>\n\n\n\n<li><strong>Coaching Vocal Individuel et Collectif<\/strong><\/li>\n\n\n\n<li><strong>Plaisir et \u00c9nergie du Bassin<\/strong> (Exploration \u00e9nerg\u00e9tique et somatique)<\/li>\n\n\n\n<li>\u00c9criture Intuitive<\/li>\n\n\n\n<li>Ateliers de Massage, Mouvement et Voix<\/li>\n\n\n\n<li>Cercles d\u2019\u00c9change et Coaching Collaboratif<\/li>\n\n\n\n<li>Cercles de Musique Intuitive et Improvis\u00e9e<\/li>\n\n\n\n<li>Apprentissage de Chants M\u00e9decine<\/li>\n<\/ul>\n\n\n\n<div style=\"height:30px\" aria-hidden=\"true\" class=\"wp-block-spacer\"><\/div>\n\n\n\n<h5 class=\"wp-block-heading\">Organisation g\u00e9n\u00e9ral<\/h5>\n\n\n\n<div style=\"height:30px\" aria-hidden=\"true\" class=\"wp-block-spacer\"><\/div>\n\n\n\n<p>Vous \u00eates invit\u00e9 \u00e0 arriver le 15 janvier 2026 \u00e0 Val de Louyre et Caudeau \u00e0 partir de 16h00 pour vous installer et ensuite d\u00eener ensemble. Apr\u00e8s ce premier repas nous allons faire notre premier activit\u00e9 nocturne, avant l&rsquo;heure de se coucher.<\/p>\n\n\n\n<p class=\"has-text-align-center\">Chaque jour les activit\u00e9s vont se r\u00e9aliser de 9h30 \u00e0 12h30, pause d\u00e9jeuner, reprise autour de 15h00 jusqu&rsquo;\u00e0 18h00, ensuite repas et activit\u00e9 du soir entre 20h00 et 21h00. Le dimanche 18 janvier nous finirons \u00e2pres la pause d\u00e9jeuner midi, autour de 14h00\/14h30 dont vous allez pouvoir repartir avec votre c\u0153ur rempli de fleurs.<\/p>\n\n\n\n<p>Les horaires des ateliers peuvent \u00eatre modifies selon les besoins du moment.<\/p>\n\n\n\n<div style=\"height:38px\" aria-hidden=\"true\" class=\"wp-block-spacer\"><\/div>\n\n\n\n<div style=\"height:30px\" aria-hidden=\"true\" class=\"wp-block-spacer\"><\/div>\n\n\n\n<h5 class=\"wp-block-heading\">Tarif des transmissions et Inscription<\/h5>\n\n\n\n<div style=\"height:30px\" aria-hidden=\"true\" class=\"wp-block-spacer\"><\/div>\n\n\n\n<p><strong>Tarif r\u00e9duit : 330 \u20ac<\/strong> &#8211; Jusqu\u2019au 20 d\u00e9cembre <\/p>\n\n\n\n<div style=\"height:15px\" aria-hidden=\"true\" class=\"wp-block-spacer\"><\/div>\n\n\n\n<p><strong>Tarif normale: 380 \u20ac<\/strong><\/p>\n\n\n\n<div style=\"height:15px\" aria-hidden=\"true\" class=\"wp-block-spacer\"><\/div>\n\n\n\n<p>R\u00e9duction pour les anciennes stagiaires \u00e0 consulter.<\/p>\n\n\n\n<div style=\"height:30px\" aria-hidden=\"true\" class=\"wp-block-spacer\"><\/div>\n\n\n\n<p><strong>Pour vous inscrire c&rsquo;est en ligne!<\/strong> en cliquant sur le bouton ci dessous, vous bercerez des <strong>ARRHES NON REMBOURSABLES d&rsquo;un montant de 80 \u20ac.<\/strong> Le reste vous le paierez en liquide le jeudi 15 janvier en arrivant sur place.<\/p>\n\n\n\n<p>Remboursement des arrhes si la retraite n&rsquo;es pas maintenu pour manque d&rsquo;inscriptions ou probl\u00e8me de force majeur.<\/p>\n\n\n\n<div style=\"height:30px\" aria-hidden=\"true\" class=\"wp-block-spacer\"><\/div>\n\n\n<p><script async\n  src=\"https:\/\/js.stripe.com\/v3\/buy-button.js\">\n<\/script><\/p>\n<p><stripe-buy-button\n  buy-button-id=\"buy_btn_1SaNGLG4HmNc0HTpAcbB7C1E\"\n  publishable-key=\"pk_live_51Q8htCG4HmNc0HTpUHGnvynRZRIeMkCVhsVspuuidv5FwpZvoF0LO42YfaMyBUc1DMNfCRs0Kg6pW1Ji1P61Pwrz00k4UQ1Awt\"\n><br \/>\n<\/stripe-buy-button><\/p>\n\n\n\n<div style=\"height:30px\" aria-hidden=\"true\" class=\"wp-block-spacer\"><\/div>\n\n\n\n<h5 class=\"wp-block-heading\">Logement et repas<\/h5>\n\n\n\n<div style=\"height:30px\" aria-hidden=\"true\" class=\"wp-block-spacer\"><\/div>\n\n\n\n<p><strong>Tarif: 215 \u20ac<\/strong> \u00e0 payer en liquide sur place en arrivant. <\/p>\n\n\n\n<p>Ce montant est ind\u00e9pendant des tarifs de transmission et \u00e0 r\u00e9gler directement avec l&rsquo;espace \u00ab\u00a0Terre de reliance\u00a0\u00bb<\/p>\n\n\n\n<div style=\"height:30px\" aria-hidden=\"true\" class=\"wp-block-spacer\"><\/div>\n\n\n\n<p><strong>les repas :<\/strong><\/p>\n\n\n\n<ul class=\"wp-block-list\">\n<li>6 repas &#8211; Cuisine bio et locale.<\/li>\n\n\n\n<li>3 petit d\u00e9jeuner, pain, fruits et tisanes fournis \u00e0 prendre en autonomie dans la cuisine g\u00e9n\u00e9rale.<\/li>\n<\/ul>\n\n\n\n<p><\/p>\n\n\n\n<div style=\"height:30px\" aria-hidden=\"true\" class=\"wp-block-spacer\"><\/div>\n\n\n\n<p><strong>R\u00e9servation de chambre par ordre d&rsquo;arriv\u00e9e suite \u00e0 votre inscription.<\/strong><\/p>\n\n\n\n<div style=\"height:30px\" aria-hidden=\"true\" class=\"wp-block-spacer\"><\/div>\n\n\n\n<ul class=\"wp-block-list\">\n<li>1 chambres avec 2 lits individuels<\/li>\n\n\n\n<li>1 chambres avec 2 lits individuels<\/li>\n\n\n\n<li>1 chambres avec 4 lits individuels<\/li>\n\n\n\n<li>1 chambres avec 4 lits individuels<\/li>\n<\/ul>\n\n\n\n<p>12 lits disponibles. Draps fournis. Salles de bains et toilettes relatifs par chambre. Vous profiterez aussi de toutes les installations:<\/p>\n\n\n\n<ul class=\"wp-block-list\">\n<li>Piscine<\/li>\n\n\n\n<li>Yourte<\/li>\n\n\n\n<li>Salle de travail<\/li>\n\n\n\n<li>Grands espaces de nature et verdure<\/li>\n<\/ul>\n\n\n\n<div style=\"height:30px\" aria-hidden=\"true\" class=\"wp-block-spacer\"><\/div>\n\n\n\n<h5 class=\"wp-block-heading\">Le lieu :<\/h5>\n\n\n\n<div style=\"height:30px\" aria-hidden=\"true\" class=\"wp-block-spacer\"><\/div>\n\n\n<p><iframe src=\"https:\/\/www.google.com\/maps\/embed?pb=!1m18!1m12!1m3!1d90318.46685926715!2d0.6915303727669606!3d44.97512647384879!2m3!1f0!2f0!3f0!3m2!1i1024!2i768!4f13.1!3m3!1m2!1s0x12ab33a6f8b5aafb%3A0xbd71c0ad9b1bf500!2sVal%20de%20Louyre%20et%20Caudeau!5e0!3m2!1sfr!2sfr!4v1751404716823!5m2!1sfr!2sfr\" width=\"600\" height=\"450\" style=\"border:0;\" allowfullscreen=\"\" loading=\"lazy\" referrerpolicy=\"no-referrer-when-downgrade\"><\/iframe><\/p>\n\n\n\n<div style=\"height:30px\" aria-hidden=\"true\" class=\"wp-block-spacer\"><\/div>\n\n\n\n<div style=\"height:30px\" aria-hidden=\"true\" class=\"wp-block-spacer\"><\/div>\n\n\n\n<p>L&rsquo;adresse exacte du lieu est le 339 chemin de la mothe 24380 Val de Louyre et Caudeau.<\/p>\n\n\n\n<p>Dans le cas dont vous devrez annuler votre participation au dernier moment, un paiement de 100 \u20ac en d\u00e9dommagement pour le logement et la cuisine vous sera demand\u00e9 et indiqu\u00e9 le mode de paiement. Nous comptons avec votre compr\u00e9hension, votre engagement et votre responsabilit\u00e9. Merci!<\/p>\n\n\n\n<div style=\"height:30px\" aria-hidden=\"true\" class=\"wp-block-spacer\"><\/div>\n\n\n\n<p class=\"has-text-align-center\">Pour tout demande de renseignement, n\u2019h\u00e9sitez pas \u00e0 me contacter! Je serai ravie d&rsquo;\u00e9changer avec vous, conna\u00eetre vos motivations et r\u00e9pondre \u00e0 vos question.<\/p>\n\n\n\n<p class=\"has-text-align-center\"><strong>Avec cr\u00e9ativit\u00e9 et amour!<\/strong><\/p>\n\n\n\n<p class=\"has-text-align-center\"><strong>Natalia<\/strong><\/p>\n","protected":false},"excerpt":{"rendered":"<p>Un espace pour d\u00e9couvrir tes territoires inexplor\u00e9s, lib\u00e9rer la cr\u00e9ativit\u00e9 et le plaisir \u00e0 travers la voix du corps ANCESTRA Voix, Corps et Cr\u00e9ativit\u00e9 Pr\u00e9sente La Voix Jaguar Un espace pour d\u00e9couvrir tes territoires inexplor\u00e9s et chanter ta m\u00e9decine Ce voyage est un appel \u00e0 r\u00e9veiller la Femme Jaguar en vous : cet arch\u00e9type ancestral qui incarne la souverainet\u00e9 sur ses propres t\u00e9n\u00e8bres et la justice int\u00e9rieure. Le Jaguar est le ma\u00eetre des mondes invisibles et d\u00e9tient la sagesse du sacr\u00e9. Il est temps d&rsquo;honorer cette puissance qui r\u00e9side dans l&rsquo;ombre, souvent cach\u00e9e par les diktats externes, pour revendiquer votre territoire de joie. Votre voix est l&rsquo;outil le plus direct de cette reconqu\u00eate. Nous irons chercher le Rugissement \u2013 cette voix sauvage, honn\u00eate et lib\u00e9r\u00e9e \u2013 qui n&rsquo;est pas un cri de col\u00e8re, mais une expression de force tranquille. C&rsquo;est le son qui brise les tabous, gu\u00e9rit les silences impos\u00e9s et vous permet d&rsquo;incarner pleinement la douceur sauvage de votre v\u00e9rit\u00e9. Nouvelle Ann\u00e9e, nouveau Cycle Se lancer dans cette exploration en janvier est un acte fondateur. C&rsquo;est choisir de faire de cette nouvelle ann\u00e9e le Nouveau Cycle de Lib\u00e9ration que votre \u00e2me appelle. Nous allons poser les bases \u00e9nerg\u00e9tiques et vocales de votre puissance pour les douze mois \u00e0 venir. Dans un monde o\u00f9 le rythme effr\u00e9n\u00e9 nous pousse souvent \u00e0 la performance et \u00e0 la rationalit\u00e9, nous oublions une ressource essentielle et in\u00e9puisable qui sommeille en chacune de nous : La Cr\u00e9ativit\u00e9 et le Plaisir. Cette \u00e9nergie est une fontaine de ressourcement personnel et le langage sonore de ton \u00eatre. Il est temps de s\u2019aventurer dans notre espace dans l\u2019ombre, cach\u00e9, tabou, inexplor\u00e9 pour venir lib\u00e9rer le plaisir endormi, contenu, celui qui est en lien avec notre projet divin de joie. C&rsquo;est dans cette reconnexion que r\u00e9side la capacit\u00e9 \u00e0 Canaliser tes propres Chants M\u00e9decine, ces sons qui gu\u00e9rissent, alignent et c\u00e9l\u00e8brent. Cette retraite immersive de quatre jours est une invitation profonde \u00e0 te reconnecter \u00e0 cette source int\u00e9rieure, en allant puiser directement dans la sagesse de ton corps, et plus sp\u00e9cifiquement de ton bassin, ton \u00e9nergie vitale, ton feu de vie. Le corps devient la lyre, le bassin le tambour, et la voix le miroir fid\u00e8le de cette transformation. Imagine un espace-temps privil\u00e9gi\u00e9, loin du tumulte quotidien, pour te d\u00e9poser, explorer et red\u00e9couvrir le pouvoir transformateur de ton espace cr\u00e9atif en connexion \u00e0 ton f\u00e9minin ancestral, vibrant et incarn\u00e9, pr\u00eat \u00e0 donner naissance \u00e0 ta m\u00e9lodie unique. Le Bassin : Racine de la Cr\u00e9ation, la vitalit\u00e9, la Joie Nous irons explorer comment l&rsquo;\u00e9nergie vitale, souvent associ\u00e9e \u00e0 la sexualit\u00e9 et au plaisir, est la force motrice de toute cr\u00e9ation. Il ne s&rsquo;agit pas seulement de performance, mais de fluidit\u00e9 et de connexion cr\u00e9ative. Vous apprendrez \u00e0 : Vous briserez les blocages qui entravent votre expression, lib\u00e9rerez votre spontan\u00e9it\u00e9 et puiserez dans un r\u00e9servoir d&rsquo;id\u00e9es neuves et d&rsquo;une joie profonde.Vous d\u00e9couvrirez comment la connexion \u00e0 l\u2019\u00e9nergie de votre bassin, peut devenir une alli\u00e9e pr\u00e9cieuse pour r\u00e9soudre vos d\u00e9fis et vous r\u00e9v\u00e9ler pleinement dans votre pleine puissance f\u00e9minine. Chaque journ\u00e9e sera ponctu\u00e9e d&rsquo;activit\u00e9s pratiques, d&rsquo;\u00e9changes bienveillants et de moments de partage collectifs. Plus qu&rsquo;une simple retraite, c&rsquo;est une rencontre humaine entre femmes o\u00f9 l&rsquo;\u00e9coute, la co-cr\u00e9ation et la sororit\u00e9 enrichiront votre exp\u00e9rience. Vous repartirez avec des connaissances et cr\u00e9ations tangibles \u2014 une boussole personnelle \u2014 qui vous guideront bien au-del\u00e0 de cette retraite. Pr\u00e9parez-vous \u00e0 rire, \u00e0 pleurer \u00e0 exp\u00e9rimenter, \u00e0 vous surprendre et \u00e0 \u00e9veiller la Cr\u00e9atrice, la Gu\u00e9risseuse et l&rsquo;Amante qui sommeillent en vous. Votre potentiel cr\u00e9atif est immense ; il est temps de le laisser \u00e9clore. Objectif G\u00e9n\u00e9ral Permettre aux participantes de lib\u00e9rer leur potentiel cr\u00e9atif pour aborder la cr\u00e9ation de ses propres chants m\u00e9decine, conna\u00eetre leur voix, lib\u00e9rer leur parole et leur son, briser leurs blocages, et d&rsquo;acqu\u00e9rir des outils pratiques en se connectant \u00e0 la sagesse du bassin, pour l&rsquo;appliquer \u00e0 leur d\u00e9veloppement personnel, leur expression artistique, et dans tous les champs de leur vie. Les Activit\u00e9s Le d\u00e9roulement de cette retraite r\u00e9unit l\u2019exploration somatique, travail de la voix, la cr\u00e9ativit\u00e9 autour de la cr\u00e9ation de chants m\u00e9decine et autres types de manifestations, le chant collectif (apprentissages des chants m\u00e9decine ainsi que pratique du chant improvis\u00e9), moments autour du feu, moments d&rsquo;\u00e9change entre les participantes. Nous mettrons l&rsquo;accent sur : Organisation g\u00e9n\u00e9ral Vous \u00eates invit\u00e9 \u00e0 arriver le 15 janvier 2026 \u00e0 Val de Louyre et Caudeau \u00e0 partir de 16h00 pour vous installer et ensuite d\u00eener ensemble. Apr\u00e8s ce premier repas nous allons faire notre premier activit\u00e9 nocturne, avant l&rsquo;heure de se coucher. Chaque jour les activit\u00e9s vont se r\u00e9aliser de 9h30 \u00e0 12h30, pause d\u00e9jeuner, reprise autour de 15h00 jusqu&rsquo;\u00e0 18h00, ensuite repas et activit\u00e9 du soir entre 20h00 et 21h00. Le dimanche 18 janvier nous finirons \u00e2pres la pause d\u00e9jeuner midi, autour de 14h00\/14h30 dont vous allez pouvoir repartir avec votre c\u0153ur rempli de fleurs. Les horaires des ateliers peuvent \u00eatre modifies selon les besoins du moment. Tarif des transmissions et Inscription Tarif r\u00e9duit : 330 \u20ac &#8211; Jusqu\u2019au 20 d\u00e9cembre Tarif normale: 380 \u20ac R\u00e9duction pour les anciennes stagiaires \u00e0 consulter. Pour vous inscrire c&rsquo;est en ligne! en cliquant sur le bouton ci dessous, vous bercerez des ARRHES NON REMBOURSABLES d&rsquo;un montant de 80 \u20ac. Le reste vous le paierez en liquide le jeudi 15 janvier en arrivant sur place. Remboursement des arrhes si la retraite n&rsquo;es pas maintenu pour manque d&rsquo;inscriptions ou probl\u00e8me de force majeur. Logement et repas Tarif: 215 \u20ac \u00e0 payer en liquide sur place en arrivant. Ce montant est ind\u00e9pendant des tarifs de transmission et \u00e0 r\u00e9gler directement avec l&rsquo;espace \u00ab\u00a0Terre de reliance\u00a0\u00bb les repas : R\u00e9servation de chambre par ordre d&rsquo;arriv\u00e9e suite \u00e0 votre inscription. 12 lits disponibles. Draps fournis. Salles de bains et toilettes relatifs par chambre. Vous profiterez aussi de toutes les installations: Le lieu : L&rsquo;adresse exacte du lieu est le 339 chemin de la mothe 24380 Val de Louyre et Caudeau. Dans le cas dont vous devrez annuler votre participation au dernier moment, un paiement de 100 \u20ac en d\u00e9dommagement pour le logement et la cuisine vous sera demand\u00e9 et indiqu\u00e9 le mode de paiement. Nous comptons avec votre compr\u00e9hension, votre engagement et votre responsabilit\u00e9. Merci! Pour tout demande de renseignement, n\u2019h\u00e9sitez pas \u00e0 me contacter! Je serai ravie d&rsquo;\u00e9changer avec vous, conna\u00eetre vos motivations et r\u00e9pondre \u00e0 vos question. Avec cr\u00e9ativit\u00e9 et amour! Natalia<\/p>\n","protected":false},"author":2,"featured_media":0,"parent":0,"menu_order":0,"comment_status":"closed","ping_status":"closed","template":"","meta":{"footnotes":""},"class_list":["post-2111","page","type-page","status-publish","hentry"],"_links":{"self":[{"href":"https:\/\/voixducorps.com\/index.php?rest_route=\/wp\/v2\/pages\/2111","targetHints":{"allow":["GET"]}}],"collection":[{"href":"https:\/\/voixducorps.com\/index.php?rest_route=\/wp\/v2\/pages"}],"about":[{"href":"https:\/\/voixducorps.com\/index.php?rest_route=\/wp\/v2\/types\/page"}],"author":[{"embeddable":true,"href":"https:\/\/voixducorps.com\/index.php?rest_route=\/wp\/v2\/users\/2"}],"replies":[{"embeddable":true,"href":"https:\/\/voixducorps.com\/index.php?rest_route=%2Fwp%2Fv2%2Fcomments&post=2111"}],"version-history":[{"count":2,"href":"https:\/\/voixducorps.com\/index.php?rest_route=\/wp\/v2\/pages\/2111\/revisions"}],"predecessor-version":[{"id":2115,"href":"https:\/\/voixducorps.com\/index.php?rest_route=\/wp\/v2\/pages\/2111\/revisions\/2115"}],"wp:attachment":[{"href":"https:\/\/voixducorps.com\/index.php?rest_route=%2Fwp%2Fv2%2Fmedia&parent=2111"}],"curies":[{"name":"wp","href":"https:\/\/api.w.org\/{rel}","templated":true}]}}