{"id":22,"date":"2024-01-26T00:22:45","date_gmt":"2024-01-25T23:22:45","guid":{"rendered":"https:\/\/voixducorps.com\/?page_id=22"},"modified":"2025-09-10T16:03:04","modified_gmt":"2025-09-10T14:03:04","slug":"natalia-magliano","status":"publish","type":"page","link":"https:\/\/voixducorps.com\/","title":{"rendered":"Natalia Magliano"},"content":{"rendered":"<div class=\"wp-block-image\">\n<figure class=\"alignleft size-full is-resized\"><img data-dominant-color=\"201815\" data-has-transparency=\"false\" loading=\"lazy\" decoding=\"async\" width=\"1080\" height=\"1080\" sizes=\"auto, (max-width: 1080px) 100vw, 1080px\" src=\"https:\/\/voixducorps.com\/wp-content\/uploads\/2025\/09\/Natalia-Flor-Magliano.jpg\" alt=\"\" class=\"wp-image-1607 not-transparent\" style=\"--dominant-color: #201815; width:547px;height:auto\"\/><figcaption class=\"wp-element-caption\">Natalia Flor Magliano &#8211; Voix M\u00e9decine du corps<\/figcaption><\/figure>\n<\/div>\n\n\n<p>Chanteuse, coach vocal et auteure-compositrice venant d\u2019Argentine.<\/p>\n\n\n\n<p>Dans son approche, la voix, le geste et l\u2019expression sont un outil puissant de connexion \u00e0 soi et aux autres. Un chemin emprunt\u00e9 \u00e0 plus de vingt ans soutenu dans la vocation et la conviction. L\u2019importance de l\u2019expression pour le bien vivre personnel et collectif.<\/p>\n\n\n\n<p>Son int\u00e9r\u00eat pour les chants ancestraux d\u2019Am\u00e9rique latine, l\u2019emm\u00e8ne dans un voyage d\u2019ethnomusicologue intuitif, elle voyage \u00e0 la rencontre des peuples autochtones en Argentine, au Br\u00e9sil et au Mexique o\u00f9 elle a v\u00e9cu pendant plusieurs ann\u00e9es pour apprendre les musiques traditionnelles dans leur aspect populaire et c\u00e9r\u00e9monial, les dits \u00ab chants m\u00e9decine \u00bb qui donneront la place plus tard au travail de la <a href=\"https:\/\/voixducorps.com\/?page_id=493\" data-type=\"link\" data-id=\"https:\/\/voixducorps.com\/?page_id=493\">Voix M\u00e9decine<\/a>.<\/p>\n\n\n\n<p>Natalia est form\u00e9e aux techniques vocales issue du chant lyrique et populaire avec Patricia<br>Antenzon ainsi que dans le conservatoire Manuel de Falla de la ville de Buenos Aires. \u00c9galement form\u00e9 au th\u00e9\u00e2tre et cirque au yoga et \u00e0 diff\u00e9rentes pratiques somatiques qui ont influenc\u00e9 un travail de la voix ax\u00e9 sur le corps.<\/p>\n\n\n\n<p>En 2003 elle \u00e0 commence \u00e0 \u00e9crire des chansons, un besoin de s\u2019exprimer en m\u00e9lodie et images, ce travail s\u2019appelait premi\u00e8rement Cana-Compo, (canalisation et composition) aujourd\u2019hui renomm\u00e9 \u00ab Chant Talisman \u00bb, mettant en place une fa\u00e7on d\u2019aborder la cr\u00e9ation musical avec un discours inspir\u00e9e dans la symbolique personnel. Cela donna naissance \u00e0 un premier EP des chansons d\u2019autrice \u00ab Natividad y los Pajaros \u00bb (2009) et deux albums, \u00ab Segun Dicen las Flores \u00bb (2013) et \u00abOjo d&rsquo;Agua \u00bb (2024).<\/p>\n\n\n\n<p>Pour approfondir dans la langage de la composition elle int\u00e8gre un master en Cr\u00e9ation Musical, Nuevas Tecnologias y Artes Tradicionales dans l\u2019universit\u00e9 de Tres de Febrero (Buenos Aires), lui apportant une vision int\u00e9gral de l\u2019acte cr\u00e9atif. Install\u00e9e en France elle a suivi un parcours en composition et arrangement musical \u00e0 l\u2019ENM de Villeurbanne.<br>Dans le domaine du chant elle rencontre aussi les pratique des musiques improvis\u00e9es collectives, la culture du circle song (h\u00e9ritage de Bobby McFerrin) et la Musica do circulo, MDC, une formule d&rsquo;origine br\u00e9silienne qui m\u00e9lange les musiques improvis\u00e9e \u00e0 capela et les percussions corporelles et vocales comme outil de connexion humaine. Elle devienne Lead MDC depuis janvier 2024.<\/p>\n\n\n\n<p>Son int\u00e9r\u00eat pour l\u2019accompagnement des personnes dans le domaine de la voix l\u2019am\u00e8nent \u00e0 se former autour des \u00e9coles les plus reconnu en France au niveau de la technique et la p\u00e9dagogie vocal. Elle est doublement dipl\u00f4m\u00e9e d\u2019\u00e9tat comme Professeur de chant et de technique vocale avec l\u2019approche CVC d\u2019Emmanuelle Trinquesse et comme Formatrice Vocale, p\u00e9dagogie Richard Cross, ainsi que animatrice de chant pr\u00e9natal par l\u2019\u00c9cole internationale de chant pr\u00e9natal.<\/p>\n\n\n\n<p>Elle y d\u00e9veloppe son travail de transmission du chant \u00ab La Voix du Corps \u00bb (La Voz del Cuerpo) en France mais \u00e9galement en Argentine, Mexique, Br\u00e9sil pays o\u00f9 Natalia a v\u00e9cu et travaill\u00e9.<\/p>\n\n\n\n<p>Appel\u00e9e par les pratiques ancestrales qui r\u00e9unit l\u2019art et la spiritualit\u00e9 et les approches actualis\u00e9es en p\u00e9dagogie vocale, elle propose un chemin structur\u00e9 qui facilite l\u2019int\u00e9gration de l\u2019apprentissage, l\u2019expression, la cr\u00e9ativit\u00e9 et le bien-\u00eatre.<\/p>\n\n\n\n<div style=\"height:100px\" aria-hidden=\"true\" class=\"wp-block-spacer\"><\/div>\n","protected":false},"excerpt":{"rendered":"<p>Chanteuse, coach vocal et auteure-compositrice venant d\u2019Argentine. Dans son approche, la voix, le geste et l\u2019expression sont un outil puissant de connexion \u00e0 soi et aux autres. Un chemin emprunt\u00e9 \u00e0 plus de vingt ans soutenu dans la vocation et la conviction. L\u2019importance de l\u2019expression pour le bien vivre personnel et collectif. Son int\u00e9r\u00eat pour les chants ancestraux d\u2019Am\u00e9rique latine, l\u2019emm\u00e8ne dans un voyage d\u2019ethnomusicologue intuitif, elle voyage \u00e0 la rencontre des peuples autochtones en Argentine, au Br\u00e9sil et au Mexique o\u00f9 elle a v\u00e9cu pendant plusieurs ann\u00e9es pour apprendre les musiques traditionnelles dans leur aspect populaire et c\u00e9r\u00e9monial, les dits \u00ab chants m\u00e9decine \u00bb qui donneront la place plus tard au travail de la Voix M\u00e9decine. Natalia est form\u00e9e aux techniques vocales issue du chant lyrique et populaire avec PatriciaAntenzon ainsi que dans le conservatoire Manuel de Falla de la ville de Buenos Aires. \u00c9galement form\u00e9 au th\u00e9\u00e2tre et cirque au yoga et \u00e0 diff\u00e9rentes pratiques somatiques qui ont influenc\u00e9 un travail de la voix ax\u00e9 sur le corps. En 2003 elle \u00e0 commence \u00e0 \u00e9crire des chansons, un besoin de s\u2019exprimer en m\u00e9lodie et images, ce travail s\u2019appelait premi\u00e8rement Cana-Compo, (canalisation et composition) aujourd\u2019hui renomm\u00e9 \u00ab Chant Talisman \u00bb, mettant en place une fa\u00e7on d\u2019aborder la cr\u00e9ation musical avec un discours inspir\u00e9e dans la symbolique personnel. Cela donna naissance \u00e0 un premier EP des chansons d\u2019autrice \u00ab Natividad y los Pajaros \u00bb (2009) et deux albums, \u00ab Segun Dicen las Flores \u00bb (2013) et \u00abOjo d&rsquo;Agua \u00bb (2024). Pour approfondir dans la langage de la composition elle int\u00e8gre un master en Cr\u00e9ation Musical, Nuevas Tecnologias y Artes Tradicionales dans l\u2019universit\u00e9 de Tres de Febrero (Buenos Aires), lui apportant une vision int\u00e9gral de l\u2019acte cr\u00e9atif. Install\u00e9e en France elle a suivi un parcours en composition et arrangement musical \u00e0 l\u2019ENM de Villeurbanne.Dans le domaine du chant elle rencontre aussi les pratique des musiques improvis\u00e9es collectives, la culture du circle song (h\u00e9ritage de Bobby McFerrin) et la Musica do circulo, MDC, une formule d&rsquo;origine br\u00e9silienne qui m\u00e9lange les musiques improvis\u00e9e \u00e0 capela et les percussions corporelles et vocales comme outil de connexion humaine. Elle devienne Lead MDC depuis janvier 2024. Son int\u00e9r\u00eat pour l\u2019accompagnement des personnes dans le domaine de la voix l\u2019am\u00e8nent \u00e0 se former autour des \u00e9coles les plus reconnu en France au niveau de la technique et la p\u00e9dagogie vocal. Elle est doublement dipl\u00f4m\u00e9e d\u2019\u00e9tat comme Professeur de chant et de technique vocale avec l\u2019approche CVC d\u2019Emmanuelle Trinquesse et comme Formatrice Vocale, p\u00e9dagogie Richard Cross, ainsi que animatrice de chant pr\u00e9natal par l\u2019\u00c9cole internationale de chant pr\u00e9natal. Elle y d\u00e9veloppe son travail de transmission du chant \u00ab La Voix du Corps \u00bb (La Voz del Cuerpo) en France mais \u00e9galement en Argentine, Mexique, Br\u00e9sil pays o\u00f9 Natalia a v\u00e9cu et travaill\u00e9. Appel\u00e9e par les pratiques ancestrales qui r\u00e9unit l\u2019art et la spiritualit\u00e9 et les approches actualis\u00e9es en p\u00e9dagogie vocale, elle propose un chemin structur\u00e9 qui facilite l\u2019int\u00e9gration de l\u2019apprentissage, l\u2019expression, la cr\u00e9ativit\u00e9 et le bien-\u00eatre.<\/p>\n","protected":false},"author":1,"featured_media":0,"parent":0,"menu_order":0,"comment_status":"open","ping_status":"closed","template":"","meta":{"footnotes":""},"class_list":["post-22","page","type-page","status-publish","hentry"],"_links":{"self":[{"href":"https:\/\/voixducorps.com\/index.php?rest_route=\/wp\/v2\/pages\/22","targetHints":{"allow":["GET"]}}],"collection":[{"href":"https:\/\/voixducorps.com\/index.php?rest_route=\/wp\/v2\/pages"}],"about":[{"href":"https:\/\/voixducorps.com\/index.php?rest_route=\/wp\/v2\/types\/page"}],"author":[{"embeddable":true,"href":"https:\/\/voixducorps.com\/index.php?rest_route=\/wp\/v2\/users\/1"}],"replies":[{"embeddable":true,"href":"https:\/\/voixducorps.com\/index.php?rest_route=%2Fwp%2Fv2%2Fcomments&post=22"}],"version-history":[{"count":38,"href":"https:\/\/voixducorps.com\/index.php?rest_route=\/wp\/v2\/pages\/22\/revisions"}],"predecessor-version":[{"id":1609,"href":"https:\/\/voixducorps.com\/index.php?rest_route=\/wp\/v2\/pages\/22\/revisions\/1609"}],"wp:attachment":[{"href":"https:\/\/voixducorps.com\/index.php?rest_route=%2Fwp%2Fv2%2Fmedia&parent=22"}],"curies":[{"name":"wp","href":"https:\/\/api.w.org\/{rel}","templated":true}]}}