{"id":221,"date":"2024-09-11T01:16:49","date_gmt":"2024-09-10T23:16:49","guid":{"rendered":"https:\/\/voixducorps.com\/?page_id=221"},"modified":"2025-01-05T14:43:22","modified_gmt":"2025-01-05T13:43:22","slug":"celebra-y-canta-2","status":"publish","type":"page","link":"https:\/\/voixducorps.com\/?page_id=221","title":{"rendered":"Celebra y canta"},"content":{"rendered":"\n<blockquote class=\"wp-block-quote is-layout-flow wp-block-quote-is-layout-flow\">\n<p>Une exp\u00e9rience musicale collective<\/p>\n<\/blockquote>\n\n\n\n<div style=\"height:53px\" aria-hidden=\"true\" class=\"wp-block-spacer\"><\/div>\n\n\n\n<p>Un concert, un cercle de chant m\u00e9decine, un espace de mouvement, des cr\u00e9ations improvis\u00e9s, de danses collectives. Tout cela est CELEBRA Y CANTA, un moment unique, cr\u00e9e dans l&rsquo;\u00e9nergie du pr\u00e9sent et  l&rsquo;\u00e9nergie des personnes pr\u00e9sentes. Un moment suspendu pour se rencontrer avec sa propre vitalit\u00e9, son propre espace sacr\u00e9, sa propre c\u00e9l\u00e9bration.<\/p>\n\n\n<div class=\"wp-block-image\">\n<figure class=\"alignleft size-large is-resized\"><img data-dominant-color=\"5a7594\" data-has-transparency=\"false\" loading=\"lazy\" decoding=\"async\" width=\"683\" height=\"1024\" sizes=\"auto, (max-width: 683px) 100vw, 683px\" src=\"https:\/\/voixducorps.com\/wp-content\/uploads\/2024\/09\/IMG_1794-683x1024.avif\" alt=\"\" class=\"wp-image-223 not-transparent\" style=\"--dominant-color: #5a7594; width:350px;height:auto\" srcset=\"https:\/\/voixducorps.com\/wp-content\/uploads\/2024\/09\/IMG_1794-683x1024.avif 683w, https:\/\/voixducorps.com\/wp-content\/uploads\/2024\/09\/IMG_1794-200x300.avif 200w, https:\/\/voixducorps.com\/wp-content\/uploads\/2024\/09\/IMG_1794-768x1152.avif 768w, https:\/\/voixducorps.com\/wp-content\/uploads\/2024\/09\/IMG_1794-1024x1536.avif 1024w, https:\/\/voixducorps.com\/wp-content\/uploads\/2024\/09\/IMG_1794-jpg.avif 1067w\" \/><\/figure>\n<\/div>\n\n\n<div class=\"wp-block-columns is-layout-flex wp-container-core-columns-is-layout-28f84493 wp-block-columns-is-layout-flex\">\n<div class=\"wp-block-column is-layout-flow wp-block-column-is-layout-flow\">\n<div style=\"height:38px\" aria-hidden=\"true\" class=\"wp-block-spacer\"><\/div>\n<\/div>\n\n\n\n<div class=\"wp-block-column is-layout-flow wp-block-column-is-layout-flow\"><\/div>\n<\/div>\n\n\n\n<p><strong>Prochaine date:<\/strong><\/p>\n\n\n\n<ul class=\"wp-block-list\">\n<li>Le 14 septembre 2024 \u00e0 19h00<\/li>\n<\/ul>\n\n\n\n<p>Le Manoir du Ster, 29760 Penmarch<\/p>\n\n\n\n<div class=\"wp-block-buttons is-layout-flex wp-block-buttons-is-layout-flex\"><\/div>\n","protected":false},"excerpt":{"rendered":"<p>Une exp\u00e9rience musicale collective Un concert, un cercle de chant m\u00e9decine, un espace de mouvement, des cr\u00e9ations improvis\u00e9s, de danses collectives. Tout cela est CELEBRA Y CANTA, un moment unique, cr\u00e9e dans l&rsquo;\u00e9nergie du pr\u00e9sent et l&rsquo;\u00e9nergie des personnes pr\u00e9sentes. Un moment suspendu pour se rencontrer avec sa propre vitalit\u00e9, son propre espace sacr\u00e9, sa propre c\u00e9l\u00e9bration. Prochaine date: Le Manoir du Ster, 29760 Penmarch<\/p>\n","protected":false},"author":2,"featured_media":0,"parent":392,"menu_order":0,"comment_status":"closed","ping_status":"closed","template":"","meta":{"footnotes":""},"class_list":["post-221","page","type-page","status-publish","hentry"],"_links":{"self":[{"href":"https:\/\/voixducorps.com\/index.php?rest_route=\/wp\/v2\/pages\/221","targetHints":{"allow":["GET"]}}],"collection":[{"href":"https:\/\/voixducorps.com\/index.php?rest_route=\/wp\/v2\/pages"}],"about":[{"href":"https:\/\/voixducorps.com\/index.php?rest_route=\/wp\/v2\/types\/page"}],"author":[{"embeddable":true,"href":"https:\/\/voixducorps.com\/index.php?rest_route=\/wp\/v2\/users\/2"}],"replies":[{"embeddable":true,"href":"https:\/\/voixducorps.com\/index.php?rest_route=%2Fwp%2Fv2%2Fcomments&post=221"}],"version-history":[{"count":12,"href":"https:\/\/voixducorps.com\/index.php?rest_route=\/wp\/v2\/pages\/221\/revisions"}],"predecessor-version":[{"id":395,"href":"https:\/\/voixducorps.com\/index.php?rest_route=\/wp\/v2\/pages\/221\/revisions\/395"}],"up":[{"embeddable":true,"href":"https:\/\/voixducorps.com\/index.php?rest_route=\/wp\/v2\/pages\/392"}],"wp:attachment":[{"href":"https:\/\/voixducorps.com\/index.php?rest_route=%2Fwp%2Fv2%2Fmedia&parent=221"}],"curies":[{"name":"wp","href":"https:\/\/api.w.org\/{rel}","templated":true}]}}