{"id":2358,"date":"2026-01-27T05:53:30","date_gmt":"2026-01-27T04:53:30","guid":{"rendered":"https:\/\/voixducorps.com\/?page_id=2358"},"modified":"2026-01-27T05:53:30","modified_gmt":"2026-01-27T04:53:30","slug":"celebration-yemanja","status":"publish","type":"page","link":"https:\/\/voixducorps.com\/?page_id=2358","title":{"rendered":"C\u00e9l\u00e9bration Yemanj\u00e1"},"content":{"rendered":"\n<p>Le 2 f\u00e9vrier est la c\u00e9l\u00e9bration de La Reine des Mers Yemanj\u00e1. Divinit\u00e9 originaire de l&rsquo;Afrique de l&rsquo;ouest voyag\u00e9 dans des navires esclaves arrivant dans les terres d\u2019Am\u00e9rique o\u00f9 elle s&rsquo;est install\u00e9, transform\u00e9, m\u00e9tiss\u00e9 et refond\u00e9 une nouvelle identit\u00e9 qui l&rsquo;a propuls\u00e9 avec sa propre force \u00e0 se faire conna\u00eetre et reconna\u00eetre pour r\u00e9pandre une culture autour la nature et de la force du vivant. La mer, l&rsquo;eau sal\u00e9, l&rsquo;eau sacr\u00e9e. La m\u00e8re des poissons est toujours l\u00e0 pour accomplir des miracles et pour recevoir nos fleurs.<\/p>\n\n\n<div class=\"wp-block-image\">\n<figure class=\"aligncenter size-full is-resized\"><img data-dominant-color=\"6b8d97\" data-has-transparency=\"false\" loading=\"lazy\" decoding=\"async\" width=\"1080\" height=\"1440\" sizes=\"auto, (max-width: 1080px) 100vw, 1080px\" src=\"https:\/\/voixducorps.com\/wp-content\/uploads\/2026\/01\/La-voix.e-de-la-femme-jaguar-Post-de-Instagram-34.jpg\" alt=\"\" class=\"wp-image-2360 not-transparent\" style=\"--dominant-color: #6b8d97; width:420px;height:auto\"\/><\/figure>\n<\/div>\n\n\n<p>Dans cette occasion et avec un humble d\u00e9sir de c\u00e9l\u00e9brer cette grand m\u00e8re je vous propose une rencontre pour partager plus autour de l&rsquo;\u00e9nergie de cette orix\u00e1, nous connecter avec sa force et pouvoir se relier dans une intention avec ce qui nous anime dans sa vague de mouvement de libert\u00e9.<\/p>\n\n\n\n<p>Intention et c\u00e9l\u00e9bration, nous chanterons plusieurs chants dans son honneur et nous ferons une offrande ensemble.<\/p>\n\n\n\n<p>Pour y participer il faut s&rsquo;inscrire avec un message \u00e0 travers le formulaire de la page accueille de ce site, ou directement \u00e0 travers ce deux mails avec le sujet : YEMANJA<\/p>\n\n\n\n<p>chantscirculaires@gmail.com<\/p>\n\n\n\n<p>info@voixducorps.com<\/p>\n\n\n\n<p>Vous allez recevoir le lien zoom, des paroles et des indications pour notre rituel.<\/p>\n\n\n\n<p>Rendez vous LUNDI 2 F\u00c9VRIER \u00e018H30 (horaire Paris)<\/p>\n\n\n\n<p>Dur\u00e9 entre 40 min et 1 heure.<\/p>\n\n\n\n<p>GRATUIT<\/p>\n\n\n\n<p>Je vous attends avec tout l&rsquo;\u00e9motion qui me relie \u00e0 cette orix\u00e1 depuis long temps.<\/p>\n\n\n\n<p>Avec la joie d&rsquo;une enfant dans l&rsquo;eau je vous dites \u00e0 ce jour l\u00e0!<\/p>\n\n\n\n<p>Natalia Flor<\/p>\n\n\n\n<p><\/p>\n","protected":false},"excerpt":{"rendered":"<p>Le 2 f\u00e9vrier est la c\u00e9l\u00e9bration de La Reine des Mers Yemanj\u00e1. Divinit\u00e9 originaire de l&rsquo;Afrique de l&rsquo;ouest voyag\u00e9 dans des navires esclaves arrivant dans les terres d\u2019Am\u00e9rique o\u00f9 elle s&rsquo;est install\u00e9, transform\u00e9, m\u00e9tiss\u00e9 et refond\u00e9 une nouvelle identit\u00e9 qui l&rsquo;a propuls\u00e9 avec sa propre force \u00e0 se faire conna\u00eetre et reconna\u00eetre pour r\u00e9pandre une culture autour la nature et de la force du vivant. La mer, l&rsquo;eau sal\u00e9, l&rsquo;eau sacr\u00e9e. La m\u00e8re des poissons est toujours l\u00e0 pour accomplir des miracles et pour recevoir nos fleurs. Dans cette occasion et avec un humble d\u00e9sir de c\u00e9l\u00e9brer cette grand m\u00e8re je vous propose une rencontre pour partager plus autour de l&rsquo;\u00e9nergie de cette orix\u00e1, nous connecter avec sa force et pouvoir se relier dans une intention avec ce qui nous anime dans sa vague de mouvement de libert\u00e9. Intention et c\u00e9l\u00e9bration, nous chanterons plusieurs chants dans son honneur et nous ferons une offrande ensemble. Pour y participer il faut s&rsquo;inscrire avec un message \u00e0 travers le formulaire de la page accueille de ce site, ou directement \u00e0 travers ce deux mails avec le sujet : YEMANJA chantscirculaires@gmail.com info@voixducorps.com Vous allez recevoir le lien zoom, des paroles et des indications pour notre rituel. Rendez vous LUNDI 2 F\u00c9VRIER \u00e018H30 (horaire Paris) Dur\u00e9 entre 40 min et 1 heure. GRATUIT Je vous attends avec tout l&rsquo;\u00e9motion qui me relie \u00e0 cette orix\u00e1 depuis long temps. Avec la joie d&rsquo;une enfant dans l&rsquo;eau je vous dites \u00e0 ce jour l\u00e0! Natalia Flor<\/p>\n","protected":false},"author":2,"featured_media":0,"parent":0,"menu_order":0,"comment_status":"closed","ping_status":"closed","template":"","meta":{"footnotes":""},"class_list":["post-2358","page","type-page","status-publish","hentry"],"_links":{"self":[{"href":"https:\/\/voixducorps.com\/index.php?rest_route=\/wp\/v2\/pages\/2358","targetHints":{"allow":["GET"]}}],"collection":[{"href":"https:\/\/voixducorps.com\/index.php?rest_route=\/wp\/v2\/pages"}],"about":[{"href":"https:\/\/voixducorps.com\/index.php?rest_route=\/wp\/v2\/types\/page"}],"author":[{"embeddable":true,"href":"https:\/\/voixducorps.com\/index.php?rest_route=\/wp\/v2\/users\/2"}],"replies":[{"embeddable":true,"href":"https:\/\/voixducorps.com\/index.php?rest_route=%2Fwp%2Fv2%2Fcomments&post=2358"}],"version-history":[{"count":2,"href":"https:\/\/voixducorps.com\/index.php?rest_route=\/wp\/v2\/pages\/2358\/revisions"}],"predecessor-version":[{"id":2362,"href":"https:\/\/voixducorps.com\/index.php?rest_route=\/wp\/v2\/pages\/2358\/revisions\/2362"}],"wp:attachment":[{"href":"https:\/\/voixducorps.com\/index.php?rest_route=%2Fwp%2Fv2%2Fmedia&parent=2358"}],"curies":[{"name":"wp","href":"https:\/\/api.w.org\/{rel}","templated":true}]}}