{"id":2375,"date":"2026-02-01T06:33:53","date_gmt":"2026-02-01T05:33:53","guid":{"rendered":"https:\/\/voixducorps.com\/?page_id=2375"},"modified":"2026-03-16T15:45:09","modified_gmt":"2026-03-16T14:45:09","slug":"presence","status":"publish","type":"page","link":"https:\/\/voixducorps.com\/?page_id=2375","title":{"rendered":"Pr\u00e9sence &#8211; La Voix M\u00e9decine"},"content":{"rendered":"\n<h5 class=\"wp-block-heading\">Pr\u00e9sence &#8211; La Voix M\u00e9decine<\/h5>\n\n\n\n<div style=\"height:30px\" aria-hidden=\"true\" class=\"wp-block-spacer\"><\/div>\n\n\n\n<p><em>Un voyage rituel au c\u0153ur des arch\u00e9types f\u00e9minins<\/em><\/p>\n\n\n\n<figure class=\"wp-block-image size-full is-resized\"><img data-dominant-color=\"3d2140\" data-has-transparency=\"false\" loading=\"lazy\" decoding=\"async\" width=\"1080\" height=\"1440\" sizes=\"auto, (max-width: 1080px) 100vw, 1080px\" src=\"https:\/\/voixducorps.com\/wp-content\/uploads\/2026\/02\/Presence-Post.jpg\" alt=\"\" class=\"wp-image-2382 not-transparent\" style=\"--dominant-color: #3d2140; width:312px;height:auto\"\/><\/figure>\n\n\n\n<div style=\"height:30px\" aria-hidden=\"true\" class=\"wp-block-spacer\"><\/div>\n\n\n\n<p>D\u00e8s le <strong>jeudi 5<\/strong><strong> mars<\/strong>, nous nous retrouverons chaque semaine dans un sanctuaire virtuel pour explorer la puissance de notre voix. Ce n\u2019est pas un cours de chant classique, mais un espace de lib\u00e9ration et de joie.<\/p>\n\n\n\n<p><strong>Au programme de ce cycle :<\/strong><\/p>\n\n\n\n<ul class=\"wp-block-list\">\n<li><strong>Pr\u00e9sence &amp; Corps :<\/strong> Apprendre \u00e0 habiter son corps-instrument pour laisser circuler l&rsquo;\u00e9nergie et se permettre de fuir avec la voix.<\/li>\n\n\n\n<li><strong>La Visite des Arch\u00e9types :<\/strong> Chaque mois, nous irons \u00e0 la rencontre d&rsquo;une facette du f\u00e9minin (la Femme Sauvage, Diff\u00e9rentes d\u00e9esses, Orixas f\u00e9minins et leurs forces et \u00e9l\u00e9ments) \u00e0 travers des chants m\u00e9decine sp\u00e9cifiques.<\/li>\n\n\n\n<li><strong>Lib\u00e9ration Cr\u00e9ative :<\/strong> Un espace sans jugement pour oser son son authentique et toucher notre cr\u00e9ativit\u00e9 avec des exercices cr\u00e9atifs pour r\u00e9veiller notre propre sage, pr\u00eatresse, femme sauvage, po\u00e9tesse.<\/li>\n\n\n\n<li><strong>Technique vocale&nbsp;: <\/strong>Voix et musicalit\u00e9, somatique et ludique.<\/li>\n<\/ul>\n\n\n\n<div style=\"height:31px\" aria-hidden=\"true\" class=\"wp-block-spacer\"><\/div>\n\n\n\n<p><strong>INFOS PRATIQUES :<\/strong><\/p>\n\n\n\n<p><strong>Mardis et Jeudis :<\/strong><\/p>\n\n\n\n<p> Mardi 10h00  &#8211; 11h30 (jusqu&rsquo;\u00e0 fin juin selon formation de groupe)<\/p>\n\n\n\n<p>Jeudi de 18h00 &#8211; 19h30 (jusqu&rsquo;au 24 avril)<\/p>\n\n\n\n<p><strong>Format :<\/strong> En ligne (Zoom), dans le confort de votre foyer<\/p>\n\n\n\n<p><strong>Engagement :<\/strong> 60 \u20ac \/ mois (renouvelable).<\/p>\n\n\n\n<div style=\"height:30px\" aria-hidden=\"true\" class=\"wp-block-spacer\"><\/div>\n\n\n\n<p><strong>Pour t&rsquo;inscrire clique directement ici :<\/strong><\/p>\n\n\n<p><script async\n  src=\"https:\/\/js.stripe.com\/v3\/buy-button.js\">\n<\/script><\/p>\n<p><stripe-buy-button\n  buy-button-id=\"buy_btn_1SvsI4G4HmNc0HTpTF1sSUBo\"\n  publishable-key=\"pk_live_51Q8htCG4HmNc0HTpUHGnvynRZRIeMkCVhsVspuuidv5FwpZvoF0LO42YfaMyBUc1DMNfCRs0Kg6pW1Ji1P61Pwrz00k4UQ1Awt\"\n><br \/>\n<\/stripe-buy-button><\/p>\n\n\n\n<div style=\"height:29px\" aria-hidden=\"true\" class=\"wp-block-spacer\"><\/div>\n\n\n\n<p>Avec grand plaisir de partager ce voyage ensemble vers la voix, la connexion, la pr\u00e9sence.<\/p>\n\n\n\n<p class=\"has-text-align-center\">Natalia<\/p>\n","protected":false},"excerpt":{"rendered":"<p>Pr\u00e9sence &#8211; La Voix M\u00e9decine Un voyage rituel au c\u0153ur des arch\u00e9types f\u00e9minins D\u00e8s le jeudi 5 mars, nous nous retrouverons chaque semaine dans un sanctuaire virtuel pour explorer la puissance de notre voix. Ce n\u2019est pas un cours de chant classique, mais un espace de lib\u00e9ration et de joie. Au programme de ce cycle : INFOS PRATIQUES : Mardis et Jeudis : Mardi 10h00 &#8211; 11h30 (jusqu&rsquo;\u00e0 fin juin selon formation de groupe) Jeudi de 18h00 &#8211; 19h30 (jusqu&rsquo;au 24 avril) Format : En ligne (Zoom), dans le confort de votre foyer Engagement : 60 \u20ac \/ mois (renouvelable). Pour t&rsquo;inscrire clique directement ici : Avec grand plaisir de partager ce voyage ensemble vers la voix, la connexion, la pr\u00e9sence. Natalia<\/p>\n","protected":false},"author":2,"featured_media":0,"parent":0,"menu_order":0,"comment_status":"closed","ping_status":"closed","template":"","meta":{"footnotes":""},"class_list":["post-2375","page","type-page","status-publish","hentry"],"_links":{"self":[{"href":"https:\/\/voixducorps.com\/index.php?rest_route=\/wp\/v2\/pages\/2375","targetHints":{"allow":["GET"]}}],"collection":[{"href":"https:\/\/voixducorps.com\/index.php?rest_route=\/wp\/v2\/pages"}],"about":[{"href":"https:\/\/voixducorps.com\/index.php?rest_route=\/wp\/v2\/types\/page"}],"author":[{"embeddable":true,"href":"https:\/\/voixducorps.com\/index.php?rest_route=\/wp\/v2\/users\/2"}],"replies":[{"embeddable":true,"href":"https:\/\/voixducorps.com\/index.php?rest_route=%2Fwp%2Fv2%2Fcomments&post=2375"}],"version-history":[{"count":11,"href":"https:\/\/voixducorps.com\/index.php?rest_route=\/wp\/v2\/pages\/2375\/revisions"}],"predecessor-version":[{"id":2497,"href":"https:\/\/voixducorps.com\/index.php?rest_route=\/wp\/v2\/pages\/2375\/revisions\/2497"}],"wp:attachment":[{"href":"https:\/\/voixducorps.com\/index.php?rest_route=%2Fwp%2Fv2%2Fmedia&parent=2375"}],"curies":[{"name":"wp","href":"https:\/\/api.w.org\/{rel}","templated":true}]}}