{"id":2429,"date":"2026-02-23T22:34:10","date_gmt":"2026-02-23T21:34:10","guid":{"rendered":"https:\/\/voixducorps.com\/?page_id=2429"},"modified":"2026-03-27T01:01:11","modified_gmt":"2026-03-27T00:01:11","slug":"la-encantada","status":"publish","type":"page","link":"https:\/\/voixducorps.com\/?page_id=2429","title":{"rendered":"La Encantada"},"content":{"rendered":"\n<div style=\"height:30px\" aria-hidden=\"true\" class=\"wp-block-spacer\"><\/div>\n\n\n\n<h2 class=\"wp-block-heading has-text-align-center\">Ensemble vocal F\u00e9minin<\/h2>\n\n\n\n<div style=\"height:30px\" aria-hidden=\"true\" class=\"wp-block-spacer\"><\/div>\n\n\n\n<p class=\"has-text-align-center\"><strong>Une c\u00e9l\u00e9bration vocale au c\u0153ur de Lyon<\/strong>, <strong>un cercle de joie!<\/strong><\/p>\n\n\n\n<div style=\"height:30px\" aria-hidden=\"true\" class=\"wp-block-spacer\"><\/div>\n\n\n\n<p class=\"has-text-align-center\">Vous avez envie de conna\u00eetre votre voix sans pression et avec plaisir? Rejoignez-nous chaque mardi pour un espace unique o\u00f9 la musique se vit comme un jeu, un souffle et un mouvement partag\u00e9.<\/p>\n\n\n\n<p class=\"has-text-align-center\">Chanter ensemble, entre femmes, Musiques du Monde, Am\u00e9rique Latine, chants M\u00e9decine.<\/p>\n\n\n\n<div style=\"height:30px\" aria-hidden=\"true\" class=\"wp-block-spacer\"><\/div>\n\n\n<div class=\"wp-block-image\">\n<figure class=\"aligncenter size-large is-resized\"><img data-dominant-color=\"ad28a0\" data-has-transparency=\"false\" loading=\"lazy\" decoding=\"async\" width=\"1024\" height=\"576\" sizes=\"auto, (max-width: 1024px) 100vw, 1024px\" src=\"https:\/\/voixducorps.com\/wp-content\/uploads\/2026\/02\/aldenaire-1920-x-1080-px1-1024x576.avif\" alt=\"\" class=\"wp-image-2434 not-transparent\" style=\"--dominant-color: #ad28a0; width:670px;height:auto\" srcset=\"https:\/\/voixducorps.com\/wp-content\/uploads\/2026\/02\/aldenaire-1920-x-1080-px1-1024x576.avif 1024w, https:\/\/voixducorps.com\/wp-content\/uploads\/2026\/02\/aldenaire-1920-x-1080-px1-300x169.avif 300w, https:\/\/voixducorps.com\/wp-content\/uploads\/2026\/02\/aldenaire-1920-x-1080-px1-768x432.avif 768w, https:\/\/voixducorps.com\/wp-content\/uploads\/2026\/02\/aldenaire-1920-x-1080-px1-1536x864.avif 1536w, https:\/\/voixducorps.com\/wp-content\/uploads\/2026\/02\/aldenaire-1920-x-1080-px1-1140x641.avif 1140w, https:\/\/voixducorps.com\/wp-content\/uploads\/2026\/02\/aldenaire-1920-x-1080-px1.avif 1920w\" \/><\/figure>\n<\/div>\n\n\n<div style=\"height:30px\" aria-hidden=\"true\" class=\"wp-block-spacer\"><\/div>\n\n\n\n<h3 class=\"wp-block-heading\">L\u2019Approche : Le chant par le jeu et le ressenti<\/h3>\n\n\n\n<div style=\"height:30px\" aria-hidden=\"true\" class=\"wp-block-spacer\"><\/div>\n\n\n\n<p>Ici, nous ne cherchons pas la performance, mais la <strong>r\u00e9sonance<\/strong>. Sous la direction de <strong>Natalia<\/strong> Magliano, professeure de chant doublement dipl\u00f4m\u00e9 d&rsquo;\u00e9tat, passionn\u00e9e par les chants de racines et l\u2019exploration musicale, vous d\u00e9couvrirez une p\u00e9dagogie bienveillante centr\u00e9e sur :<\/p>\n\n\n\n<ul class=\"wp-block-list\">\n<li><strong>La Proprioception :<\/strong> Apprendre \u00e0 ressentir le son dans son corps pour mieux se relier au tout.<\/li>\n\n\n\n<li><strong>L\u2019Apprentissage par le Jeu :<\/strong> Utiliser l&rsquo;amusement et l&rsquo;exploration comme moteurs de progression.<\/li>\n\n\n\n<li><strong>Le Tissage des Arts :<\/strong> Un m\u00e9lange organique entre chants du monde et d&rsquo;Am\u00e9rique Latine, percussion corporelle et musique improvis\u00e9e.<\/li>\n\n\n\n<li><strong>La Force du Cercle :<\/strong> Une exp\u00e9rience tonifiante pour l\u2019\u00e2me, o\u00f9 chaque voix contribue \u00e0 une f\u00eate chant\u00e9e et \u00e0 un ensemble des voix des femmes qui s\u2019expriment en libert\u00e9.<\/li>\n<\/ul>\n\n\n\n<div style=\"height:30px\" aria-hidden=\"true\" class=\"wp-block-spacer\"><\/div>\n\n\n\n<h3 class=\"wp-block-heading\">Pour qui ?<\/h3>\n\n\n\n<p><strong>Femmes de + 18 | Tous niveaux.<\/strong> Peu importe votre exp\u00e9rience musicale, si vous souhaitez vivre une exp\u00e9rience de <strong>connexion humaine<\/strong> authentique \u00e0 travers la force vivifiante du chant collectif, c&rsquo;est ici!.<\/p>\n\n\n\n<div style=\"height:30px\" aria-hidden=\"true\" class=\"wp-block-spacer\"><\/div>\n\n\n\n<h3 class=\"wp-block-heading\">Infos Pratiques<\/h3>\n\n\n\n<ul class=\"wp-block-list\">\n<li><strong>Quand :<\/strong> Trois mardis au mois | <strong>18h30 \u2013 20h30<\/strong> entre mars et juin.<\/li>\n\n\n\n<li><strong>O\u00f9 :<\/strong> au 6B-Tiers Lieu. 6 Pl Bellecour 69002 (Face \u00e0 la Place Bellecour)<\/li>\n\n\n\n<li><strong>Tarif :<\/strong> <strong>60 \u20ac<\/strong> <strong>En esp\u00e8ces sur place<\/strong> ou payement en ligne (R\u00e9duction anciens stagiaires et \u00e9tudiantes, autres cas de figure \u00e0 consulter)<\/li>\n\n\n\n<li><strong>L&rsquo;esprit :<\/strong> Un espace bienveillant et lib\u00e9rateur pour se musicaliser, se faire plaisir, d\u00e9couvrir la propre beaut\u00e9 vocale et celle qui se multiplie en groupe.<\/li>\n\n\n\n<li><strong>Engagement :<\/strong> Renouvellement mensuel<\/li>\n\n\n\n<li><strong>Inscriptions ouvertes<\/strong> entre mars et juin<\/li>\n\n\n\n<li><strong>Cours d&rsquo;essai possible!<\/strong> si vous ne connaissez pas la proposition et souhaitez d\u00e9couvrir avant d&rsquo;un engagement mensuel le <strong>tarif d&rsquo;un cours d&rsquo;essai est de 25 \u20ac<\/strong>.<\/li>\n<\/ul>\n\n\n\n<blockquote class=\"wp-block-quote is-layout-flow wp-block-quote-is-layout-flow\">\n<p><strong>Les mardis qui n&rsquo;aurai pas de cours : <\/strong><\/p>\n\n\n\n<ul class=\"wp-block-list\">\n<li>24 Mars<\/li>\n\n\n\n<li>7 Avril<\/li>\n\n\n\n<li>21 Avril<\/li>\n\n\n\n<li>26 Mai<\/li>\n\n\n\n<li>2 Juin<\/li>\n\n\n\n<li>23 Juin<\/li>\n<\/ul>\n\n\n\n<p><\/p>\n\n\n\n<p><em>\u00ab\u00a0Venir pour le chant, rester pour la vibration.\u00a0\u00bb<\/em><\/p>\n<\/blockquote>\n\n\n\n<figure class=\"wp-block-image size-large is-resized\"><img data-dominant-color=\"45476e\" data-has-transparency=\"false\" loading=\"lazy\" decoding=\"async\" width=\"576\" height=\"1024\" sizes=\"auto, (max-width: 576px) 100vw, 576px\" src=\"https:\/\/voixducorps.com\/wp-content\/uploads\/2026\/02\/aldenaire-Tu-Story6-576x1024.avif\" alt=\"\" class=\"wp-image-2441 not-transparent\" style=\"--dominant-color: #45476e; width:332px;height:auto\" srcset=\"https:\/\/voixducorps.com\/wp-content\/uploads\/2026\/02\/aldenaire-Tu-Story6-576x1024.avif 576w, https:\/\/voixducorps.com\/wp-content\/uploads\/2026\/02\/aldenaire-Tu-Story6-169x300.avif 169w, https:\/\/voixducorps.com\/wp-content\/uploads\/2026\/02\/aldenaire-Tu-Story6-768x1365.avif 768w, https:\/\/voixducorps.com\/wp-content\/uploads\/2026\/02\/aldenaire-Tu-Story6-864x1536.avif 864w, https:\/\/voixducorps.com\/wp-content\/uploads\/2026\/02\/aldenaire-Tu-Story6.avif 1080w\" \/><\/figure>\n\n\n\n<div style=\"height:30px\" aria-hidden=\"true\" class=\"wp-block-spacer\"><\/div>\n\n\n\n<h3 class=\"wp-block-heading\">Inscriptions :<\/h3>\n\n\n\n<p>En cliquant sur le bouton vous pouvez vous inscrire directement. Ce tarif comprends les 3 cours mensuels. Pour informations ou suite \u00e0 votre inscription, rentr\u00e9 en contact \u00e0 chantscirculaires@gmail.com.<\/p>\n\n\n\n<div style=\"height:30px\" aria-hidden=\"true\" class=\"wp-block-spacer\"><\/div>\n\n\n<p><script async\n  src=\"https:\/\/js.stripe.com\/v3\/buy-button.js\">\n<\/script><\/p>\n<p><stripe-buy-button\n  buy-button-id=\"buy_btn_1T4hlzG4HmNc0HTpsIsok20y\"\n  publishable-key=\"pk_live_51Q8htCG4HmNc0HTpUHGnvynRZRIeMkCVhsVspuuidv5FwpZvoF0LO42YfaMyBUc1DMNfCRs0Kg6pW1Ji1P61Pwrz00k4UQ1Awt\"\n><br \/>\n<\/stripe-buy-button><\/p>\n\n\n\n<div style=\"height:30px\" aria-hidden=\"true\" class=\"wp-block-spacer\"><\/div>\n\n\n\n<p class=\"has-text-align-center\">Avec le c\u0153ur vibrante de partager LA ENCANTADA  un espace enchant\u00e9 de magie vocale et de connexion humaine.<\/p>\n\n\n\n<div style=\"height:50px\" aria-hidden=\"true\" class=\"wp-block-spacer\"><\/div>\n","protected":false},"excerpt":{"rendered":"<p>Ensemble vocal F\u00e9minin Une c\u00e9l\u00e9bration vocale au c\u0153ur de Lyon, un cercle de joie! Vous avez envie de conna\u00eetre votre voix sans pression et avec plaisir? Rejoignez-nous chaque mardi pour un espace unique o\u00f9 la musique se vit comme un jeu, un souffle et un mouvement partag\u00e9. Chanter ensemble, entre femmes, Musiques du Monde, Am\u00e9rique Latine, chants M\u00e9decine. L\u2019Approche : Le chant par le jeu et le ressenti Ici, nous ne cherchons pas la performance, mais la r\u00e9sonance. Sous la direction de Natalia Magliano, professeure de chant doublement dipl\u00f4m\u00e9 d&rsquo;\u00e9tat, passionn\u00e9e par les chants de racines et l\u2019exploration musicale, vous d\u00e9couvrirez une p\u00e9dagogie bienveillante centr\u00e9e sur : Pour qui ? Femmes de + 18 | Tous niveaux. Peu importe votre exp\u00e9rience musicale, si vous souhaitez vivre une exp\u00e9rience de connexion humaine authentique \u00e0 travers la force vivifiante du chant collectif, c&rsquo;est ici!. Infos Pratiques Inscriptions : En cliquant sur le bouton vous pouvez vous inscrire directement. Ce tarif comprends les 3 cours mensuels. Pour informations ou suite \u00e0 votre inscription, rentr\u00e9 en contact \u00e0 chantscirculaires@gmail.com. Avec le c\u0153ur vibrante de partager LA ENCANTADA un espace enchant\u00e9 de magie vocale et de connexion humaine.<\/p>\n","protected":false},"author":2,"featured_media":0,"parent":0,"menu_order":0,"comment_status":"closed","ping_status":"closed","template":"","meta":{"footnotes":""},"class_list":["post-2429","page","type-page","status-publish","hentry"],"_links":{"self":[{"href":"https:\/\/voixducorps.com\/index.php?rest_route=\/wp\/v2\/pages\/2429","targetHints":{"allow":["GET"]}}],"collection":[{"href":"https:\/\/voixducorps.com\/index.php?rest_route=\/wp\/v2\/pages"}],"about":[{"href":"https:\/\/voixducorps.com\/index.php?rest_route=\/wp\/v2\/types\/page"}],"author":[{"embeddable":true,"href":"https:\/\/voixducorps.com\/index.php?rest_route=\/wp\/v2\/users\/2"}],"replies":[{"embeddable":true,"href":"https:\/\/voixducorps.com\/index.php?rest_route=%2Fwp%2Fv2%2Fcomments&post=2429"}],"version-history":[{"count":17,"href":"https:\/\/voixducorps.com\/index.php?rest_route=\/wp\/v2\/pages\/2429\/revisions"}],"predecessor-version":[{"id":2552,"href":"https:\/\/voixducorps.com\/index.php?rest_route=\/wp\/v2\/pages\/2429\/revisions\/2552"}],"wp:attachment":[{"href":"https:\/\/voixducorps.com\/index.php?rest_route=%2Fwp%2Fv2%2Fmedia&parent=2429"}],"curies":[{"name":"wp","href":"https:\/\/api.w.org\/{rel}","templated":true}]}}