{"id":329,"date":"2024-10-14T16:20:38","date_gmt":"2024-10-14T14:20:38","guid":{"rendered":"https:\/\/voixducorps.com\/?page_id=329"},"modified":"2025-01-25T23:26:55","modified_gmt":"2025-01-25T22:26:55","slug":"creation-de-chant-medecine","status":"publish","type":"page","link":"https:\/\/voixducorps.com\/?page_id=329","title":{"rendered":"Cr\u00e9ation de chant m\u00e9decine"},"content":{"rendered":"\n<p><strong>Laisse ton \u00e2me s&rsquo;exprimer!<\/strong><\/p>\n\n\n\n<p>Les chants m\u00e9decine sont comme des talismans, elles ont du pouvoir&nbsp;! Le principal pouvoir est l\u2019acc\u00e8s direct \u00e0 notre c\u0153ur \u00e0 travers une symbolique et sagesse universelle qui r\u00e9veille nos sens les plus subtiles. Cr\u00e9er est lib\u00e9rateur, la musique est un m\u00e9decine en soi dont nous tous avons l\u2019acc\u00e8s.<\/p>\n\n\n<div class=\"wp-block-image\">\n<figure class=\"alignleft size-large is-resized\"><img data-dominant-color=\"37937a\" data-has-transparency=\"false\" loading=\"lazy\" decoding=\"async\" width=\"819\" height=\"1024\" sizes=\"auto, (max-width: 819px) 100vw, 819px\" src=\"https:\/\/voixducorps.com\/wp-content\/uploads\/2024\/10\/creation-de-chant-medecine-natalia-magliano-819x1024.avif\" alt=\"\" class=\"wp-image-330 not-transparent\" style=\"--dominant-color: #37937a; width:484px;height:auto\" srcset=\"https:\/\/voixducorps.com\/wp-content\/uploads\/2024\/10\/creation-de-chant-medecine-natalia-magliano-819x1024.avif 819w, https:\/\/voixducorps.com\/wp-content\/uploads\/2024\/10\/creation-de-chant-medecine-natalia-magliano-240x300.avif 240w, https:\/\/voixducorps.com\/wp-content\/uploads\/2024\/10\/creation-de-chant-medecine-natalia-magliano-768x960.avif 768w, https:\/\/voixducorps.com\/wp-content\/uploads\/2024\/10\/creation-de-chant-medecine-natalia-magliano-jpg.avif 1080w\" \/><\/figure>\n<\/div>\n\n\n<p>Dans cet stage en ligne nous allons d\u00e9couvrir et pratiquer diff\u00e9rents codes de la musique m\u00e9decine, \u00e0 partir de cette exp\u00e9rience faire des production depuis la parole, la m\u00e9lodie, jusqu\u2019\u00e0 cr\u00e9er et structurer sa propre chanson.<\/p>\n\n\n\n<p>Nous allons pratiquer la cr\u00e9ativit\u00e9 pour affiner notre langage expressif. Valider et oser la voix int\u00e9rieur et ext\u00e9rieur pour retirer peu \u00e0 peu les couches que couvrent nos tr\u00e9sors cach\u00e9s.<\/p>\n\n\n\n<p>5 rencontres de deux heures par Zoom, dont il aura un peu de th\u00e9orie et principalement de la pratique, l&rsquo;analyse de chansons, la contextualisation du ph\u00e9nom\u00e8ne culturel, d\u00e9couvrir quel est le lien personnel qui nous unit \u00e0 la musique, d&rsquo;exercices collectifs, des jeux musicaux et une s\u00e9rie de propositions pour d\u00e9velopper l\u2019acc\u00e8s \u00e0 votre infinie personnelle.<\/p>\n\n\n\n<p>Pendant la p\u00e9riode de cinq semaines nous allons booster la motivation avec le soutien du groupe<\/p>\n\n\n\n<p>Les cours seront enregistr\u00e9 et disponible pour le visionner en diff\u00e9r\u00e9 sur une plateforme jusqu&rsquo;\u00e0 la fin d&rsquo;ann\u00e9e.<\/p>\n\n\n\n<p>Cette proposition est ouverte \u00e0 tout public, musiciens ou non-musiciens sont les bienvenus. <\/p>\n\n\n\n<p>Un \u00e9change au pr\u00e9alable pour voir si ce contenue vous conviens dans votre \u00e9tat d\u2019\u00eatre actuel est recommand\u00e9. Possible \u00e9change par mail ou t\u00e9l\u00e9phone.<\/p>\n\n\n\n<p>Pour proposer cette aventure je m\u2019appuie dans mon exp\u00e9rience comme auteur compositrice et formatrice vocale, ce sont plus de vingt ans depuis que j\u2019ai fait ma premi\u00e8re chanson de fa\u00e7on intuitif, ensuite j\u2019ai suivi quelques ann\u00e9es de composition dans diff\u00e9rents espaces de formation, dans ces ann\u00e9es j\u2019ai produis deux albums et un EP. <\/p>\n\n\n\n<p>Cette proposition est con\u00e7u depuis mon exp\u00e9rience dans la musique et dans diff\u00e9rents approches culturelles (d\u2019Am\u00e9rique latine) dont la musique est utilis\u00e9 comme via de expansion de la conscience. Depuis 5 ans je propose cet atelier et j&rsquo;adore dire que les chants des personnes n&rsquo;ayant aucune exp\u00e9rience dans la composition ou dans la musique m&rsquo;ont surpris et touch\u00e9 au point de vouloir continuer \u00e0 am\u00e9liorer cette proposition pour aider les personnes \u00e0 avoir un acc\u00e8s plus fluide \u00e0 leur potentiel. <\/p>\n\n\n\n<p><strong>Places limit\u00e9es<\/strong>!<\/p>\n\n\n\n<p><strong>Entre le mardi 5 novembre et le mardi 3 d\u00e9cembre de 18h00 \u00e0 20h00<\/strong><\/p>\n\n\n\n<p><strong>Un deuxi\u00e8me horaire est pr\u00e9vu les mardi matin entre 10h00 et 12h00 si un groupe est form\u00e9e.<\/strong><\/p>\n\n\n\n<p>\u00c9crivez moi si cet horaire vous int\u00e9resse plus.<\/p>\n\n\n\n<p><\/p>\n\n\n\n<div class=\"wp-block-buttons is-layout-flex wp-block-buttons-is-layout-flex\"><\/div>\n","protected":false},"excerpt":{"rendered":"<p>Laisse ton \u00e2me s&rsquo;exprimer! Les chants m\u00e9decine sont comme des talismans, elles ont du pouvoir&nbsp;! Le principal pouvoir est l\u2019acc\u00e8s direct \u00e0 notre c\u0153ur \u00e0 travers une symbolique et sagesse universelle qui r\u00e9veille nos sens les plus subtiles. Cr\u00e9er est lib\u00e9rateur, la musique est un m\u00e9decine en soi dont nous tous avons l\u2019acc\u00e8s. Dans cet stage en ligne nous allons d\u00e9couvrir et pratiquer diff\u00e9rents codes de la musique m\u00e9decine, \u00e0 partir de cette exp\u00e9rience faire des production depuis la parole, la m\u00e9lodie, jusqu\u2019\u00e0 cr\u00e9er et structurer sa propre chanson. Nous allons pratiquer la cr\u00e9ativit\u00e9 pour affiner notre langage expressif. Valider et oser la voix int\u00e9rieur et ext\u00e9rieur pour retirer peu \u00e0 peu les couches que couvrent nos tr\u00e9sors cach\u00e9s. 5 rencontres de deux heures par Zoom, dont il aura un peu de th\u00e9orie et principalement de la pratique, l&rsquo;analyse de chansons, la contextualisation du ph\u00e9nom\u00e8ne culturel, d\u00e9couvrir quel est le lien personnel qui nous unit \u00e0 la musique, d&rsquo;exercices collectifs, des jeux musicaux et une s\u00e9rie de propositions pour d\u00e9velopper l\u2019acc\u00e8s \u00e0 votre infinie personnelle. Pendant la p\u00e9riode de cinq semaines nous allons booster la motivation avec le soutien du groupe Les cours seront enregistr\u00e9 et disponible pour le visionner en diff\u00e9r\u00e9 sur une plateforme jusqu&rsquo;\u00e0 la fin d&rsquo;ann\u00e9e. Cette proposition est ouverte \u00e0 tout public, musiciens ou non-musiciens sont les bienvenus. Un \u00e9change au pr\u00e9alable pour voir si ce contenue vous conviens dans votre \u00e9tat d\u2019\u00eatre actuel est recommand\u00e9. Possible \u00e9change par mail ou t\u00e9l\u00e9phone. Pour proposer cette aventure je m\u2019appuie dans mon exp\u00e9rience comme auteur compositrice et formatrice vocale, ce sont plus de vingt ans depuis que j\u2019ai fait ma premi\u00e8re chanson de fa\u00e7on intuitif, ensuite j\u2019ai suivi quelques ann\u00e9es de composition dans diff\u00e9rents espaces de formation, dans ces ann\u00e9es j\u2019ai produis deux albums et un EP. Cette proposition est con\u00e7u depuis mon exp\u00e9rience dans la musique et dans diff\u00e9rents approches culturelles (d\u2019Am\u00e9rique latine) dont la musique est utilis\u00e9 comme via de expansion de la conscience. Depuis 5 ans je propose cet atelier et j&rsquo;adore dire que les chants des personnes n&rsquo;ayant aucune exp\u00e9rience dans la composition ou dans la musique m&rsquo;ont surpris et touch\u00e9 au point de vouloir continuer \u00e0 am\u00e9liorer cette proposition pour aider les personnes \u00e0 avoir un acc\u00e8s plus fluide \u00e0 leur potentiel. Places limit\u00e9es! Entre le mardi 5 novembre et le mardi 3 d\u00e9cembre de 18h00 \u00e0 20h00 Un deuxi\u00e8me horaire est pr\u00e9vu les mardi matin entre 10h00 et 12h00 si un groupe est form\u00e9e. \u00c9crivez moi si cet horaire vous int\u00e9resse plus.<\/p>\n","protected":false},"author":2,"featured_media":0,"parent":392,"menu_order":0,"comment_status":"closed","ping_status":"closed","template":"","meta":{"footnotes":""},"class_list":["post-329","page","type-page","status-publish","hentry"],"_links":{"self":[{"href":"https:\/\/voixducorps.com\/index.php?rest_route=\/wp\/v2\/pages\/329","targetHints":{"allow":["GET"]}}],"collection":[{"href":"https:\/\/voixducorps.com\/index.php?rest_route=\/wp\/v2\/pages"}],"about":[{"href":"https:\/\/voixducorps.com\/index.php?rest_route=\/wp\/v2\/types\/page"}],"author":[{"embeddable":true,"href":"https:\/\/voixducorps.com\/index.php?rest_route=\/wp\/v2\/users\/2"}],"replies":[{"embeddable":true,"href":"https:\/\/voixducorps.com\/index.php?rest_route=%2Fwp%2Fv2%2Fcomments&post=329"}],"version-history":[{"count":11,"href":"https:\/\/voixducorps.com\/index.php?rest_route=\/wp\/v2\/pages\/329\/revisions"}],"predecessor-version":[{"id":812,"href":"https:\/\/voixducorps.com\/index.php?rest_route=\/wp\/v2\/pages\/329\/revisions\/812"}],"up":[{"embeddable":true,"href":"https:\/\/voixducorps.com\/index.php?rest_route=\/wp\/v2\/pages\/392"}],"wp:attachment":[{"href":"https:\/\/voixducorps.com\/index.php?rest_route=%2Fwp%2Fv2%2Fmedia&parent=329"}],"curies":[{"name":"wp","href":"https:\/\/api.w.org\/{rel}","templated":true}]}}