{"id":493,"date":"2025-01-11T13:12:39","date_gmt":"2025-01-11T12:12:39","guid":{"rendered":"https:\/\/voixducorps.com\/?page_id=493"},"modified":"2025-11-17T23:26:41","modified_gmt":"2025-11-17T22:26:41","slug":"parlons-de-la-voix-medecine","status":"publish","type":"page","link":"https:\/\/voixducorps.com\/?page_id=493","title":{"rendered":"Parlons de la Voix M\u00e9decine"},"content":{"rendered":"\n<div style=\"height:50px\" aria-hidden=\"true\" class=\"wp-block-spacer\"><\/div>\n\n\n\n<p>La <strong>Voix M\u00e9decine\u00ae<\/strong> est l\u2019usage de la voix comme vecteur de transformation personnelle \u00e0 travers l&rsquo;exploration des diff\u00e9rentes nuances et facettes de la voix. La musicalit\u00e9, le mouvement, le contact, les chants m\u00e9decine, la cr\u00e9ativit\u00e9, le chant intuitif comme un voie de lib\u00e9ration de la sph\u00e8re subtil de la personne, l\u2019aspect communicationnel o\u00f9 l&rsquo;acte de s&rsquo;exprimer et d\u2019\u00eatre entendu sont une manifestation d\u2019identit\u00e9 et un droit \u00e0 l\u2019existence, un dialogue avec le monde.<\/p>\n\n\n\n<p>Cette approche englobe des exp\u00e9riences et des r\u00e9f\u00e9rences culturelles. <\/p>\n\n\n\n<p>C&rsquo;est dans l&rsquo;ann\u00e9e 2000 au Br\u00e9sil, la terre de ma grand-m\u00e8re, dont j&rsquo;ai rencontr\u00e9e les aujourd&rsquo;hui connus comme <em>chants m\u00e9decine<\/em>, en tant que chanteuse aiment des musiques traditionnels j&rsquo;ai eu un coup de c\u0153ur par ces m\u00e9lodies c\u00e9r\u00e9moniales destin\u00e9 \u00e0 gu\u00e9rir l\u2019\u00e2me, ces chants ont fait un travail profonde chez moi. J\u2019exp\u00e9rimente leur puissance, leur appelle aux forces de la nature, leur baume r\u00e9parateur qui m&rsquo;a permis faire enfin la confirmation qu&rsquo;il existe un lieu sacr\u00e9, hors le temps et l&rsquo;espace, un lieu enchant\u00e9 qui est accessible \u00e0 travers la musique et plus concr\u00e8tement \u00e0 travers <em>la voix.<\/em> L&rsquo;histoire est bien plus riche mais pour continuer dans l&rsquo;intention de ce partage je vous raconte que je continu\u00e9 \u00e0 explorer ce chemin des musiques m\u00e9decines pour comprendre qu&rsquo;elles sont partout, dans toutes les cultures et principalement cach\u00e9es dans l&rsquo;habille des anciennes traditions. Comme dirait la une chanson colombienne, <em>partout il y a des hommes, toutes les terres sont b\u00e9nies<\/em>.<\/p>\n\n\n\n<p>A la recherche des nouvelles musiques je me suis install\u00e9e au Mexique o\u00f9 je donnait mes stages de voix et chants, La voz del cuerpo. Dans cette \u00e9poque j&rsquo;ai rencontr\u00e9e Lucy Sessions, une chanteuse avec une force de vie exultante, une des premi\u00e8res personnes \u00e0 parler du concept de la <em>m\u00e9decine de la voix<\/em>, \u00ab\u00a0voice medicine\u00a0\u00bb.<\/p>\n\n\n\n<p>J&rsquo;ai quitt\u00e9e le Mexique, pour m&rsquo;installer en France. L&rsquo;apprentissage des nouveaux codes, le besoin de re-\u00e9crire mon histoire dans une nouvelle langue dont peu \u00e0 peu j&rsquo;ai pu raconter ce qui est importante pour moi, l&rsquo;importance de la voix et tous ces bienfaits.<\/p>\n\n\n\n<p>Regrouper les \u00e9l\u00e9ments venant d&rsquo;une p\u00e9dagogie vocale actualis\u00e9e ainsi qu&rsquo;un bagage ancestral venu des traditions principalement d&rsquo;Am\u00e9rique latine dont l&rsquo;art, la spiritualit\u00e9 et le sens de communaut\u00e9 cohabitent et vibrent \u00e0 l&rsquo;unisson mont permis de mieux r\u00e9pondre \u00e0 la demande d&rsquo;apprendre les chants m\u00e9decine d&rsquo;Am\u00e9rique latine, mais j&rsquo;avais besoin de hi\u00e9rarchiser l&rsquo;importance de la voix et de ses bienfaits, et \u00e7\u00e0 \u00e9tait avec la d\u00e9nomination<em> Voix M\u00e9decine<\/em>, que j&rsquo;ai souhait\u00e9 expliquer l&rsquo;importance d&rsquo;approfondir dans notre propre voix pour revenir \u00e0 nos r\u00e9f\u00e9rences et valeurs,  au-del\u00e0 de l\u2019apprentissage d&rsquo;une r\u00e9pertoire sp\u00e9cifique car c&rsquo;est la voix qui raconte notre histoire dans le monde.<\/p>\n\n\n\n<p>Partageant cet \u00e9lan avec Romulo Pelliza, nous avons fait les premiers propositions de La Voix M\u00e9decine en France, m\u00e9langeant notre int\u00e9r\u00eat pour les traditions d&rsquo;Am\u00e9rique du sud, l&rsquo;art somatique, la p\u00e9dagogie et la joie de chanter ensemble.<\/p>\n\n\n\n<p>Aujourd&rsquo;hui je d\u00e9veloppe l&rsquo;approche, <em>Voix M\u00e9decine<\/em>, comme un voyage au c\u0153ur du son essentiel de la personne, une ressource pr\u00e9cieuse pour la connaissance de soi et un outil d&rsquo;accompagnement capable de tisser un lien profonde avec l&rsquo;autre, donnant sens \u00e0 l&rsquo;existence et la conscience de que nous sommes tous co-cr\u00e9ateurs de l&rsquo;harmonie universel depuis notre unicit\u00e9.<\/p>\n\n\n\n<p><\/p>\n","protected":false},"excerpt":{"rendered":"<p>La Voix M\u00e9decine\u00ae est l\u2019usage de la voix comme vecteur de transformation personnelle \u00e0 travers l&rsquo;exploration des diff\u00e9rentes nuances et facettes de la voix. La musicalit\u00e9, le mouvement, le contact, les chants m\u00e9decine, la cr\u00e9ativit\u00e9, le chant intuitif comme un voie de lib\u00e9ration de la sph\u00e8re subtil de la personne, l\u2019aspect communicationnel o\u00f9 l&rsquo;acte de s&rsquo;exprimer et d\u2019\u00eatre entendu sont une manifestation d\u2019identit\u00e9 et un droit \u00e0 l\u2019existence, un dialogue avec le monde. Cette approche englobe des exp\u00e9riences et des r\u00e9f\u00e9rences culturelles. C&rsquo;est dans l&rsquo;ann\u00e9e 2000 au Br\u00e9sil, la terre de ma grand-m\u00e8re, dont j&rsquo;ai rencontr\u00e9e les aujourd&rsquo;hui connus comme chants m\u00e9decine, en tant que chanteuse aiment des musiques traditionnels j&rsquo;ai eu un coup de c\u0153ur par ces m\u00e9lodies c\u00e9r\u00e9moniales destin\u00e9 \u00e0 gu\u00e9rir l\u2019\u00e2me, ces chants ont fait un travail profonde chez moi. J\u2019exp\u00e9rimente leur puissance, leur appelle aux forces de la nature, leur baume r\u00e9parateur qui m&rsquo;a permis faire enfin la confirmation qu&rsquo;il existe un lieu sacr\u00e9, hors le temps et l&rsquo;espace, un lieu enchant\u00e9 qui est accessible \u00e0 travers la musique et plus concr\u00e8tement \u00e0 travers la voix. L&rsquo;histoire est bien plus riche mais pour continuer dans l&rsquo;intention de ce partage je vous raconte que je continu\u00e9 \u00e0 explorer ce chemin des musiques m\u00e9decines pour comprendre qu&rsquo;elles sont partout, dans toutes les cultures et principalement cach\u00e9es dans l&rsquo;habille des anciennes traditions. Comme dirait la une chanson colombienne, partout il y a des hommes, toutes les terres sont b\u00e9nies. A la recherche des nouvelles musiques je me suis install\u00e9e au Mexique o\u00f9 je donnait mes stages de voix et chants, La voz del cuerpo. Dans cette \u00e9poque j&rsquo;ai rencontr\u00e9e Lucy Sessions, une chanteuse avec une force de vie exultante, une des premi\u00e8res personnes \u00e0 parler du concept de la m\u00e9decine de la voix, \u00ab\u00a0voice medicine\u00a0\u00bb. J&rsquo;ai quitt\u00e9e le Mexique, pour m&rsquo;installer en France. L&rsquo;apprentissage des nouveaux codes, le besoin de re-\u00e9crire mon histoire dans une nouvelle langue dont peu \u00e0 peu j&rsquo;ai pu raconter ce qui est importante pour moi, l&rsquo;importance de la voix et tous ces bienfaits. Regrouper les \u00e9l\u00e9ments venant d&rsquo;une p\u00e9dagogie vocale actualis\u00e9e ainsi qu&rsquo;un bagage ancestral venu des traditions principalement d&rsquo;Am\u00e9rique latine dont l&rsquo;art, la spiritualit\u00e9 et le sens de communaut\u00e9 cohabitent et vibrent \u00e0 l&rsquo;unisson mont permis de mieux r\u00e9pondre \u00e0 la demande d&rsquo;apprendre les chants m\u00e9decine d&rsquo;Am\u00e9rique latine, mais j&rsquo;avais besoin de hi\u00e9rarchiser l&rsquo;importance de la voix et de ses bienfaits, et \u00e7\u00e0 \u00e9tait avec la d\u00e9nomination Voix M\u00e9decine, que j&rsquo;ai souhait\u00e9 expliquer l&rsquo;importance d&rsquo;approfondir dans notre propre voix pour revenir \u00e0 nos r\u00e9f\u00e9rences et valeurs, au-del\u00e0 de l\u2019apprentissage d&rsquo;une r\u00e9pertoire sp\u00e9cifique car c&rsquo;est la voix qui raconte notre histoire dans le monde. Partageant cet \u00e9lan avec Romulo Pelliza, nous avons fait les premiers propositions de La Voix M\u00e9decine en France, m\u00e9langeant notre int\u00e9r\u00eat pour les traditions d&rsquo;Am\u00e9rique du sud, l&rsquo;art somatique, la p\u00e9dagogie et la joie de chanter ensemble. Aujourd&rsquo;hui je d\u00e9veloppe l&rsquo;approche, Voix M\u00e9decine, comme un voyage au c\u0153ur du son essentiel de la personne, une ressource pr\u00e9cieuse pour la connaissance de soi et un outil d&rsquo;accompagnement capable de tisser un lien profonde avec l&rsquo;autre, donnant sens \u00e0 l&rsquo;existence et la conscience de que nous sommes tous co-cr\u00e9ateurs de l&rsquo;harmonie universel depuis notre unicit\u00e9.<\/p>\n","protected":false},"author":2,"featured_media":0,"parent":0,"menu_order":0,"comment_status":"closed","ping_status":"closed","template":"","meta":{"footnotes":""},"class_list":["post-493","page","type-page","status-publish","hentry"],"_links":{"self":[{"href":"https:\/\/voixducorps.com\/index.php?rest_route=\/wp\/v2\/pages\/493","targetHints":{"allow":["GET"]}}],"collection":[{"href":"https:\/\/voixducorps.com\/index.php?rest_route=\/wp\/v2\/pages"}],"about":[{"href":"https:\/\/voixducorps.com\/index.php?rest_route=\/wp\/v2\/types\/page"}],"author":[{"embeddable":true,"href":"https:\/\/voixducorps.com\/index.php?rest_route=\/wp\/v2\/users\/2"}],"replies":[{"embeddable":true,"href":"https:\/\/voixducorps.com\/index.php?rest_route=%2Fwp%2Fv2%2Fcomments&post=493"}],"version-history":[{"count":27,"href":"https:\/\/voixducorps.com\/index.php?rest_route=\/wp\/v2\/pages\/493\/revisions"}],"predecessor-version":[{"id":2001,"href":"https:\/\/voixducorps.com\/index.php?rest_route=\/wp\/v2\/pages\/493\/revisions\/2001"}],"wp:attachment":[{"href":"https:\/\/voixducorps.com\/index.php?rest_route=%2Fwp%2Fv2%2Fmedia&parent=493"}],"curies":[{"name":"wp","href":"https:\/\/api.w.org\/{rel}","templated":true}]}}