{"id":60,"date":"2024-01-26T23:35:55","date_gmt":"2024-01-26T22:35:55","guid":{"rendered":"https:\/\/voixducorps.com\/?page_id=60"},"modified":"2025-09-18T01:26:59","modified_gmt":"2025-09-17T23:26:59","slug":"coaching-individuels","status":"publish","type":"page","link":"https:\/\/voixducorps.com\/?page_id=60","title":{"rendered":"Coaching vocal"},"content":{"rendered":"<div class=\"wp-block-image is-style-default\">\n<figure class=\"alignleft size-full is-resized\"><img data-dominant-color=\"341c1e\" data-has-transparency=\"false\" loading=\"lazy\" decoding=\"async\" width=\"1080\" height=\"1350\" sizes=\"auto, (max-width: 1080px) 100vw, 1080px\" src=\"https:\/\/voixducorps.com\/wp-content\/uploads\/2025\/09\/Libere-loiseau-qui-chante-en-toi-site.jpg\" alt=\"Coaching Vocal - Natalia Flor Magliano\" class=\"wp-image-1590 not-transparent\" style=\"--dominant-color: #341c1e; width:370px;height:auto\"\/><\/figure>\n<\/div>\n\n\n<p class=\"has-text-align-left\"><strong><em>Coaching vocal individuel<\/em><\/strong><\/p>\n\n\n\n<p class=\"has-text-align-left\"><strong>La voix du corps<\/strong><br><br>Un espace d&rsquo; intimit\u00e9 pour d\u00e9couvrir les chemins de la voix<\/p>\n\n\n\n<p class=\"has-text-align-left\"><strong>En ligne et en pr\u00e9sentiel sur Lyon<\/strong><br><br>Au mot blocage, je pr\u00e9f\u00e8re le mot POSSIBILIT\u00c9<br><br>l&rsquo;int\u00e9gration de l&rsquo;aspect symbolique de la personne et une approche somatique respectueuse de l&rsquo;anatomie et de la physiologie de la voix, me semblent indispensables pour avoir acc\u00e8s \u00e0 un geste vocal et musical bas\u00e9 dans le plaisir.<br><br>Avec une perspective dans le temps, vingt ans de p\u00e9dagogie, qui me montrent que la voix nous d\u00e9voile, nous expose, nous contacte avec nos espaces de fragilit\u00e9, vuln\u00e9rabilit\u00e9 ainsi que de puissance, de c\u00e9l\u00e9bration.<br>La pr\u00e9sence du corps et de l&rsquo;esprit. Le d\u00e9veloppement de la musicalit\u00e9 qui r\u00e9v\u00e8le notre expression cr\u00e9ative permettant de nous r\u00e9inventer \u00e0 travers du son. Se r\u00e9inventer, reconfirmer qui nous sommes et ce que nous aimons.<br><br>J\u2019aime ces moments o\u00f9 ce qu\u2019on appelle le blocage devient un fleuve ouvert \u00e0 l&rsquo;oc\u00e9an des possibles.<br><br>Plus qu&rsquo;un cours de chant, un voyage au c\u0153ur de votre voix.<br>Avec 20 ans d&rsquo;exp\u00e9rience comme coach vocal et formatrice dipl\u00f4m\u00e9e, je vous accompagne \u00e0 travers la \u00ab\u00a0Voix M\u00e9decine\u00a0\u00bb. Que vous soyez un chanteur professionnel, un amateur passionn\u00e9, un com\u00e9dien, un conf\u00e9rencier, ou que vous souhaitiez simplement d\u00e9couvrir votre potentiel, je vous guide vers une expression libre et authentique, mon approche, \u00ab\u00a0La Voix M\u00e9decine\u00a0\u00bb, va au-del\u00e0 de la technique. Elle se fonde sur l&rsquo;id\u00e9e que votre voix est un miroir de votre corps et de votre \u00e9tat int\u00e9rieur.<br>En travaillant avec cette vision, nous vous donnons les outils pour :<br><br>\u2022 D\u00e9couvrir et affirmer votre identit\u00e9 vocale unique.<br>\u2022 Optimiser vos performances vocales.<br>\u2022 Gagner en pr\u00e9sence et en assurance sur sc\u00e8ne ou en public.<br>\u2022 D\u00e9passer les blocages pour une expression plus libre et authentique.<br>\u2022 Pr\u00e9venir les tensions et l&rsquo;usure vocale.<br>\u2022 Travailler sur un r\u00e9pertoire diversifi\u00e9 selon vos besoins et vos int\u00e9r\u00eats.<\/p>\n\n\n\n<p class=\"has-text-align-left\"><br>Ma p\u00e9dagogie! Se rencontrer avec l&rsquo;autre et travailler ensemble. Travailler au service des besoins plus intimes, ceux qui encore ne trouvent pas la parole et ceux qui sont un volcan en \u00e9bullition au besoin d&rsquo;un regarde bienveillant pour accompagner la propulsion.<br><br>Pour ceux qui s&rsquo; int\u00e9ressent \u00e0 travailler la voix dans un perspective de d\u00e9couverte, d&rsquo;am\u00e9lioration des aspects musicaux, de reconnexion \u00e0 soi, pour enrichir son projet personnelle, n&rsquo;importe dans quelle rubrique. Je vous propose mon accompagnement.<br><br>Pour des informations compl\u00e9mentaires contactez-moi pour caler un rendez vous et discuter de vive voix.<br>Natalia<br><\/p>\n\n\n\n<div style=\"height:30px\" aria-hidden=\"true\" class=\"wp-block-spacer\"><\/div>\n\n\n\n<h5 class=\"wp-block-heading\">Tarif : <\/h5>\n\n\n\n<h6 class=\"wp-block-heading\">Coaching isol\u00e9 80 \u20ac (dur\u00e9e 1h15)<\/h6>\n\n\n\n<h6 class=\"wp-block-heading\">Forfait 3 cours 200 \u20ac (dur\u00e9e chaque cours 1h)<\/h6>\n\n\n\n<div style=\"height:30px\" aria-hidden=\"true\" class=\"wp-block-spacer\"><\/div>\n\n\n\n<figure class=\"wp-block-table\"><table><tbody><tr><td class=\"has-text-align-center\" data-align=\"center\">Horaire d\u2019attention<br>Lun \u2013 Ven 8H00 \u2013 18H00<\/td><td class=\"has-text-align-center\" data-align=\"center\"><a href=\"https:\/\/api.whatsapp.com\/send\/?phone=33652107771&amp;text&amp;type=phone_number&amp;app_absent=0\">+33652107771<\/a><\/td><td class=\"has-text-align-center\" data-align=\"center\"><a href=\"https:\/\/voixducorps.com\/?page_id=632\">Mail<\/a><\/td><\/tr><\/tbody><\/table><\/figure>\n\n\n\n<div class=\"wp-block-buttons is-layout-flex wp-block-buttons-is-layout-flex\"><\/div>\n\n\n\n<p><\/p>\n","protected":false},"excerpt":{"rendered":"<p>Coaching vocal individuel La voix du corps Un espace d&rsquo; intimit\u00e9 pour d\u00e9couvrir les chemins de la voix En ligne et en pr\u00e9sentiel sur Lyon Au mot blocage, je pr\u00e9f\u00e8re le mot POSSIBILIT\u00c9 l&rsquo;int\u00e9gration de l&rsquo;aspect symbolique de la personne et une approche somatique respectueuse de l&rsquo;anatomie et de la physiologie de la voix, me semblent indispensables pour avoir acc\u00e8s \u00e0 un geste vocal et musical bas\u00e9 dans le plaisir. Avec une perspective dans le temps, vingt ans de p\u00e9dagogie, qui me montrent que la voix nous d\u00e9voile, nous expose, nous contacte avec nos espaces de fragilit\u00e9, vuln\u00e9rabilit\u00e9 ainsi que de puissance, de c\u00e9l\u00e9bration.La pr\u00e9sence du corps et de l&rsquo;esprit. Le d\u00e9veloppement de la musicalit\u00e9 qui r\u00e9v\u00e8le notre expression cr\u00e9ative permettant de nous r\u00e9inventer \u00e0 travers du son. Se r\u00e9inventer, reconfirmer qui nous sommes et ce que nous aimons. J\u2019aime ces moments o\u00f9 ce qu\u2019on appelle le blocage devient un fleuve ouvert \u00e0 l&rsquo;oc\u00e9an des possibles. Plus qu&rsquo;un cours de chant, un voyage au c\u0153ur de votre voix.Avec 20 ans d&rsquo;exp\u00e9rience comme coach vocal et formatrice dipl\u00f4m\u00e9e, je vous accompagne \u00e0 travers la \u00ab\u00a0Voix M\u00e9decine\u00a0\u00bb. Que vous soyez un chanteur professionnel, un amateur passionn\u00e9, un com\u00e9dien, un conf\u00e9rencier, ou que vous souhaitiez simplement d\u00e9couvrir votre potentiel, je vous guide vers une expression libre et authentique, mon approche, \u00ab\u00a0La Voix M\u00e9decine\u00a0\u00bb, va au-del\u00e0 de la technique. Elle se fonde sur l&rsquo;id\u00e9e que votre voix est un miroir de votre corps et de votre \u00e9tat int\u00e9rieur.En travaillant avec cette vision, nous vous donnons les outils pour : \u2022 D\u00e9couvrir et affirmer votre identit\u00e9 vocale unique.\u2022 Optimiser vos performances vocales.\u2022 Gagner en pr\u00e9sence et en assurance sur sc\u00e8ne ou en public.\u2022 D\u00e9passer les blocages pour une expression plus libre et authentique.\u2022 Pr\u00e9venir les tensions et l&rsquo;usure vocale.\u2022 Travailler sur un r\u00e9pertoire diversifi\u00e9 selon vos besoins et vos int\u00e9r\u00eats. Ma p\u00e9dagogie! Se rencontrer avec l&rsquo;autre et travailler ensemble. Travailler au service des besoins plus intimes, ceux qui encore ne trouvent pas la parole et ceux qui sont un volcan en \u00e9bullition au besoin d&rsquo;un regarde bienveillant pour accompagner la propulsion. Pour ceux qui s&rsquo; int\u00e9ressent \u00e0 travailler la voix dans un perspective de d\u00e9couverte, d&rsquo;am\u00e9lioration des aspects musicaux, de reconnexion \u00e0 soi, pour enrichir son projet personnelle, n&rsquo;importe dans quelle rubrique. Je vous propose mon accompagnement. Pour des informations compl\u00e9mentaires contactez-moi pour caler un rendez vous et discuter de vive voix.Natalia Tarif : Coaching isol\u00e9 80 \u20ac (dur\u00e9e 1h15) Forfait 3 cours 200 \u20ac (dur\u00e9e chaque cours 1h) Horaire d\u2019attentionLun \u2013 Ven 8H00 \u2013 18H00 +33652107771 Mail<\/p>\n","protected":false},"author":1,"featured_media":0,"parent":0,"menu_order":0,"comment_status":"closed","ping_status":"closed","template":"","meta":{"footnotes":""},"class_list":["post-60","page","type-page","status-publish","hentry"],"_links":{"self":[{"href":"https:\/\/voixducorps.com\/index.php?rest_route=\/wp\/v2\/pages\/60","targetHints":{"allow":["GET"]}}],"collection":[{"href":"https:\/\/voixducorps.com\/index.php?rest_route=\/wp\/v2\/pages"}],"about":[{"href":"https:\/\/voixducorps.com\/index.php?rest_route=\/wp\/v2\/types\/page"}],"author":[{"embeddable":true,"href":"https:\/\/voixducorps.com\/index.php?rest_route=\/wp\/v2\/users\/1"}],"replies":[{"embeddable":true,"href":"https:\/\/voixducorps.com\/index.php?rest_route=%2Fwp%2Fv2%2Fcomments&post=60"}],"version-history":[{"count":36,"href":"https:\/\/voixducorps.com\/index.php?rest_route=\/wp\/v2\/pages\/60\/revisions"}],"predecessor-version":[{"id":1690,"href":"https:\/\/voixducorps.com\/index.php?rest_route=\/wp\/v2\/pages\/60\/revisions\/1690"}],"wp:attachment":[{"href":"https:\/\/voixducorps.com\/index.php?rest_route=%2Fwp%2Fv2%2Fmedia&parent=60"}],"curies":[{"name":"wp","href":"https:\/\/api.w.org\/{rel}","templated":true}]}}