{"id":748,"date":"2025-01-22T15:07:56","date_gmt":"2025-01-22T14:07:56","guid":{"rendered":"https:\/\/voixducorps.com\/?page_id=748"},"modified":"2025-02-03T14:31:56","modified_gmt":"2025-02-03T13:31:56","slug":"revelez-la-voix-medecine-du-corps","status":"publish","type":"page","link":"https:\/\/voixducorps.com\/?page_id=748","title":{"rendered":"R\u00e9v\u00e9lez la VOIX M\u00c9DECINE du corps"},"content":{"rendered":"\n<div style=\"height:29px\" aria-hidden=\"true\" class=\"wp-block-spacer\"><\/div>\n\n\n\n<h5 class=\"wp-block-heading\">SAMEDI 8 f\u00e9vrier de 14h00 \u00e0 18h00<\/h5>\n\n\n\n<div style=\"height:65px\" aria-hidden=\"true\" class=\"wp-block-spacer\"><\/div>\n\n\n\n<blockquote class=\"wp-block-quote is-layout-flow wp-block-quote-is-layout-flow\">\n<p>R\u00e9v\u00e9lez la <a href=\"https:\/\/voixducorps.com\/?page_id=493\" data-type=\"link\" data-id=\"https:\/\/voixducorps.com\/?page_id=493\" target=\"_blank\" rel=\"noreferrer noopener\">VOIX M\u00c9DECINE<\/a> du corps, lib\u00e9rez votre voix m\u00e9decine et transformez votre \u00e9nergie en une journ\u00e9e!<\/p>\n<\/blockquote>\n\n\n\n<div style=\"height:38px\" aria-hidden=\"true\" class=\"wp-block-spacer\"><\/div>\n\n\n<div class=\"wp-block-image\">\n<figure class=\"alignleft size-large is-resized\"><img data-dominant-color=\"297f81\" data-has-transparency=\"false\" loading=\"lazy\" decoding=\"async\" width=\"1024\" height=\"1024\" sizes=\"auto, (max-width: 1024px) 100vw, 1024px\" src=\"https:\/\/voixducorps.com\/wp-content\/uploads\/2025\/02\/voix-medecine-du-corps2-1024x1024.avif\" alt=\"Natalia Flor\" class=\"wp-image-857 not-transparent\" style=\"--dominant-color: #297f81; width:510px;height:auto\" srcset=\"https:\/\/voixducorps.com\/wp-content\/uploads\/2025\/02\/voix-medecine-du-corps2-1024x1024.avif 1024w, https:\/\/voixducorps.com\/wp-content\/uploads\/2025\/02\/voix-medecine-du-corps2-300x300.avif 300w, https:\/\/voixducorps.com\/wp-content\/uploads\/2025\/02\/voix-medecine-du-corps2-150x150.avif 150w, https:\/\/voixducorps.com\/wp-content\/uploads\/2025\/02\/voix-medecine-du-corps2-768x768.avif 768w, https:\/\/voixducorps.com\/wp-content\/uploads\/2025\/02\/voix-medecine-du-corps2-75x75.avif 75w, https:\/\/voixducorps.com\/wp-content\/uploads\/2025\/02\/voix-medecine-du-corps2.avif 1080w\" \/><\/figure>\n<\/div>\n\n\n<p>Un moment de ressourcement gr\u00e2ce \u00e0 la puissance b\u00e9n\u00e9fique de notre voix et la connexion au rythme.<\/p>\n\n\n\n<p>Les chants m\u00e9decines, le rythme et des techniques vocales simples et efficaces pour explorer le potentiel \u00e9nerg\u00e9tique de la voix ainsi que les dimensions th\u00e9rapeutiques pour un bien-\u00eatre profond.<\/p>\n\n\n\n<p>Un travail de connexion et des dynamiques de cercle.<\/p>\n\n\n\n<p>Ce stage est fait pour vous si :<\/p>\n\n\n\n<p>-Vous souhaitez am\u00e9liorer votre technique vocale autrement.<\/p>\n\n\n\n<p>-Vous \u00eates curieux(se) des bienfaits du chant sur le corps et l&rsquo;esprit.<\/p>\n\n\n\n<p>-Vous cherchez un moment pour vous ressourcer et vous reconnecter \u00e0 vous-m\u00eame.<\/p>\n\n\n\n<p>-Vous cherchez un moment pour \u00eatre en communaut\u00e9 et chanter ensemble<\/p>\n\n\n\n<p>Nous allons explorer:<\/p>\n\n\n\n<p>-Un r\u00e9pertoire des chants m\u00e9decine d\u2019Am\u00e9rique latine<\/p>\n\n\n\n<p>-Percussion corporelle et voix<\/p>\n\n\n\n<p>-Techniques vocales pour lib\u00e9rer votre voix authentique<\/p>\n\n\n\n<p>-Dynamiques de cercle, chant improvis\u00e9 et c\u00e9l\u00e9bration<\/p>\n\n\n\n<p>Je suis Natalia Flor, doublement dipl\u00f4m\u00e9e d&rsquo;\u00e9tat comme professeur de chant et technique vocale, lead MDC, chanteuse et musicienne, mais principalement passionn\u00e9e par la voix et l&rsquo;expression comme un arme pour lutter contre la tristesse, l&rsquo;ennui et la manque de sens, car quand on chant les pens\u00e9es n\u00e9gatifs s\u2019\u00e9loignent et l&rsquo;acte de chanter prends un sens plus importante que le fait de faire jolie. Chanter pour se faire du bien et partager, cr\u00e9er cette joie qui est multipli\u00e9 quand on le fait ensemble, \u00e0 plusieurs, en cercle.<\/p>\n\n\n\n<p>Je vous attends le c\u0153ur ouvert et r\u00e9sonnant!<\/p>\n\n\n\n<p>Natalia<\/p>\n\n\n\n<p>Cette journ\u00e9e est d\u00e9di\u00e9 \u00e0 un public adulte, ouvert \u00e0 d\u00e9couvrir sa voix et l&rsquo;univers de chants m\u00e9decine. Si vous souhaitez me contacter pour savoir si le programme vous conviens faites moi un message par <a href=\"https:\/\/voixducorps.com\/?page_id=632\" data-type=\"link\" data-id=\"https:\/\/voixducorps.com\/?page_id=632\">mail<\/a> ou en commentaires soi avant de vous inscrire ou apr\u00e8s pour notifier de votre pr\u00e9sence et recevoir un mail avec l&rsquo;adresse compl\u00e8te du lieu.<\/p>\n\n\n\n<p>Tarif : 40 \u20ac<\/p>\n\n\n\n<p>Toute inscription est non remboursable.<\/p>\n\n\n\n<p><\/p>\n\n\n<p><script async\n  src=\"https:\/\/js.stripe.com\/v3\/buy-button.js\">\n<\/script><\/p>\n<p><stripe-buy-button\n  buy-button-id=\"buy_btn_1QoMmYG4HmNc0HTpGZ1Pllvd\"\n  publishable-key=\"pk_live_51Q8htCG4HmNc0HTpUHGnvynRZRIeMkCVhsVspuuidv5FwpZvoF0LO42YfaMyBUc1DMNfCRs0Kg6pW1Ji1P61Pwrz00k4UQ1Awt\"\n><br \/>\n<\/stripe-buy-button><\/p>\n\n\n\n<div style=\"height:100px\" aria-hidden=\"true\" class=\"wp-block-spacer\"><\/div>\n","protected":false},"excerpt":{"rendered":"<p>SAMEDI 8 f\u00e9vrier de 14h00 \u00e0 18h00 R\u00e9v\u00e9lez la VOIX M\u00c9DECINE du corps, lib\u00e9rez votre voix m\u00e9decine et transformez votre \u00e9nergie en une journ\u00e9e! Un moment de ressourcement gr\u00e2ce \u00e0 la puissance b\u00e9n\u00e9fique de notre voix et la connexion au rythme. Les chants m\u00e9decines, le rythme et des techniques vocales simples et efficaces pour explorer le potentiel \u00e9nerg\u00e9tique de la voix ainsi que les dimensions th\u00e9rapeutiques pour un bien-\u00eatre profond. Un travail de connexion et des dynamiques de cercle. Ce stage est fait pour vous si : -Vous souhaitez am\u00e9liorer votre technique vocale autrement. -Vous \u00eates curieux(se) des bienfaits du chant sur le corps et l&rsquo;esprit. -Vous cherchez un moment pour vous ressourcer et vous reconnecter \u00e0 vous-m\u00eame. -Vous cherchez un moment pour \u00eatre en communaut\u00e9 et chanter ensemble Nous allons explorer: -Un r\u00e9pertoire des chants m\u00e9decine d\u2019Am\u00e9rique latine -Percussion corporelle et voix -Techniques vocales pour lib\u00e9rer votre voix authentique -Dynamiques de cercle, chant improvis\u00e9 et c\u00e9l\u00e9bration Je suis Natalia Flor, doublement dipl\u00f4m\u00e9e d&rsquo;\u00e9tat comme professeur de chant et technique vocale, lead MDC, chanteuse et musicienne, mais principalement passionn\u00e9e par la voix et l&rsquo;expression comme un arme pour lutter contre la tristesse, l&rsquo;ennui et la manque de sens, car quand on chant les pens\u00e9es n\u00e9gatifs s\u2019\u00e9loignent et l&rsquo;acte de chanter prends un sens plus importante que le fait de faire jolie. Chanter pour se faire du bien et partager, cr\u00e9er cette joie qui est multipli\u00e9 quand on le fait ensemble, \u00e0 plusieurs, en cercle. Je vous attends le c\u0153ur ouvert et r\u00e9sonnant! Natalia Cette journ\u00e9e est d\u00e9di\u00e9 \u00e0 un public adulte, ouvert \u00e0 d\u00e9couvrir sa voix et l&rsquo;univers de chants m\u00e9decine. Si vous souhaitez me contacter pour savoir si le programme vous conviens faites moi un message par mail ou en commentaires soi avant de vous inscrire ou apr\u00e8s pour notifier de votre pr\u00e9sence et recevoir un mail avec l&rsquo;adresse compl\u00e8te du lieu. Tarif : 40 \u20ac Toute inscription est non remboursable.<\/p>\n","protected":false},"author":2,"featured_media":0,"parent":0,"menu_order":0,"comment_status":"closed","ping_status":"closed","template":"","meta":{"footnotes":""},"class_list":["post-748","page","type-page","status-publish","hentry"],"_links":{"self":[{"href":"https:\/\/voixducorps.com\/index.php?rest_route=\/wp\/v2\/pages\/748","targetHints":{"allow":["GET"]}}],"collection":[{"href":"https:\/\/voixducorps.com\/index.php?rest_route=\/wp\/v2\/pages"}],"about":[{"href":"https:\/\/voixducorps.com\/index.php?rest_route=\/wp\/v2\/types\/page"}],"author":[{"embeddable":true,"href":"https:\/\/voixducorps.com\/index.php?rest_route=\/wp\/v2\/users\/2"}],"replies":[{"embeddable":true,"href":"https:\/\/voixducorps.com\/index.php?rest_route=%2Fwp%2Fv2%2Fcomments&post=748"}],"version-history":[{"count":20,"href":"https:\/\/voixducorps.com\/index.php?rest_route=\/wp\/v2\/pages\/748\/revisions"}],"predecessor-version":[{"id":870,"href":"https:\/\/voixducorps.com\/index.php?rest_route=\/wp\/v2\/pages\/748\/revisions\/870"}],"wp:attachment":[{"href":"https:\/\/voixducorps.com\/index.php?rest_route=%2Fwp%2Fv2%2Fmedia&parent=748"}],"curies":[{"name":"wp","href":"https:\/\/api.w.org\/{rel}","templated":true}]}}