{"id":984,"date":"2025-02-25T19:48:58","date_gmt":"2025-02-25T18:48:58","guid":{"rendered":"https:\/\/voixducorps.com\/?page_id=984"},"modified":"2025-02-25T19:48:58","modified_gmt":"2025-02-25T18:48:58","slug":"stage-la-voix-medecine-du-corps","status":"publish","type":"page","link":"https:\/\/voixducorps.com\/?page_id=984","title":{"rendered":"Stage &#8211; La Voix M\u00e9decine du corps"},"content":{"rendered":"\n<p><strong>La Voix M\u00e9decine du Corps &#8211; Exploration Somatique et cr\u00e9ative de la Voix Primordiale<\/strong><\/p>\n\n\n<div class=\"wp-block-image\">\n<figure class=\"alignright size-large is-resized\"><img data-dominant-color=\"3a867d\" data-has-transparency=\"false\" loading=\"lazy\" decoding=\"async\" width=\"819\" height=\"1024\" sizes=\"auto, (max-width: 819px) 100vw, 819px\" src=\"https:\/\/voixducorps.com\/wp-content\/uploads\/2025\/02\/LA-VOIX-MEDECINE-DU-CORPS-819x1024.avif\" alt=\"La Voix M\u00e9decine du corps\" class=\"wp-image-988 not-transparent\" style=\"--dominant-color: #3a867d; width:378px;height:auto\" srcset=\"https:\/\/voixducorps.com\/wp-content\/uploads\/2025\/02\/LA-VOIX-MEDECINE-DU-CORPS-819x1024.avif 819w, https:\/\/voixducorps.com\/wp-content\/uploads\/2025\/02\/LA-VOIX-MEDECINE-DU-CORPS-240x300.avif 240w, https:\/\/voixducorps.com\/wp-content\/uploads\/2025\/02\/LA-VOIX-MEDECINE-DU-CORPS-768x960.avif 768w, https:\/\/voixducorps.com\/wp-content\/uploads\/2025\/02\/LA-VOIX-MEDECINE-DU-CORPS.avif 1080w\" \/><figcaption class=\"wp-element-caption\">Natalia Flor Magliano<\/figcaption><\/figure>\n<\/div>\n\n\n<p>Explorez les territoires inexplor\u00e9s de votre voix \u00e0 travers une approche somatique et cr\u00e9ative. Ce stage vous invite \u00e0 une immersion profonde dans votre corps et votre expression vocale, pour r\u00e9v\u00e9ler la richesse de votre voix authentique.<\/p>\n\n\n\n<p><strong>Au programme :<\/strong><\/p>\n\n\n\n<ul class=\"wp-block-list\">\n<li><strong>Fondements somatiques de la voix :<\/strong> D\u00e9couvrez comment la voix est ancr\u00e9e dans le corps, et comment les mouvements et les sensations corporelles influencent votre expression vocale.<\/li>\n\n\n\n<li><strong>Exploration et restauration vocale :<\/strong> Exp\u00e9rimentez des techniques pour lib\u00e9rer les tensions physiques et red\u00e9couvrir la fluidit\u00e9 de votre voix.<\/li>\n\n\n\n<li><strong>Espace somatique et cr\u00e9atif :<\/strong> Cr\u00e9ez un espace int\u00e9rieur propice \u00e0 l&rsquo;exploration sensorielle et \u00e0 l&rsquo;expression cr\u00e9ative \u00e0 travers le son.<\/li>\n\n\n\n<li><strong>Rencontre avec l&rsquo;histoire de votre voix :<\/strong> Espace premier d&rsquo;expression sur l&rsquo;axe de la berceuse.\n<ul class=\"wp-block-list\">\n<li><strong>Les chants m\u00e9decine d&rsquo;Am\u00e9rique latine :<\/strong> facilitant l\u2019acc\u00e8s \u00e0 un langage universel qui r\u00e9veil l&rsquo;ancestralit\u00e9 individuel.<\/li>\n<\/ul>\n<\/li>\n<\/ul>\n\n\n\n<p><strong>Ce stage est id\u00e9al pour :<\/strong><\/p>\n\n\n\n<ul class=\"wp-block-list\">\n<li>Toute personne curieuse d&rsquo;explorer les liens entre le corps et la voix.<\/li>\n\n\n\n<li>Les artistes (chanteurs, danseurs, com\u00e9diens) souhaitant enrichir leur pratique cr\u00e9ative.<\/li>\n\n\n\n<li>Les personnes int\u00e9ress\u00e9es par l&rsquo;exploration somatique et l&rsquo;expression sensorielle et par un espace restaurateur.<\/li>\n\n\n\n<li>Ceux qui cherchent \u00e0 d\u00e9velopper leur potentiel cr\u00e9atif \u00e0 travers la voix.<\/li>\n<\/ul>\n\n\n\n<p><strong>Informations pratiques :<\/strong><\/p>\n\n\n\n<ul class=\"wp-block-list\">\n<li>Lieu : <a href=\"https:\/\/www.google.com\/maps\/place\/9+Rue+du+Pr%C3%A9sident+%C3%89douard+Herriot,+69001+Lyon\/@45.7662484,4.8343313,20.75z\/data=!4m6!3m5!1s0x47f4eaff27f50333:0xd14d355eba6b1836!8m2!3d45.766232!4d4.8344889!16s%2Fg%2F11c5f1rp0v?entry=ttu&amp;g_ep=EgoyMDI1MDExNS4wIKXMDSoASAFQAw%3D%3D\" target=\"_blank\" rel=\"noreferrer noopener\"><strong>9 Rue du Pr\u00e9sident \u00c9douard Herriot, 69001 Lyon<\/strong><\/a><\/li>\n\n\n\n<li>Dates : 15 &amp; 16 mars<\/li>\n\n\n\n<li>Tarif : 200 \u20ac<\/li>\n\n\n\n<li>Inscription : Pr\u00e9inscription de 50 \u20ac, en cliquant sur le bouton ci dessous. La suite de 150 \u20ac il serais en pr\u00e9sentiel le premier jour de stage. (tout pr\u00e9inscription est non remboursable mais elle peut-\u00eatre valable pour un autre stage ou activit\u00e9).<\/li>\n<\/ul>\n\n\n\n<div style=\"height:32px\" aria-hidden=\"true\" class=\"wp-block-spacer\"><\/div>\n\n\n<p><script async\n  src=\"https:\/\/js.stripe.com\/v3\/buy-button.js\">\n<\/script><\/p>\n<p><stripe-buy-button\n  buy-button-id=\"buy_btn_1QwT8TG4HmNc0HTpbfK5tSyl\"\n  publishable-key=\"pk_live_51Q8htCG4HmNc0HTpUHGnvynRZRIeMkCVhsVspuuidv5FwpZvoF0LO42YfaMyBUc1DMNfCRs0Kg6pW1Ji1P61Pwrz00k4UQ1Awt\"\n><br \/>\n<\/stripe-buy-button><\/p>\n\n\n\n<div style=\"height:38px\" aria-hidden=\"true\" class=\"wp-block-spacer\"><\/div>\n\n\n\n<p>Pour ce stage il n&rsquo;y \u00e0 pas niveau de chant pr\u00e9requis m\u00eame si le type d&rsquo;exploration est pratiqu\u00e9 \u00e0 un niveau avanc\u00e9, vous pouvez participer \u00e0 ce stage si vous \u00eates motiv\u00e9e par un esprit ouvert \u00e0 la d\u00e9couvert et \u00e0 l&rsquo;exploration corporelle, vocale et de votre aspect symbolique personnelle. Pr\u00e9requis n\u00e9cessaire pour se sentir \u00e0 sa place dans ce type de proposition, raison pour laquelle je vous invite \u00e0 me contacter au travers le formulaire en bas de page ou par WhatAapp avant votre pr\u00e9inscription pour confirmer que ce stage vous corresponds. <\/p>\n\n\n\n<p>Ce stage fait partie de la formation en Voix M\u00e9decine du corps ANCESTRA, il peut \u00eatre pris en mode isol\u00e9 mais je vous invite aussi \u00e0 regarder la formation dans sa totalit\u00e9.<\/p>\n\n\n\n<p>Je vous attends pour un week-end r\u00e9parateur et cr\u00e9atif.<\/p>\n","protected":false},"excerpt":{"rendered":"<p>La Voix M\u00e9decine du Corps &#8211; Exploration Somatique et cr\u00e9ative de la Voix Primordiale Explorez les territoires inexplor\u00e9s de votre voix \u00e0 travers une approche somatique et cr\u00e9ative. Ce stage vous invite \u00e0 une immersion profonde dans votre corps et votre expression vocale, pour r\u00e9v\u00e9ler la richesse de votre voix authentique. Au programme : Ce stage est id\u00e9al pour : Informations pratiques : Pour ce stage il n&rsquo;y \u00e0 pas niveau de chant pr\u00e9requis m\u00eame si le type d&rsquo;exploration est pratiqu\u00e9 \u00e0 un niveau avanc\u00e9, vous pouvez participer \u00e0 ce stage si vous \u00eates motiv\u00e9e par un esprit ouvert \u00e0 la d\u00e9couvert et \u00e0 l&rsquo;exploration corporelle, vocale et de votre aspect symbolique personnelle. Pr\u00e9requis n\u00e9cessaire pour se sentir \u00e0 sa place dans ce type de proposition, raison pour laquelle je vous invite \u00e0 me contacter au travers le formulaire en bas de page ou par WhatAapp avant votre pr\u00e9inscription pour confirmer que ce stage vous corresponds. Ce stage fait partie de la formation en Voix M\u00e9decine du corps ANCESTRA, il peut \u00eatre pris en mode isol\u00e9 mais je vous invite aussi \u00e0 regarder la formation dans sa totalit\u00e9. Je vous attends pour un week-end r\u00e9parateur et cr\u00e9atif.<\/p>\n","protected":false},"author":2,"featured_media":0,"parent":0,"menu_order":0,"comment_status":"closed","ping_status":"closed","template":"","meta":{"footnotes":""},"class_list":["post-984","page","type-page","status-publish","hentry"],"_links":{"self":[{"href":"https:\/\/voixducorps.com\/index.php?rest_route=\/wp\/v2\/pages\/984","targetHints":{"allow":["GET"]}}],"collection":[{"href":"https:\/\/voixducorps.com\/index.php?rest_route=\/wp\/v2\/pages"}],"about":[{"href":"https:\/\/voixducorps.com\/index.php?rest_route=\/wp\/v2\/types\/page"}],"author":[{"embeddable":true,"href":"https:\/\/voixducorps.com\/index.php?rest_route=\/wp\/v2\/users\/2"}],"replies":[{"embeddable":true,"href":"https:\/\/voixducorps.com\/index.php?rest_route=%2Fwp%2Fv2%2Fcomments&post=984"}],"version-history":[{"count":6,"href":"https:\/\/voixducorps.com\/index.php?rest_route=\/wp\/v2\/pages\/984\/revisions"}],"predecessor-version":[{"id":1008,"href":"https:\/\/voixducorps.com\/index.php?rest_route=\/wp\/v2\/pages\/984\/revisions\/1008"}],"wp:attachment":[{"href":"https:\/\/voixducorps.com\/index.php?rest_route=%2Fwp%2Fv2%2Fmedia&parent=984"}],"curies":[{"name":"wp","href":"https:\/\/api.w.org\/{rel}","templated":true}]}}